{"id":1574,"date":"2018-03-21T12:01:41","date_gmt":"2018-03-21T11:01:41","guid":{"rendered":"http:\/\/univet.hu\/about\/library\/documents\/"},"modified":"2018-03-21T13:45:15","modified_gmt":"2018-03-21T12:45:15","slug":"documents","status":"publish","type":"page","link":"https:\/\/univet.hu\/en\/about\/library\/info\/documents\/","title":{"rendered":"Documents"},"content":{"rendered":"<p><strong>Only in Hungarian!<\/strong><\/p> <p><a href=\"http:\/\/konyvtar.univet.hu\/wp-content\/uploads\/2017\/08\/ugyrend_alairt.pdf\" data-replaced=\"true\">\u00c1llatorvostudom\u00e1nyi Egyetem Hut\u00ffra Ferenc K\u00f6nyvt\u00e1r, Lev\u00e9lt\u00e1r \u00e9s M\u00fazeum \u00dcgyrendje<\/a><br \/> <a href=\"http:\/\/konyvtar.univet.hu\/wp-content\/uploads\/2017\/08\/ugyrend_1melleklet_belyegzok.pdf\" data-replaced=\"true\">1. mell\u00e9klet: A Hutyra Ferenc K\u00f6nyvt\u00e1r, Lev\u00e9lt\u00e1r \u00e9s M\u00fazeum b\u00e9lyegz\u0151inek lenyomata<\/a><\/p> <p><a href=\"http:\/\/konyvtar.univet.hu\/wp-content\/uploads\/2017\/08\/ugyrend_2melleklet.pdf\" data-replaced=\"true\">2. mell\u00e9klet: A Hutyra Ferenc K\u00f6nyvt\u00e1r, Lev\u00e9lt\u00e1r \u00e9s M\u00fazeum gy\u0171jt\u0151k\u00f6ri \u00e9s gy\u0171jtem\u00e9nyszervez\u00e9si szab\u00e1lyzata<\/a><\/p> <p><a href=\"http:\/\/konyvtar.univet.hu\/wp-content\/uploads\/2017\/08\/ugyrend_3melleklet.pdf\" data-replaced=\"true\">3. mell\u00e9klet: A Hut\u00ffra Ferenc K\u00f6nyvt\u00e1r haszn\u00e1lati szab\u00e1lyzata<\/a><\/p> <p><a href=\"http:\/\/konyvtar.univet.hu\/wp-content\/uploads\/2017\/08\/ugyrend_4melleklet.pdf\" data-replaced=\"true\">4. mell\u00e9klet: A Magyary-Kossa Szakmat\u00f6rt\u00e9neti K\u00f6nyvgy\u0171jtem\u00e9ny haszn\u00e1lati szab\u00e1lyzata<\/a><\/p> <p><a href=\"http:\/\/konyvtar.univet.hu\/wp-content\/uploads\/2017\/08\/ugyrend_5melleklet_tanszeki.pdf\" data-replaced=\"true\">5. mell\u00e9klet: \u00datmutat\u00f3 a tansz\u00e9ki k\u00f6nyvt\u00e1rak kezel\u00e9s\u00e9hez<\/a><\/p> <p><a href=\"http:\/\/konyvtar.univet.hu\/wp-content\/uploads\/2017\/08\/leveltari_ugyrend_2017_A2.pdf\" data-replaced=\"true\">6. mell\u00e9klet: Az \u00c1llatorvostudom\u00e1nyi Egyetem lev\u00e9lt\u00e1r\u00e1nak kutat\u00f3termi szab\u00e1lyzata<\/a><\/p> <p><a href=\"http:\/\/konyvtar.univet.hu\/wp-content\/uploads\/2017\/08\/ugyrend_7_melleklet_A7.pdf\" data-replaced=\"true\">7. mell\u00e9klet: A Hut\u00ffra Ferenc K\u00f6nyvt\u00e1r, Lev\u00e9lt\u00e1r \u00e9s M\u00fazeum m\u0171k\u00f6d\u00e9s\u00e9t meghat\u00e1roz\u00f3 f\u0151bb jogszab\u00e1lyok, szabv\u00e1nyok \u00e9s szab\u00e1lyzatok<\/a><\/p> <p><a href=\"http:\/\/libtest.univet.hu\/?page_id=182\" data-replaced=\"true\">Az \u00c1llatorvos-t\u00f6rt\u00e9neti Gy\u0171jtem\u00e9ny k\u00fcldet\u00e9snyilatkozata<\/a><br \/> <a href=\"http:\/\/konyvtar.univet.hu\/wp-content\/uploads\/2017\/08\/Minosegpolitikai_nyilatkozat.pdf\" data-replaced=\"true\">Min\u0151s\u00e9gpolitikai nyilatkozat<\/a><br \/> <a href=\"http:\/\/konyvtar.univet.hu\/wp-content\/uploads\/2017\/08\/strategia_2014_2018_AOTKLM.pdf\" data-replaced=\"true\">Szent Istv\u00e1n Egyetem \u00c1llatorvos-tudom\u00e1nyi K\u00f6nyvt\u00e1r, Lev\u00e9lt\u00e1r \u00e9s M\u00fazeum Strat\u00e9giai fejleszt\u00e9si terv (2014-2018)<\/a><\/p> <p>Kor\u00e1bbi dokumentumok:<\/p> <ul> <li><a href=\"http:\/\/konyvtar.univet.hu\/wp-content\/uploads\/2017\/08\/strategia_2008_2013.pdf\" data-replaced=\"true\">Szent Istv\u00e1n Egyetem \u00c1llatorvos-tudom\u00e1nyi K\u00f6nyvt\u00e1r, Lev\u00e9lt\u00e1r \u00e9s M\u00fazeum Strat\u00e9giai fejleszt\u00e9si terv (2008-2013)<\/a><\/li> <\/ul> <p>Besz\u00e1mol\u00f3k: az int\u00e9zm\u00e9ny besz\u00e1mol\u00f3i el\u00e9rhet\u0151k az Egyetemi intraneten a K\u00f6nyvt\u00e1r\/ Besz\u00e1mol\u00f3k men\u00fcpontban.<\/p>","protected":false},"excerpt":{"rendered":"<p>Only in Hungarian! \u00c1llatorvostudom\u00e1nyi Egyetem Hut\u00ffra Ferenc K\u00f6nyvt\u00e1r, Lev\u00e9lt\u00e1r \u00e9s M\u00fazeum \u00dcgyrendje 1. mell\u00e9klet: A Hutyra Ferenc K\u00f6nyvt\u00e1r, Lev\u00e9lt\u00e1r \u00e9s M\u00fazeum b\u00e9lyegz\u0151inek lenyomata 2. mell\u00e9klet: A Hutyra Ferenc K\u00f6nyvt\u00e1r, Lev\u00e9lt\u00e1r \u00e9s M\u00fazeum gy\u0171jt\u0151k\u00f6ri \u00e9s gy\u0171jtem\u00e9nyszervez\u00e9si szab\u00e1lyzata 3. mell\u00e9klet: A Hut\u00ffra Ferenc K\u00f6nyvt\u00e1r haszn\u00e1lati szab\u00e1lyzata 4. mell\u00e9klet: A Magyary-Kossa Szakmat\u00f6rt\u00e9neti K\u00f6nyvgy\u0171jtem\u00e9ny haszn\u00e1lati szab\u00e1lyzata 5. mell\u00e9klet: \u00datmutat\u00f3<\/p>\n","protected":false},"author":1,"featured_media":0,"parent":1683,"menu_order":279,"comment_status":"closed","ping_status":"closed","template":"","meta":{"_acf_changed":false,"footnotes":""},"categories":[],"tags":[],"class_list":["post-1574","page","type-page","status-publish","hentry"],"acf":[],"_links":{"self":[{"href":"https:\/\/univet.hu\/en\/wp-json\/wp\/v2\/pages\/1574","targetHints":{"allow":["GET"]}}],"collection":[{"href":"https:\/\/univet.hu\/en\/wp-json\/wp\/v2\/pages"}],"about":[{"href":"https:\/\/univet.hu\/en\/wp-json\/wp\/v2\/types\/page"}],"author":[{"embeddable":true,"href":"https:\/\/univet.hu\/en\/wp-json\/wp\/v2\/users\/1"}],"replies":[{"embeddable":true,"href":"https:\/\/univet.hu\/en\/wp-json\/wp\/v2\/comments?post=1574"}],"version-history":[{"count":0,"href":"https:\/\/univet.hu\/en\/wp-json\/wp\/v2\/pages\/1574\/revisions"}],"up":[{"embeddable":true,"href":"https:\/\/univet.hu\/en\/wp-json\/wp\/v2\/pages\/1683"}],"wp:attachment":[{"href":"https:\/\/univet.hu\/en\/wp-json\/wp\/v2\/media?parent=1574"}],"wp:term":[{"taxonomy":"category","embeddable":true,"href":"https:\/\/univet.hu\/en\/wp-json\/wp\/v2\/categories?post=1574"},{"taxonomy":"post_tag","embeddable":true,"href":"https:\/\/univet.hu\/en\/wp-json\/wp\/v2\/tags?post=1574"}],"curies":[{"name":"wp","href":"https:\/\/api.w.org\/{rel}","templated":true}]}}