{"id":1578,"date":"2018-03-21T12:01:48","date_gmt":"2018-03-21T11:01:48","guid":{"rendered":"http:\/\/univet.hu\/about\/library\/sponsors\/"},"modified":"2018-03-21T13:45:31","modified_gmt":"2018-03-21T12:45:31","slug":"sponsors","status":"publish","type":"page","link":"https:\/\/univet.hu\/en\/about\/library\/info\/sponsors\/","title":{"rendered":"Sponsors"},"content":{"rendered":"<p>The\u00a0<strong>Veterinary Science Library, Archives and Museum\u00a0<\/strong>as well as its users thank all those who supported the library, archives or museum with their donations, work, good pieces of advice or contribution paid in 2016.<\/p> <p>Aujeszky Lenke, Debrecenin\u00e9<br \/> Baluka Csaba, Fekete-P\u00e1rizs Edit<br \/> Brydl Endre<br \/> EuVet Bt<br \/> Feh\u00e9r Dezs\u0151<br \/> F\u00f6ldi J\u00f3zsef<br \/> G\u00e1sp\u00e1rdy Andr\u00e1s<br \/> Gidr\u00f3 T\u00edmea<br \/> Hoffmann Zsuzsanna SZTE \u00d3kort\u00f6rt\u00e9neti tansz\u00e9k<br \/> Intervet Hungaria Kft. (B\u00faza L\u00e1szl\u00f3, Pord\u00e1n Mikl\u00f3s)<br \/> Jonathan Collins<br \/> Jurkovich Viktor<br \/> K\u00f3tai Istv\u00e1n<br \/> Kov\u00e1cs \u00c1gnes<br \/> Kov\u00e1cs Rezs\u0151<br \/> Lomniczy B\u00e9la<br \/> Magyar Haltani T\u00e1rsas\u00e1g<br \/> Magyar Orvost\u00f6rt\u00e9neti T\u00e1rsas\u00e1g<br \/> M\u00c1OK<br \/> M\u00e1rkus B\u00e1lint<br \/> Melanie Lean<br \/> Mez\u0151gazda Kiad\u00f3<br \/> Moln\u00e1r Viktor<br \/> Nagy P\u00e9ter dr.<br \/> Per\u00e9nyi J\u00e1nos<br \/> Sebesty\u00e9n Zsolt<br \/> Szab\u00f3 Istv\u00e1n<br \/> Szenci Ott\u00f3<br \/> SZIE \u00c1OTK Tov\u00e1bbk\u00e9pz\u00e9s<br \/> Szita G\u00e9za<br \/> Szlat\u00e9nyi Magdolna<br \/> Tov\u00e1bbk\u00e9pz\u00e9si \u00e9s Kutat\u00e1sszervez\u00e9si K\u00f6zpont<br \/> Ujhelyi S\u00e1ndor<br \/> Veres-Ny\u00e9ki Kata<br \/> Vertel Beatrix<\/p>","protected":false},"excerpt":{"rendered":"<p>The\u00a0Veterinary Science Library, Archives and Museum\u00a0as well as its users thank all those who supported the library, archives or museum with their donations, work, good pieces of advice or contribution paid in 2016. Aujeszky Lenke, Debrecenin\u00e9 Baluka Csaba, Fekete-P\u00e1rizs Edit Brydl Endre EuVet Bt Feh\u00e9r Dezs\u0151 F\u00f6ldi J\u00f3zsef G\u00e1sp\u00e1rdy Andr\u00e1s Gidr\u00f3 T\u00edmea Hoffmann Zsuzsanna SZTE<\/p>\n","protected":false},"author":1,"featured_media":0,"parent":1683,"menu_order":285,"comment_status":"closed","ping_status":"closed","template":"","meta":{"_acf_changed":false,"footnotes":""},"categories":[],"tags":[],"class_list":["post-1578","page","type-page","status-publish","hentry"],"acf":[],"_links":{"self":[{"href":"https:\/\/univet.hu\/en\/wp-json\/wp\/v2\/pages\/1578","targetHints":{"allow":["GET"]}}],"collection":[{"href":"https:\/\/univet.hu\/en\/wp-json\/wp\/v2\/pages"}],"about":[{"href":"https:\/\/univet.hu\/en\/wp-json\/wp\/v2\/types\/page"}],"author":[{"embeddable":true,"href":"https:\/\/univet.hu\/en\/wp-json\/wp\/v2\/users\/1"}],"replies":[{"embeddable":true,"href":"https:\/\/univet.hu\/en\/wp-json\/wp\/v2\/comments?post=1578"}],"version-history":[{"count":0,"href":"https:\/\/univet.hu\/en\/wp-json\/wp\/v2\/pages\/1578\/revisions"}],"up":[{"embeddable":true,"href":"https:\/\/univet.hu\/en\/wp-json\/wp\/v2\/pages\/1683"}],"wp:attachment":[{"href":"https:\/\/univet.hu\/en\/wp-json\/wp\/v2\/media?parent=1578"}],"wp:term":[{"taxonomy":"category","embeddable":true,"href":"https:\/\/univet.hu\/en\/wp-json\/wp\/v2\/categories?post=1578"},{"taxonomy":"post_tag","embeddable":true,"href":"https:\/\/univet.hu\/en\/wp-json\/wp\/v2\/tags?post=1578"}],"curies":[{"name":"wp","href":"https:\/\/api.w.org\/{rel}","templated":true}]}}