{"id":1580,"date":"2018-03-21T12:01:52","date_gmt":"2018-03-21T11:01:52","guid":{"rendered":"http:\/\/univet.hu\/about\/library\/self-service\/"},"modified":"2018-03-21T13:32:24","modified_gmt":"2018-03-21T12:32:24","slug":"self-service","status":"publish","type":"page","link":"https:\/\/univet.hu\/en\/about\/library\/services\/self-service\/","title":{"rendered":"Self-service"},"content":{"rendered":"<br \/> <h3>I. Nationwide services<\/h3> <ul> <li><img loading=\"lazy\" decoding=\"async\" class=\"alignright wp-image-219\" src=\"http:\/\/libtest.univet.hu\/wp-content\/uploads\/2017\/08\/logo-1.png\" data-replaced=\"true\" alt=\"\" width=\"219\" height=\"88\" \/><a href=\"http:\/\/www.odrportal.hu\/\" target=\"_blank\" rel=\"noopener\">Hungarian Shared Catalogue and Interlibrary Services<\/a>\u00a0(ODR)<br \/> A union catalogue of library holdings which enhances finding documents and interlibrary lending.<\/li> <li><a href=\"http:\/\/eisz.mtak.hu\/impresszum\/kuldetesnyilatkozat\/\" target=\"_blank\" rel=\"noopener\">Electronic Information Service<\/a><br \/> A national programme for providing students, professors and researchers of the academic world as well as nonprofit research institutes with access to international and Hungarian databases and information sources.<\/li> <li><img loading=\"lazy\" decoding=\"async\" class=\"alignright wp-image-273\" src=\"http:\/\/libtest.univet.hu\/wp-content\/uploads\/2017\/08\/mtmt.png\" data-replaced=\"true\" alt=\"\" width=\"220\" height=\"87\" srcset=\"http:\/\/konyvtar.univet.hu\/wp-content\/uploads\/2017\/08\/mtmt.png 308w, http:\/\/konyvtar.univet.hu\/wp-content\/uploads\/2017\/08\/mtmt-300x119.png 300w\" sizes=\"auto, (max-width: 220px) 100vw, 220px\" \/><a href=\"https:\/\/www.mtmt.hu\/\" target=\"_blank\" rel=\"noopener\">Hungarian National Scientific Bibliography<\/a>\u00a0&#8211; Magyar Tudom\u00e1nyos M\u0171vek T\u00e1ra (MTMT)<\/li> <\/ul> <h3><\/h3> <h3>II. Basic services<\/h3> <ul> <li>visiting the library,<\/li> <li>in-house use of the collection and electronic resources of the library,<\/li> <li>use of the catalogue and other databases at the library,<\/li> <li>information about the whole library network and services.<\/li> <\/ul> <h3>III. Document provision<\/h3> <ul> <li>borrowing<br \/> Registered users may borrow books and AV materials personally.<\/li> <li>photocopying and scanning<br \/> Photocopying and scanning can be performed by the visitor or ordered from the library.<\/li> <li>interlibrary lending (document or copy)<br \/> Documents not available locally can be ordered from other Hungarian or foreign libraries via the library.<\/li> <li>studying resources of veterinary history<br \/> The Magyary-Kossa Historic Book Collection is fully catalogued. It is possible to study old books in the reading room following the rules of research.<\/li> <li>HuVetA\u00a0(Hungarian Veterinary Archive)<br \/> Theses, dissertations, historic works (partly Open Access) are available. The library offers counselling in open access publishing.<\/li> <li>group room for studying or meetings<br \/> A possibility for students and professors for small group work and discussions (max. 5-6 persons). Booking is available free of charge.<\/li> <\/ul> <h3>IV. Information retrieval on your own or with a librarian<\/h3> <ul> <li>Hungarian Veterinary Bibliography<br \/> Bibliographic information about publications of Hungarian veterinarians.<\/li> <li>information services<br \/> Information regarding database search.<br \/> o\u00a0CAB Archives\u00a0+\u00a0CAB Abstracts: agriculture and veterinary science<br \/> o\u00a0FSTA: food science and technology<br \/> o\u00a0Web of Science,\u00a0Scopus,\u00a0Science Direct,\u00a0SpringerLink: interdisciplinary databases<br \/> o\u00a0EBSCO databases and full text collections<\/li> <li>legal information<br \/> Information about Hungarian or European legal regulations in force.<\/li> <li><a href=\"http:\/\/www.netvibes.com\/aotk\" target=\"_blank\" rel=\"noopener\">Netvibes<\/a><br \/> Link collections on the internet.<\/li> <li>referral services<br \/> Information about the Veterinary Science Library\u2019s and other libraries\u2019 collection, services, opening hours, address, etc.<\/li> <\/ul> <h3>V. Services aiding publication and scientific assessment<\/h3> <ul> <li><a href=\"https:\/\/www.mtmt.hu\/\/\" target=\"_blank\" rel=\"noopener\">Hungarian National Scientific Bibliography<\/a>\u00a0(MTMT)<br \/> Support in the use of publication databases.<\/li> <li>Methodological counselling<br \/> Support for authors of articles, books, theses, and in correct citing.<\/li> <li>information about scientometric values and issues<br \/> Information about scientometric indicators (such as impact factor, citations, indices, etc.). Scientometric analyses.<\/li> <\/ul> <h3>VI. User education and public relations<\/h3> <ul> <li>courses<br \/> Library informatics and other classroom or e-learning courses in curricular framework or ordered by the users.<\/li> <li>website<br \/> The homepage of the library always contains up-to-date information and news.<\/li> <li>Noctua<br \/> Newsletter on the homepage of the library (in Hungarian).<\/li> <li>events<br \/> The library organises different events which are open to the public.<\/li> <\/ul> <h3>VII. Support for researchers of university and veterinary history<\/h3> <ul> <li>Hungarian Veterinary Pantheon<br \/> Biographies, photos, artistic presentations, tombs of outstanding veterinarians.<\/li> <li>digital historic library<br \/> Some outstanding pieces of early veterinary history in full text, and the first volumes of the Hungarian veterinary journal, Veterinarius.<\/li> <li>archival research and information service<br \/> Research based on the material of the Archive of the Faculty of Veterinary Science.<\/li> <li>exhibitions<br \/> Permanent and temporary exhibitions at the Collection of Veterinary History, virtual museum.Basic services are free of charge. Computers can be used after registration. Information about the price of services can be found on the homepage or at the reference desk. Please, read library use regulations.It is possible to use your own computer in the library with wifi. Students of the faculty are also entitled to remote access (through VPN) to electronic databases, books and journals.<\/li> <\/ul>","protected":false},"excerpt":{"rendered":"<p>I. Nationwide services Hungarian Shared Catalogue and Interlibrary Services\u00a0(ODR) A union catalogue of library holdings which enhances finding documents and interlibrary lending. Electronic Information Service A national programme for providing students, professors and researchers of the academic world as well as nonprofit research institutes with access to international and Hungarian databases and information sources. Hungarian<\/p>\n","protected":false},"author":1,"featured_media":0,"parent":1089,"menu_order":216,"comment_status":"closed","ping_status":"closed","template":"","meta":{"_acf_changed":false,"footnotes":""},"categories":[],"tags":[],"class_list":["post-1580","page","type-page","status-publish","hentry"],"acf":[],"_links":{"self":[{"href":"https:\/\/univet.hu\/en\/wp-json\/wp\/v2\/pages\/1580","targetHints":{"allow":["GET"]}}],"collection":[{"href":"https:\/\/univet.hu\/en\/wp-json\/wp\/v2\/pages"}],"about":[{"href":"https:\/\/univet.hu\/en\/wp-json\/wp\/v2\/types\/page"}],"author":[{"embeddable":true,"href":"https:\/\/univet.hu\/en\/wp-json\/wp\/v2\/users\/1"}],"replies":[{"embeddable":true,"href":"https:\/\/univet.hu\/en\/wp-json\/wp\/v2\/comments?post=1580"}],"version-history":[{"count":0,"href":"https:\/\/univet.hu\/en\/wp-json\/wp\/v2\/pages\/1580\/revisions"}],"up":[{"embeddable":true,"href":"https:\/\/univet.hu\/en\/wp-json\/wp\/v2\/pages\/1089"}],"wp:attachment":[{"href":"https:\/\/univet.hu\/en\/wp-json\/wp\/v2\/media?parent=1580"}],"wp:term":[{"taxonomy":"category","embeddable":true,"href":"https:\/\/univet.hu\/en\/wp-json\/wp\/v2\/categories?post=1580"},{"taxonomy":"post_tag","embeddable":true,"href":"https:\/\/univet.hu\/en\/wp-json\/wp\/v2\/tags?post=1580"}],"curies":[{"name":"wp","href":"https:\/\/api.w.org\/{rel}","templated":true}]}}