{"id":1590,"date":"2018-03-21T12:02:18","date_gmt":"2018-03-21T11:02:18","guid":{"rendered":"http:\/\/univet.hu\/about\/library\/new-books\/"},"modified":"2018-03-21T13:37:09","modified_gmt":"2018-03-21T12:37:09","slug":"new-books","status":"publish","type":"page","link":"https:\/\/univet.hu\/en\/about\/library\/services\/new-books\/","title":{"rendered":"New books"},"content":{"rendered":"<br \/> <table width=\"800\"> <tbody> <tr> <td width=\"550\">Title<\/td> <td width=\"175\">Author<\/td> <td width=\"64\">Year<\/td> <\/tr> <tr> <td width=\"387\">15th conference and the 31st general assembly &#8230;of the European Holstein and Red Holstein Confederation : Budapest Hungary 17-20 September 2017<\/td> <td width=\"175\"><\/td> <td width=\"64\">[2017]<\/td> <\/tr> <tr> <td width=\"387\">Anatomie der Hauss\u00e4ugetiere : Lehrbuch und Farbatlas f\u00fcr Studium und Praxis<\/td> <td width=\"175\"><\/td> <td width=\"64\">cop. 2015<\/td> <\/tr> <tr> <td width=\"387\">Animal andrology : theories and applications<\/td> <td width=\"175\"><\/td> <td width=\"64\">[2014]<\/td> <\/tr> <tr> <td width=\"387\">Az orsz\u00e1gos f\u0151\u00e1llatorvos jelent\u00e9se az \u00e9lelmiszerl\u00e1nc-fel\u00fcgyeletr\u0151l \u00e9s az \u00e9lelmiszerl\u00e1nc-fel\u00fcgyeleti d\u00edj felhaszn\u00e1l\u00e1s\u00e1r\u00f3l 2016<\/td> <td width=\"175\">Fazekas S\u00e1ndor<\/td> <td width=\"64\">2016<\/td> <\/tr> <tr> <td width=\"387\">Blackwell&#8217;s five-minute veterinary consult: clinical companion : Small animal endocrinology and reproduction<\/td> <td width=\"175\"><\/td> <td width=\"64\">2017<\/td> <\/tr> <tr> <td width=\"387\">Blackwell&#8217;s five-minute veterinary practice management consult<\/td> <td width=\"175\">Ackerman, Lowell J.<\/td> <td width=\"64\">[2014]<\/td> <\/tr> <tr> <td width=\"387\">Cavaletti &#8211; Dressur und Springen<\/td> <td width=\"175\">Klimke, Ingrid<\/td> <td width=\"64\">2014<\/td> <\/tr> <tr> <td width=\"387\">Clinical anatomy of the horse<\/td> <td width=\"175\">Clayton, Hilary M.<\/td> <td width=\"64\">cop. 2005<\/td> <\/tr> <tr> <td width=\"387\">Clinical atlas of small animal cytology<\/td> <td width=\"175\">Burton, Andrew G.<\/td> <td width=\"64\">2017<\/td> <\/tr> <tr> <td width=\"387\">Current techniques in canine and feline neurosurgery<\/td> <td width=\"175\"><\/td> <td width=\"64\">2017<\/td> <\/tr> <tr> <td width=\"387\">Dem\u00e9ny b\u00f6lcsess\u00e9gei : 50 bizony\u00edt\u00e9k, hogy a kuty\u00e1k okosabbak az embern\u00e9l<\/td> <td width=\"175\">Magos Judit<\/td> <td width=\"64\">2017<\/td> <\/tr> <tr> <td width=\"387\">Design the dream : a veterinarian&#8217;s preconstruction primer<\/td> <td width=\"175\"><\/td> <td width=\"64\">2003<\/td> <\/tr> <tr> <td width=\"387\">Diploma 2018 : f\u0151iskol\u00e1k \u00e9s egyetemek rangsora : hvg rangsor<\/td> <td width=\"175\"><\/td> <td width=\"64\">2017<\/td> <\/tr> <tr> <td width=\"387\">Epidemiology for field veterinarians : an introduction<\/td> <td width=\"175\">Sergeant, Evan<\/td> <td width=\"64\">[2015]<\/td> <\/tr> <tr> <td width=\"387\">The equine acute abdomen<\/td> <td width=\"175\"><\/td> <td width=\"64\">2017<\/td> <\/tr> <tr> <td width=\"387\">Equine internal medicine<\/td> <td width=\"175\"><\/td> <td width=\"64\">[2018]<\/td> <\/tr> <tr> <td width=\"387\">The evolution of sex determination<\/td> <td width=\"175\">Beukeboom, Leo W.<\/td> <td width=\"64\">2014<\/td> <\/tr> <tr> <td width=\"387\">Farm animal surgery<\/td> <td width=\"175\"><\/td> <td width=\"64\">[2017]<\/td> <\/tr> <tr> <td width=\"387\">Feline anesthesia and pain management<\/td> <td width=\"175\">Steagall, Paulo<\/td> <td width=\"64\">2018<\/td> <\/tr> <tr> <td width=\"387\">Ferret medicine and surgery<\/td> <td width=\"175\">Johnson-Delaney, Cathy A.<\/td> <td width=\"64\">cop. 2017<\/td> <\/tr> <tr> <td width=\"387\">Functional anatomy and physiology of domestic animals<\/td> <td width=\"175\">Reece, William O.<\/td> <td width=\"64\">2017<\/td> <\/tr> <tr> <td width=\"387\">Guide to the dissection of the dog<\/td> <td width=\"175\">Evans, Howard Ensign<\/td> <td width=\"64\">cop. 2017<\/td> <\/tr> <tr> <td width=\"387\">Gyakorlati biogazd\u00e1lkod\u00e1s 2. : bio\u00e1llattart\u00e1s (kecske, mangalica, ty\u00fak, gy\u00f6ngyty\u00fak, m\u00e9h), kemence\u00e9p\u00edt\u00e9s \u00e9s -haszn\u00e1lat, \u00f6koszab\u00e1lyrendszer<\/td> <td width=\"175\"><\/td> <td width=\"64\">cop. 2013<\/td> <\/tr> <tr> <td width=\"387\">Hospice and palliative care for companion animals : principles and practice<\/td> <td width=\"175\"><\/td> <td width=\"64\">2017<\/td> <\/tr> <tr> <td width=\"387\">Illustrated veterinary anatomical nomenclature<\/td> <td width=\"175\"><\/td> <td width=\"64\">cop. 2012<\/td> <\/tr> <tr> <td width=\"387\">Interpretation of equine laboratory diagnostics<\/td> <td width=\"175\"><\/td> <td width=\"64\">2018<\/td> <\/tr> <tr> <td width=\"387\">An introduction to molecular evolution and phylogenetics<\/td> <td width=\"175\">Bromham, Lindell<\/td> <td width=\"64\">cop. 2016<\/td> <\/tr> <tr> <td width=\"387\">Kerti madarak \u00e9letnagys\u00e1gban<\/td> <td width=\"175\">Strau\u00df, Daniela<\/td> <td width=\"64\">2015<\/td> <\/tr> <tr> <td width=\"387\">K\u00e9t kisb\u00e9ri m\u00e9neskari l\u00f3t\u00f6rzsk\u00f6nyv-vezet\u0151, Pusztai Alajos \u00e9s Lomniczi B\u00e9la p\u00e1ly\u00e1ja &#8211; megmaradt dokumentumok alapj\u00e1n<\/td> <td width=\"175\">Lomniczi B\u00e9la<\/td> <td width=\"64\">2017<\/td> <\/tr> <tr> <td width=\"387\">Egy kutya hazat\u00e9r<\/td> <td width=\"175\">Cameron, W. Bruce<\/td> <td width=\"64\">2017<\/td> <\/tr> <tr> <td width=\"387\">Madarak \u00f6kotoxikol\u00f3gi\u00e1ja I. : elm\u00e9leti t\u00e9mak\u00f6r\u00f6k<\/td> <td width=\"175\">Budai P\u00e9ter<\/td> <td width=\"64\">2011<\/td> <\/tr> <tr> <td width=\"387\">Madarak \u00f6kotoxikol\u00f3gi\u00e1ja II. : gyakorlati t\u00e9mak\u00f6r\u00f6k<\/td> <td width=\"175\">V\u00e1rnagy L\u00e1szl\u00f3<\/td> <td width=\"64\">2011<\/td> <\/tr> <tr> <td width=\"387\">Magyar \u00e1llatorvos \u00edr\u00f3k antol\u00f3gi\u00e1ja<\/td> <td width=\"175\"><\/td> <td width=\"64\">[2017]<\/td> <\/tr> <tr> <td width=\"387\">Magyar M\u00e9h\u00e9szeti Nemzeti Program k\u00f6rnyezetterhel\u00e9si monitoringvizsg\u00e1lat 2016-2017<\/td> <td width=\"175\"><\/td> <td width=\"64\">2017<\/td> <\/tr> <tr> <td width=\"387\">A magyar \u00f3ri\u00e1sny\u00fal<\/td> <td width=\"175\">T\u00f3th Zsigmond (1967-)<\/td> <td width=\"64\">cop. 2017<\/td> <\/tr> <tr> <td width=\"387\">Manual of small animal soft tissue surgery<\/td> <td width=\"175\">Tobias, Karen M.<\/td> <td width=\"64\">2017<\/td> <\/tr> <tr> <td width=\"387\">Menyhalszapor\u00edt\u00e1s \u00e9s telep\u00edt\u00e9s a Balatonba<\/td> <td width=\"175\"><\/td> <td width=\"64\">2017<\/td> <\/tr> <tr> <td width=\"387\">Microbial food safety : a food systems approach<\/td> <td width=\"175\">Wolf-Hall, Charlene<\/td> <td width=\"64\">[2017]<\/td> <\/tr> <tr> <td width=\"387\">Mites : ecological and evolutionary analyses of life-history patterns<\/td> <td width=\"175\"><\/td> <td width=\"64\">cop. 1994<\/td> <\/tr> <tr> <td width=\"387\">Modern phylogenetic comparative methods and their application in evolutionary biology : concepts and practice<\/td> <td width=\"175\"><\/td> <td width=\"64\">2014<\/td> <\/tr> <tr> <td width=\"387\">Molecular microbial ecology manual: Volume 1-2<\/td> <td width=\"175\"><\/td> <td width=\"64\">cop. 2004<\/td> <\/tr> <tr> <td width=\"387\">Nappali lepk\u00e9ink : hat\u00e1roz\u00f3 terepre \u00e9s term\u00e9szetfot\u00f3khoz<\/td> <td width=\"175\"><\/td> <td width=\"64\">2017<\/td> <\/tr> <tr> <td width=\"387\">Oroszl\u00e1n a kanap\u00e9n : hogyan h\u00f3d\u00edtott\u00e1k meg a macsk\u00e1k a vil\u00e1got?<\/td> <td width=\"175\">Tucker, Abigail<\/td> <td width=\"64\">cop. 2017<\/td> <\/tr> <tr> <td width=\"387\">Orrv\u00e9rz\u00e9sig kutyasz\u00e1n! : &#8220;az els\u0151 magyar Iditarod indul\u00f3 kalandjai \u00e9s versenyei Alaszk\u00e1ban&#8221;<\/td> <td width=\"175\">Balogh Ott\u00f3<\/td> <td width=\"64\">2017<\/td> <\/tr> <tr> <td width=\"387\">The Parnassiinae of the world : part 6.<\/td> <td width=\"175\">Weiss, Jean-Claude<\/td> <td width=\"64\">2016<\/td> <\/tr> <tr> <td width=\"387\">The Parnassiinae of the world : part 2.<\/td> <td width=\"175\">Weiss, Jean-Claude<\/td> <td width=\"64\">1992<\/td> <\/tr> <tr> <td width=\"387\">The Parnassiinae of the world : part 1.<\/td> <td width=\"175\">Weiss, Jean-Claude<\/td> <td width=\"64\">1991<\/td> <\/tr> <tr> <td width=\"387\">Phylogenetic trees made easy : a how-to manual<\/td> <td width=\"175\">Hall, Barry G.<\/td> <td width=\"64\">cop. 2011<\/td> <\/tr> <tr> <td width=\"387\">Practical veterinary dental radiography<\/td> <td width=\"175\">Niemiec, Brook A.<\/td> <td width=\"64\">[2017]<\/td> <\/tr> <tr> <td width=\"387\">Rabbit medicine and surgery<\/td> <td width=\"175\">Keeble, Emma J.<\/td> <td width=\"64\">cop. 2016<\/td> <\/tr> <tr> <td width=\"387\">Reproductive technologies in farm animals<\/td> <td width=\"175\">Gordon, Ian<\/td> <td width=\"64\">[2017]<\/td> <\/tr> <tr> <td width=\"387\">Reproduktionsmedizin und Neonatologie von Hund und Katze<\/td> <td width=\"175\"><\/td> <td width=\"64\">cop. 2016<\/td> <\/tr> <tr> <td width=\"387\">Saunders veterinary anatomy coloring book<\/td> <td width=\"175\"><\/td> <td width=\"64\">cop. 2016<\/td> <\/tr> <tr> <td width=\"387\">Slatter&#8217;s fundamentals of veterinary ophthalmology<\/td> <td width=\"175\">Slatter, Douglas<\/td> <td width=\"64\">[2018]<\/td> <\/tr> <tr> <td width=\"387\">Small animal dermatology : a color atlas and therapeutic guide<\/td> <td width=\"175\">Hnilica, Keith A.<\/td> <td width=\"64\">cop. 2017<\/td> <\/tr> <tr> <td width=\"387\">Small animal medical differential diagnosis : A book of lists<\/td> <td width=\"175\">Thompson, Mark S.<\/td> <td width=\"64\">[2018]<\/td> <\/tr> <tr> <td width=\"387\">Szelekt\u00e1l\u00f3 hal\u00e1szat \u00e9s eszk\u00f6zei<\/td> <td width=\"175\">Kiss S\u00e1ndor<\/td> <td width=\"64\">2016<\/td> <\/tr> <tr> <td width=\"387\">The eco-physiology of avian reproduction<\/td> <td width=\"175\">P\u00e9czely P\u00e9ter (1939-)<\/td> <td width=\"64\">2017<\/td> <\/tr> <tr> <td width=\"387\">A t\u00f6rzsk\u00f6nyvi ellen\u0151rz\u00e9sbe bejelentett kanc\u00e1k \u00e9s m\u00e9nek \u00e1llom\u00e1nya<\/td> <td width=\"175\">Mih\u00f3k S\u00e1ndor (1950-)<\/td> <td width=\"64\">2017<\/td> <\/tr> <tr> <td width=\"387\">Veterinary anatomy of domestic mammals : textbook and colour atlas<\/td> <td width=\"175\"><\/td> <td width=\"64\">cop. 2014<\/td> <\/tr> <tr> <td width=\"387\">Veterinary immunology<\/td> <td width=\"175\">Tizard, Ian R.<\/td> <td width=\"64\">[2018]<\/td> <\/tr> <tr> <td width=\"387\">Veterinary medical education : a practical guide<\/td> <td width=\"175\"><\/td> <td width=\"64\">2017<\/td> <\/tr> <\/tbody> <\/table>","protected":false},"excerpt":{"rendered":"<p>Title Author Year 15th conference and the 31st general assembly &#8230;of the European Holstein and Red Holstein Confederation : Budapest Hungary 17-20 September 2017 [2017] Anatomie der Hauss\u00e4ugetiere : Lehrbuch und Farbatlas f\u00fcr Studium und Praxis cop. 2015 Animal andrology : theories and applications [2014] Az orsz\u00e1gos f\u0151\u00e1llatorvos jelent\u00e9se az \u00e9lelmiszerl\u00e1nc-fel\u00fcgyeletr\u0151l \u00e9s az \u00e9lelmiszerl\u00e1nc-fel\u00fcgyeleti d\u00edj<\/p>\n","protected":false},"author":1,"featured_media":0,"parent":1089,"menu_order":234,"comment_status":"closed","ping_status":"closed","template":"","meta":{"_acf_changed":false,"footnotes":""},"categories":[],"tags":[],"class_list":["post-1590","page","type-page","status-publish","hentry"],"acf":[],"_links":{"self":[{"href":"https:\/\/univet.hu\/en\/wp-json\/wp\/v2\/pages\/1590","targetHints":{"allow":["GET"]}}],"collection":[{"href":"https:\/\/univet.hu\/en\/wp-json\/wp\/v2\/pages"}],"about":[{"href":"https:\/\/univet.hu\/en\/wp-json\/wp\/v2\/types\/page"}],"author":[{"embeddable":true,"href":"https:\/\/univet.hu\/en\/wp-json\/wp\/v2\/users\/1"}],"replies":[{"embeddable":true,"href":"https:\/\/univet.hu\/en\/wp-json\/wp\/v2\/comments?post=1590"}],"version-history":[{"count":0,"href":"https:\/\/univet.hu\/en\/wp-json\/wp\/v2\/pages\/1590\/revisions"}],"up":[{"embeddable":true,"href":"https:\/\/univet.hu\/en\/wp-json\/wp\/v2\/pages\/1089"}],"wp:attachment":[{"href":"https:\/\/univet.hu\/en\/wp-json\/wp\/v2\/media?parent=1590"}],"wp:term":[{"taxonomy":"category","embeddable":true,"href":"https:\/\/univet.hu\/en\/wp-json\/wp\/v2\/categories?post=1590"},{"taxonomy":"post_tag","embeddable":true,"href":"https:\/\/univet.hu\/en\/wp-json\/wp\/v2\/tags?post=1590"}],"curies":[{"name":"wp","href":"https:\/\/api.w.org\/{rel}","templated":true}]}}