{"id":1594,"date":"2018-03-21T12:02:22","date_gmt":"2018-03-21T11:02:22","guid":{"rendered":"http:\/\/univet.hu\/about\/library\/library-newsletter\/"},"modified":"2018-03-21T13:37:33","modified_gmt":"2018-03-21T12:37:33","slug":"library-newsletter","status":"publish","type":"page","link":"https:\/\/univet.hu\/en\/about\/library\/services\/library-newsletter\/","title":{"rendered":"Library newsletter"},"content":{"rendered":"<div class=\"page-header\"> <h2>Noctua &#8211; Library newsletter<\/h2> <\/p><\/div> <div> <p>Noctua is an online newsletter edited by the Veterinary Science Library for veterinarians and the readers of the library.<\/p> <p>In the\u00a0<a href=\"http:\/\/huveta.hu\/handle\/10832\/33\" data-replaced=\"true\">Archives of the newsletter<\/a>\u00a0you can find all the issues beginning with 1997 to date.<\/p> <p><strong>\u00a02017<br \/> <\/strong><\/p> <ul> <li><a href=\"http:\/\/hdl.handle.net\/10832\/1720\" data-replaced=\"true\">Noctua 21. \u00e9vf. 3. sz\u00e1m (2017)<\/a><\/li> <li><a href=\"http:\/\/hdl.handle.net\/10832\/1718\" data-replaced=\"true\" target=\"_blank\" rel=\"noopener\">Noctua 21. \u00e9vf. 2. sz\u00e1m (2017)<\/a><\/li> <li><a href=\"http:\/\/hdl.handle.net\/10832\/1717\" data-replaced=\"true\" target=\"_blank\" rel=\"noopener\">Noctua 21. \u00e9vf. 1. sz\u00e1m (2017)<\/a><\/li> <\/ul> <p><strong>2016<\/strong><\/p> <ul> <li><a href=\"http:\/\/hdl.handle.net\/10832\/1701\" data-replaced=\"true\" target=\"_blank\" rel=\"noopener\">Noctua 20. \u00e9vf. 4. sz\u00e1m (2016)<\/a><\/li> <li><a href=\"http:\/\/hdl.handle.net\/10832\/1577\" data-replaced=\"true\" target=\"_blank\" rel=\"noopener\">Noctua 20. \u00e9vf. 3. sz\u00e1m (2016)<\/a><\/li> <li><a href=\"http:\/\/hdl.handle.net\/10832\/1576\" data-replaced=\"true\" target=\"_blank\" rel=\"noopener\">Noctua 20. \u00e9vf. 2. sz\u00e1m (2016)<\/a><\/li> <li><a href=\"http:\/\/www.huveta.hu\/handle\/10832\/1410\" data-replaced=\"true\" target=\"_blank\" rel=\"noopener\">Noctua 20. \u00e9vf. 1. sz\u00e1m (2016)<\/a><\/li> <\/ul> <p><strong>2015<\/strong><\/p> <ul> <li><a href=\"http:\/\/huveta.hu\/handle\/10832\/1387\" data-replaced=\"true\" target=\"_blank\" rel=\"noopener\">Noctua 19. \u00e9vf. 4. sz\u00e1m (2015)<\/a><\/li> <li><a href=\"http:\/\/huveta.hu\/handle\/10832\/1384\" data-replaced=\"true\" target=\"_blank\" rel=\"noopener\">Noctua 19. \u00e9vf. 3. sz\u00e1m (2015)<\/a><\/li> <li><a href=\"http:\/\/huveta.hu\/handle\/10832\/1379\" data-replaced=\"true\" target=\"_blank\" rel=\"noopener\">Noctua 19. \u00e9vf. 2. sz\u00e1m (2015)<br \/> <\/a><\/li> <li><a href=\"http:\/\/www.huveta.hu\/handle\/10832\/1336\" data-replaced=\"true\" target=\"_blank\" rel=\"noopener\">Noctua 19. \u00e9vf. 1. sz\u00e1m (2015)<\/a><\/li> <\/ul> <p><strong>2014<\/strong><\/p> <ul> <li><a href=\"http:\/\/hdl.handle.net\/10832\/1206\" data-replaced=\"true\" target=\"_blank\" rel=\"noopener\">Noctua 18. \u00e9vf. 4. sz\u00e1m (2014)<\/a><\/li> <li><a title=\"Noctua 18. \u00e9vf. 3. sz\u00e1m (2014)\" href=\"http:\/\/www.huveta.hu\/handle\/10832\/1203\" data-replaced=\"true\" target=\"_blank\" rel=\"bookmark noopener\">Noctua 18. \u00e9vf. 3. sz\u00e1m (2014)<\/a><\/li> <li><a href=\"http:\/\/hdl.handle.net\/10832\/1086\" data-replaced=\"true\" target=\"_blank\" rel=\"noopener\">Noctua 18. \u00e9vf. 2. sz\u00e1m (2014)<\/a><\/li> <li><a title=\"Noctua 18. \u00e9vf. 1. sz\u00e1m (2014)\" href=\"http:\/\/www.huveta.hu\/handle\/10832\/1202\" data-replaced=\"true\" target=\"_blank\" rel=\"bookmark noopener\">Noctua 18. \u00e9vf. 1. sz\u00e1m (2014)<\/a><\/li> <\/ul> <p><strong>2013<\/strong><\/p> <ul> <li><a href=\"http:\/\/huveta.hu\/handle\/10832\/887\" data-replaced=\"true\" target=\"_blank\" rel=\"noopener\">Noctua 17. \u00e9vf. 4. sz\u00e1m (2013)<\/a><\/li> <li><a href=\"http:\/\/huveta.hu\/handle\/10832\/906\" data-replaced=\"true\" target=\"_blank\" rel=\"noopener\">Noctua 17. \u00e9vf. 3. sz\u00e1m (2013)<\/a><\/li> <li><a href=\"http:\/\/huveta.hu\/handle\/10832\/907\" data-replaced=\"true\" target=\"_blank\" rel=\"noopener\">Noctua 17. \u00e9vf. 2. sz\u00e1m (2013)<\/a><\/li> <li><a href=\"http:\/\/huveta.hu\/handle\/10832\/908\" data-replaced=\"true\" target=\"_blank\" rel=\"noopener\">Noctua 17. \u00e9vf. 1. sz\u00e1m (2013)<\/a><\/li> <\/ul> <p>&nbsp;<\/p> <p><strong>The newsletter is published in Hungarian only.<\/strong><\/p> <\/p><\/div>","protected":false},"excerpt":{"rendered":"<p>Noctua &#8211; Library newsletter Noctua is an online newsletter edited by the Veterinary Science Library for veterinarians and the readers of the library. In the\u00a0Archives of the newsletter\u00a0you can find all the issues beginning with 1997 to date. \u00a02017 Noctua 21. \u00e9vf. 3. sz\u00e1m (2017) Noctua 21. \u00e9vf. 2. sz\u00e1m (2017) Noctua 21. \u00e9vf. 1.<\/p>\n","protected":false},"author":1,"featured_media":0,"parent":1089,"menu_order":246,"comment_status":"closed","ping_status":"closed","template":"","meta":{"_acf_changed":false,"footnotes":""},"categories":[],"tags":[],"class_list":["post-1594","page","type-page","status-publish","hentry"],"acf":[],"_links":{"self":[{"href":"https:\/\/univet.hu\/en\/wp-json\/wp\/v2\/pages\/1594","targetHints":{"allow":["GET"]}}],"collection":[{"href":"https:\/\/univet.hu\/en\/wp-json\/wp\/v2\/pages"}],"about":[{"href":"https:\/\/univet.hu\/en\/wp-json\/wp\/v2\/types\/page"}],"author":[{"embeddable":true,"href":"https:\/\/univet.hu\/en\/wp-json\/wp\/v2\/users\/1"}],"replies":[{"embeddable":true,"href":"https:\/\/univet.hu\/en\/wp-json\/wp\/v2\/comments?post=1594"}],"version-history":[{"count":0,"href":"https:\/\/univet.hu\/en\/wp-json\/wp\/v2\/pages\/1594\/revisions"}],"up":[{"embeddable":true,"href":"https:\/\/univet.hu\/en\/wp-json\/wp\/v2\/pages\/1089"}],"wp:attachment":[{"href":"https:\/\/univet.hu\/en\/wp-json\/wp\/v2\/media?parent=1594"}],"wp:term":[{"taxonomy":"category","embeddable":true,"href":"https:\/\/univet.hu\/en\/wp-json\/wp\/v2\/categories?post=1594"},{"taxonomy":"post_tag","embeddable":true,"href":"https:\/\/univet.hu\/en\/wp-json\/wp\/v2\/tags?post=1594"}],"curies":[{"name":"wp","href":"https:\/\/api.w.org\/{rel}","templated":true}]}}