{"id":1596,"date":"2018-03-21T12:02:30","date_gmt":"2018-03-21T11:02:30","guid":{"rendered":"http:\/\/univet.hu\/about\/library\/databases\/"},"modified":"2018-03-21T16:08:37","modified_gmt":"2018-03-21T15:08:37","slug":"databases","status":"publish","type":"page","link":"https:\/\/univet.hu\/en\/about\/library\/resources\/databases\/","title":{"rendered":"Databases"},"content":{"rendered":"<p><img loading=\"lazy\" decoding=\"async\" class=\"alignleft size-full wp-image-97\" src=\"http:\/\/libtest.univet.hu\/wp-content\/uploads\/2017\/08\/vpn.jpg\" data-replaced=\"true\" alt=\"\" width=\"69\" height=\"75\" \/>Subscription databases are available to teachers and students from home through VPN access.\u00a0<strong><a href=\"http:\/\/www2.univet.hu\/sc1\/static\/it\/vpn_reg.htm\" target=\"_blank\" rel=\"noopener\">Information for VPN access can be found here.<\/a><\/strong><\/p> <p>&nbsp;<\/p> <p><a href=\"http:\/\/search.ebscohost.com\/\" target=\"_blank\" rel=\"noopener\"><strong>Ebsco Discovery Service <\/strong><\/a><strong>&#8211; subscribed<\/strong><\/p> <p>EBSCO Discovery ServiceTM brings together the most comprehensive collection of content\u2014including superior indexing from top subject indexes, high-end full text and the entire library collection\u2014all within an unparalleled full-featured, customizable discovery layer experience.<\/p> <p>E.g.: CAB Abstracts, MEDLINE, Science Citation Index, Science Direct, Scopus, Agris, FSTA, JSTOR Journals, Social Citation index, DOAJ, SciELO stb.<\/p> <p><strong>Primary databases:\u00a0<\/strong><\/p> <p><strong><a href=\"http:\/\/search.ebscohost.com\/login.aspx?authtype=cookie,ip,uid&amp;profile=ehost&amp;defaultdb=lah&amp;lang=en\" target=\"_blank\" rel=\"noopener\">CAB Abstracts <\/a>&#8211; subscribed<\/strong><\/p> <p>veterinary, plant sciences, animal sciences, health (human), parasitology, ecology, forestry, earth sciences, food science and food products, agricultural economics, biotechnology<\/p> <p><strong>\u00a0<a href=\"http:\/\/ovidsp.ovid.com\/autologin\" target=\"_blank\" rel=\"noopener\">CAB Archive\u00a0<\/a><\/strong><strong>\u00a0\u00a0<\/strong>(1910-1972) <strong>&#8211; subscribed<\/strong><\/p> <p>veterinary, plant sciences, animal sciences, health (human), parasitology, ecology, forestry, earth sciences, food science and food products, agricultural economics, biotechnology<\/p> <p><strong><a href=\"http:\/\/search.ebscohost.com\/login.aspx?authtype=cookie,ip,uid&amp;profile=ehost&amp;defaultdb=lah&amp;lang=en\" target=\"_blank\" rel=\"noopener\">FSTA &#8211; Food Science and Technology\u00a0<\/a>&#8211; subscribed<\/strong><\/p> <p>food science and technology, human nutrition, every aspect of the food chain<\/p> <p><strong><a href=\"http:\/\/webofknowledge.com\/\">Journal Highly Cited Data (JHCD) &#8211;\u00a0<\/a><\/strong>kor\u00e1bban: Journal Citation Reports (JCR) <strong>&#8211; subscribed<\/strong><\/p> <p>JHCD on the Web provides the impact factor (the relative importance of journals within a given field).<\/p> <p><strong><a href=\"http:\/\/193.6.204.110\/monguz2\/index.jsp\" target=\"_blank\" rel=\"noopener\">Magyar \u00c1llatorvosi Bibliogr\u00e1fia<\/a><\/strong><\/p> <p>veterinary science<\/p> <p><strong><a href=\"http:\/\/www.matarka.hu\/\" target=\"_blank\" rel=\"noopener\">MATARKA<\/a><\/strong><\/p> <p>Hungarian Periodicals Table of Contents Database<\/p> <p><strong><a href=\"https:\/\/www.ncbi.nlm.nih.gov\/pubmed\" target=\"_blank\" rel=\"noopener\">Pubmed<\/a><\/strong><\/p> <p>a constantly expanding medical and veterinary database<\/p> <p><strong><a href=\"http:\/\/www.sciencedirect.com\/\">Science Direct<\/a> &#8211; subscribed<\/strong><\/p> <p>full-text journals<\/p> <p><strong><a href=\"http:\/\/www.scopus.com\/home.url\" target=\"_blank\" rel=\"noopener\">Scopus\u00a0<\/a>&#8211; subscribed<\/strong><\/p> <p>chemistry, physics, mathematics and engineering, life sciences and medicine, social sciences, psychology and economics, agricultural and environmental sciences<\/p> <p><strong><a href=\"http:\/\/webofknowledge.com\/\">Web of Science\u00a0<\/a>&#8211; subscribed<\/strong><\/p> <p>Web of Science Core Collection, BIOSIS Citation Index, Current Contents Connect, Data Citation Index, Derwent Innovations Index, KCI-Korean Journal Database, MEDLINE, SciELO Citation Index<\/p> <p>&nbsp;<\/p> <h2>Tov\u00e1bbi adatb\u00e1zisok:<\/h2> <p><strong><a href=\"https:\/\/library.udel.edu\/databases\/agricola\/\" target=\"_blank\" rel=\"noopener\">Agricola (AGRICultural OnLine Access)<\/a><\/strong><\/p> <p>agriculture<\/p> <p><strong><a href=\"https:\/\/adtplus.arcanum.hu\/hu\/\" target=\"_blank\" rel=\"noopener\">Arcanum Digit\u00e1lis Tudom\u00e1nyt\u00e1r\u00a0(ADT)<\/a><\/strong><\/p> <p>A teljess\u00e9g ig\u00e9ny\u00e9vel teszi hozz\u00e1f\u00e9rhet\u0151v\u00e9 \u00e9s kereshet\u0151v\u00e9 m\u00faltunk legfontosabb nyomtatott forr\u00e1sait (tudom\u00e1nyos \u00e9s szakfoly\u00f3iratok, heti- \u00e9s napilapok, valamint lexikonok \u00e9s tematikus k\u00f6nyvgy\u0171jtem\u00e9nyek legjav\u00e1t).<\/p> <p><strong><a href=\"http:\/\/search.ebscohost.com\/community.aspx?ugt=73333E6232833233333336833643315329E365D3601361936EE2\">Academic Search Complete<\/a><\/strong><\/p> <p>multidisciplinary database<\/p> <p><strong><a href=\"http:\/\/gateway.ovid.com\/autologin\" target=\"_blank\" rel=\"noopener\">BA Biological Abstracts<\/a><\/strong><a href=\"http:\/\/gateway.ovid.com\/autologin\" target=\"_blank\" rel=\"noopener\">\u00a0(2000-2005)<\/a><\/p> <p>biology, medicine<\/p> <p><strong><a href=\"http:\/\/search.ebscohost.com\/community.aspx?ugt=73333E6232833233333336833643315329E365D3601361936EE2\" target=\"_blank\" rel=\"noopener\">Business Source Premier<\/a><\/strong><br \/> business<\/p> <p><strong><a href=\"http:\/\/www.vet.cornell.edu\/consultant\/consult.asp\" target=\"_blank\" rel=\"noopener\">Consultant<\/a>\u00a0<\/strong><\/p> <p>free diagnostic support system for veterinary medicine<\/p> <p><strong><a href=\"http:\/\/kenezy.lib.unideb.hu\/?q=hu\/elektronikus_folyoiratok\">Debreceni Egyetem K\u00f6nyvt\u00e1r\u00e1nak\u00a0agr\u00e1rtudom\u00e1nyi foly\u00f3irat-katal\u00f3gusa<\/a><\/strong><\/p> <p>The agricultural journals catalogue of the University and National Library, University of Debrecen<\/p> <p><strong><a href=\"http:\/\/search.ebscohost.com\/community.aspx?ugt=73333E6232833233333336833643315329E365D3601361936EE2\" target=\"_blank\" rel=\"noopener\">Library, Information Science &amp; Technology Abstracts<\/a><\/strong><\/p> <p>library science<\/p> <p><strong><a href=\"http:\/\/193.224.162.57\/F\/?func=find-b-0&amp;local_base=mab01\" target=\"_blank\" rel=\"noopener\">Magyar Mez\u0151gazdas\u00e1gi Bibliogr\u00e1fia<\/a><\/strong><\/p> <p>agriculture<\/p> <p><strong><a href=\"http:\/\/mob.gyemszi.hu\/simplesearch.jsp\" target=\"_blank\" rel=\"noopener\">Magyar Orvosi Bibliogr\u00e1fia<\/a><\/strong><\/p> <p>human medicine<\/p> <p><strong><a href=\"http:\/\/www.mokka.hu\/\" target=\"_blank\" rel=\"noopener\">MOKKA-ODR<\/a><\/strong><\/p> <p>Search all available Hungarian bibliographic data through one single site!<\/p> <p><strong><a href=\"http:\/\/search.ebscohost.com\/community.aspx?ugt=73333E6232833233333336833643315329E365D3601361936EE2\" target=\"_blank\" rel=\"noopener\">Newswires<\/a><\/strong><\/p> <p>news database<\/p> <p><strong><a href=\"http:\/\/www.oszk.hu\/category\/hirek-tartalmi-cimkei\/npa\" target=\"_blank\" rel=\"noopener\">NPA<\/a><\/strong><\/p> <p>foreign journals in Hungarian libraries<\/p> <p><strong><a href=\"http:\/\/search.ebscohost.com\/community.aspx?ugt=73333E6232833233333336833643315329E365D3601361936EE2\" target=\"_blank\" rel=\"noopener\">Regional Business News<\/a><\/strong><\/p> <p>the database incorporates more than 80 regional business publications covering all metropolitan and rural areas within the United States<\/p> <p><strong><a href=\"http:\/\/www.springerlink.com\/home\/main.mpx\" target=\"_blank\" rel=\"noopener\">Springer Link<\/a><\/strong><\/p> <p>astronomy, chemistry, computer science, economics, engineering, environment, earth sciences, life sciences, mathematics, medicine, physics<\/p> <p><strong><a href=\"http:\/\/toxnet.nlm.nih.gov\/\" target=\"_blank\" rel=\"noopener\">Toxnet (Toxicology Data Network)<\/a><\/strong><\/p> <p>toxicology<\/p> <p>&nbsp;<\/p>","protected":false},"excerpt":{"rendered":"<p>Subscription databases are available to teachers and students from home through VPN access.\u00a0Information for VPN access can be found here. &nbsp; Ebsco Discovery Service &#8211; subscribed EBSCO Discovery ServiceTM brings together the most comprehensive collection of content\u2014including superior indexing from top subject indexes, high-end full text and the entire library collection\u2014all within an unparalleled full-featured,<\/p>\n","protected":false},"author":1,"featured_media":0,"parent":1572,"menu_order":359,"comment_status":"closed","ping_status":"closed","template":"","meta":{"_acf_changed":false,"footnotes":""},"categories":[],"tags":[],"class_list":["post-1596","page","type-page","status-publish","hentry"],"acf":[],"_links":{"self":[{"href":"https:\/\/univet.hu\/en\/wp-json\/wp\/v2\/pages\/1596","targetHints":{"allow":["GET"]}}],"collection":[{"href":"https:\/\/univet.hu\/en\/wp-json\/wp\/v2\/pages"}],"about":[{"href":"https:\/\/univet.hu\/en\/wp-json\/wp\/v2\/types\/page"}],"author":[{"embeddable":true,"href":"https:\/\/univet.hu\/en\/wp-json\/wp\/v2\/users\/1"}],"replies":[{"embeddable":true,"href":"https:\/\/univet.hu\/en\/wp-json\/wp\/v2\/comments?post=1596"}],"version-history":[{"count":0,"href":"https:\/\/univet.hu\/en\/wp-json\/wp\/v2\/pages\/1596\/revisions"}],"up":[{"embeddable":true,"href":"https:\/\/univet.hu\/en\/wp-json\/wp\/v2\/pages\/1572"}],"wp:attachment":[{"href":"https:\/\/univet.hu\/en\/wp-json\/wp\/v2\/media?parent=1596"}],"wp:term":[{"taxonomy":"category","embeddable":true,"href":"https:\/\/univet.hu\/en\/wp-json\/wp\/v2\/categories?post=1596"},{"taxonomy":"post_tag","embeddable":true,"href":"https:\/\/univet.hu\/en\/wp-json\/wp\/v2\/tags?post=1596"}],"curies":[{"name":"wp","href":"https:\/\/api.w.org\/{rel}","templated":true}]}}