{"id":1598,"date":"2018-03-21T12:02:33","date_gmt":"2018-03-21T11:02:33","guid":{"rendered":"http:\/\/univet.hu\/about\/library\/e-books\/"},"modified":"2018-03-21T16:08:27","modified_gmt":"2018-03-21T15:08:27","slug":"e-books","status":"publish","type":"page","link":"https:\/\/univet.hu\/en\/about\/library\/resources\/e-books\/","title":{"rendered":"E-books"},"content":{"rendered":"<div> <p><img loading=\"lazy\" decoding=\"async\" class=\"alignleft size-full wp-image-97\" src=\"http:\/\/libtest.univet.hu\/wp-content\/uploads\/2017\/08\/vpn.jpg\" data-replaced=\"true\" alt=\"\" width=\"69\" height=\"75\" \/>Subscription ebooks are available to teachers and students from home through VPN access.\u00a0<strong><a href=\"http:\/\/www2.univet.hu\/sc1\/static\/it\/vpn_reg.htm\" target=\"_blank\" rel=\"noopener\">Information for VPN access can be found here.<\/a><\/strong><\/p> <\/p><\/div> <div><\/div> <h4><img loading=\"lazy\" decoding=\"async\" class=\"alignleft wp-image-92\" src=\"http:\/\/libtest.univet.hu\/wp-content\/uploads\/2017\/08\/black-36017_150-105x150.png\" data-replaced=\"true\" \"true\"alt = width=15height =22 \/><em>Elsevier:<\/em><\/h4> <ul> <li><a href=\"http:\/\/www.sciencedirect.com\/science\/bookseries\/1093975X\" target=\"_blank\" rel=\"noopener\">Advances in Veterinary Medicine<\/a><\/li> <li><a href=\"http:\/\/www.sciencedirect.com\/science\/book\/9781845697259\" target=\"_blank\" rel=\"noopener\">Animal Feed Contamination<\/a><\/li> <li><a href=\"http:\/\/www.sciencedirect.com\/science\/book\/9780702025563\" target=\"_blank\" rel=\"noopener\">Arthur&#8217;s Veterinary Reproduction and Obstetrics (Eighth Edition)<\/a><\/li> <li><a href=\"http:\/\/www.sciencedirect.com\/science\/book\/9780323066198\" target=\"_blank\" rel=\"noopener\">Canine and Feline Nutrition (Third Edition)<\/a><\/li> <li><a href=\"http:\/\/www.sciencedirect.com\/science\/book\/9780123704917\" target=\"_blank\" rel=\"noopener\">Clinical Biochemistry of Domestic Animals (Sixth Edition)<\/a><\/li> <li><a href=\"http:\/\/www.sciencedirect.com\/science\/book\/9780323011259\" target=\"_blank\" rel=\"noopener\">Clinical Veterinary Toxicology<\/a><\/li> <li><a href=\"http:\/\/www.sciencedirect.com\/science\/book\/9780721693231\" target=\"_blank\" rel=\"noopener\">Current Therapy in Large Animal Theriogenology (Second Edition)<\/a><\/li> <li><a href=\"http:\/\/www.sciencedirect.com\/science\/referenceworks\/9780123786135\" target=\"_blank\" rel=\"noopener\">Encycolpedia of Food Safety<\/a><\/li> <li><a class=\"caption\" href=\"http:\/\/www.sciencedirect.com\/science\/book\/9781416024064\" target=\"_blank\" rel=\"noopener\">Equine Infectious Diseases<\/a><\/li> <li><a href=\"http:\/\/www.sciencedirect.com\/science\/book\/9781416001232\" target=\"_blank\" rel=\"noopener\">Equine Surgery (Third Edition)<\/a><\/li> <li><a href=\"http:\/\/www.sciencedirect.com\/science\/book\/9780123751584\" target=\"_blank\" rel=\"noopener\">Fenner&#8217;s Veterinary Virology<\/a><\/li> <li><a href=\"http:\/\/www.sciencedirect.com\/science\/handbooks\/09270507\" target=\"_blank\" rel=\"noopener\">Handbooks in Operations Research and Management Science<\/a><\/li> <li><a href=\"http:\/\/www.sciencedirect.com\/science\/book\/9780125464017\" target=\"_blank\" rel=\"noopener\">Handbook of Vertebrate Immunology<\/a><\/li> <li><a href=\"http:\/\/www.sciencedirect.com\/science\/book\/9780702028236\" target=\"_blank\" rel=\"noopener\">Jubb, Kennedy &amp; Palmer&#8217;s Pathology of Domestic Animals<\/a><\/li> <li><a href=\"http:\/\/www.sciencedirect.com\/science\/book\/9780122639517\" target=\"_blank\" rel=\"noopener\">Laboratory Animal Medicine (Second Edition)<\/a><\/li> <li><a href=\"http:\/\/www.sciencedirect.com\/science\/book\/9780702029684\" target=\"_blank\" rel=\"noopener\">Medical History and Physical Examination in Companion Animals (Second Edition)<\/a><\/li> <li><a href=\"http:\/\/www.sciencedirect.com\/science\/book\/9780721677880\" target=\"_blank\" rel=\"noopener\">Small Animal Diagnostic Ultrasound (Second Edition)<\/a><\/li> <li><a href=\"http:\/\/www.sciencedirect.com\/science\/book\/9780702028618\" target=\"_blank\" rel=\"noopener\">Small Animal Ophthalmology (Fourth Edition)<\/a><\/li> <li><a href=\"http:\/\/www.sciencedirect.com\/science\/book\/9780702020353\" target=\"_blank\" rel=\"noopener\">Veterinary Anaesthesia (Tenth Edition)<\/a><\/li> <li><a class=\"caption\" href=\"http:\/\/www.sciencedirect.com\/science\/book\/9780123704672\" target=\"_blank\" rel=\"noopener\">Veterinary Toxicology<\/a><\/li> <\/ul> <h4><em><img loading=\"lazy\" decoding=\"async\" class=\"alignleft wp-image-92\" src=\"http:\/\/libtest.univet.hu\/wp-content\/uploads\/2017\/08\/black-36017_150-105x150.png\" data-replaced=\"true\" \"true\"alt = width=15height =22 \/>Elsevier, Saunders &#8211; in VitalSource\u00a0<\/em><\/h4> <ul> <li><a href=\"https:\/\/bookshelf.vitalsource.com\/#\/books\/9780702054303\/recent\" target=\"_blank\" rel=\"noopener\">Emergency Procedures for the Small Animal Veterinarian, 3rd edition<\/a><\/li> <li><a href=\"https:\/\/bookshelf.vitalsource.com\/#\/books\/9780702054181\/recent\" target=\"_blank\" rel=\"noopener\">Equine Applied and Clinical Nutrition<\/a><\/li> <li><a href=\"https:\/\/bookshelf.vitalsource.com\/#\/books\/9780323088404\/recent\" target=\"_blank\" rel=\"noopener\">Large Animal Internal Medicine. 5th Edition, 2015<\/a><\/li> <li><a href=\"https:\/\/bookshelf.vitalsource.com\/#\/books\/9780323277211\/recent\" target=\"_blank\" rel=\"noopener\">Radiographic Imaging and Exposure. 4th Edition<\/a><\/li> <li><a href=\"https:\/\/bookshelf.vitalsource.com\/#\/books\/9780323242967\/recent\" target=\"_blank\" rel=\"noopener\">Small Animal Diagnostic Ultrasound, 3rd edition<\/a><\/li> <li><a href=\"https:\/\/bookshelf.vitalsource.com\/#\/books\/9780323243001\/recent\" target=\"_blank\" rel=\"noopener\">Small Animal Internal Medicine, 5th Edition<\/a><\/li> <li><a href=\"https:\/\/bookshelf.vitalsource.com\/#\/books\/9781437702828\/recent\" target=\"_blank\" rel=\"noopener\">Textbook of Veterinary Internal Medicine\u00a07th Edition &#8211; Ettinger &amp; Feldman<\/a><\/li> <li><a href=\"https:\/\/bookshelf.vitalsource.com\/#\/books\/978-0-7020-2777-2\/recent\" target=\"_blank\" rel=\"noopener\">Veterinary Medicine: A Textbook of the Diseases of Cattle, Horses, Sheep, Pigs and Goats, 10th edition<\/a><\/li> <\/ul> <h4><img loading=\"lazy\" decoding=\"async\" class=\"alignleft wp-image-92\" src=\"http:\/\/libtest.univet.hu\/wp-content\/uploads\/2017\/08\/black-36017_150-105x150.png\" data-replaced=\"true\" \"true\"alt = width=15height =22 \/><em>CABI:<\/em><\/h4> <ul> <li><a href=\"http:\/\/patron.eb20.com\/AccessTitle\/ISBN\/9781780640099\">Alternative System for Poultry &#8211; Health, Welfare and Productivity<\/a><\/li> <li><a href=\"http:\/\/patron.eb20.com\/AccessTitle\/ISBN\/9781780641188\">Animal Abuse &#8211; Helping Animals and People<\/a><\/li> <li><a href=\"http:\/\/patron.eb20.com\/AccessTitle\/ISBN\/9781845938871\">Aquaculture and Fisheries Biotechnology: Genetic Approaches (Second Edition)<\/a><\/li> <li><a href=\"http:\/\/patron.eb20.com\/AccessTitle\/ISBN\/9780851999302\">The Biology of Animal Stress &#8211; Basic Principles and Implications for Animal Welfare<\/a><\/li> <li><a href=\"http:\/\/patron.eb20.com\/AccessTitle\/ISBN\/9781845934866\">The Biology of Breeding Poultry (Poultry Science Symposium Series Volume Twenty-nine)<\/a><\/li> <li><a href=\"http:\/\/patron.eb20.com\/AccessTitle\/ISBN\/9781845935979\">Breeding for Disease Resistance in Farm Animals (Third Edition)<\/a><\/li> <li><a href=\"http:\/\/patron.eb20.com\/AccessTitle\/ISBN\/9781780641102\">Canine and Feline Epilepsy &#8211; Diagnosis and Management<\/a><\/li> <li><a href=\"http:\/\/patron.eb20.com\/AccessTitle\/ISBN\/9781845939984\">Dairy Herd Health<\/a><\/li> <li><a href=\"http:\/\/patron.eb20.com\/AccessTitle\/ISBN\/9781845932442\">The Economics of Animal Health and Production<\/a><\/li> <li><a href=\"http:\/\/patron.eb20.com\/AccessTitle\/ISBN\/9781845938406\">Farm Business Management &#8211; Analysis of Farming Systems<\/a><\/li> <li><a href=\"http:\/\/patron.eb20.com\/AccessTitle\/ISBN\/9781845932176\">Fish Diseases and Disorders, Vol. 1.: Protozoan and Metazoan Infections (Second Edition)<\/a><\/li> <li><a href=\"http:\/\/patron.eb20.com\/AccessTitle\/ISBN\/9781845936303\">Fish Diseases and Disorders, Vol. 2.: Non-infectious Disorders (Second Edition)<\/a><\/li> <li><a href=\"http:\/\/patron.eb20.com\/AccessTitle\/ISBN\/9781845937379\">Fish Diseases and Disorders, Vol. 3.: Viral, Bacterial and Fungal Infections (Second Edition)<\/a><\/li> <li><a href=\"http:\/\/patron.eb20.com\/AccessTitle\/ISBN\/9780851997513\">Food Safety &#8211; Contaminants and Toxins<\/a><\/li> <li><a href=\"http:\/\/patron.eb20.com\/AccessTitle\/ISBN\/9781845937751\">Human-Livestock Interactions &#8211; The Stockperson and the Productivity and Welfare of Intensively Farmed Animals (Second Edition)<\/a><\/li> <li><a href=\"http:\/\/patron.eb20.com\/AccessTitle\/ISBN\/9781845937515\">Mastitis Control in Dairy Herds (Second Edition)<\/a><\/li> <li><a href=\"http:\/\/patron.eb20.com\/AccessTitle\/ISBN\/9781845936068\">Radar Entomology &#8211; Observing Insect Flight and Migration<\/a><\/li> <li><a href=\"http:\/\/patron.eb20.com\/AccessTitle\/ISBN\/9781845939038\">Salmonella in Domestic Animals (Second Edition)<\/a><\/li> <li><a href=\"http:\/\/patron.eb20.com\/AccessTitle\/ISBN\/9781845938543\">Ticks and Tick-borne Diseases &#8211; Geographical Distribution and Control Strategies in the Euro-Asia Region<\/a><\/li> <li><a href=\"http:\/\/patron.eb20.com\/AccessTitle\/ISBN\/9781780640051\">Veterinary Treatment of Sheep and Goats<\/a><\/li> <li><a href=\"http:\/\/patron.eb20.com\/AccessTitle\/ISBN\/9781845932800\">Voluntary Food Intake and Diet Selection of Farm Animals (Second Edition)<\/a><\/li> <li><a href=\"http:\/\/patron.eb20.com\/AccessTitle\/ISBN\/9781845937195\">Zoonotic Pathogens in the Food Chain<\/a><\/li> <\/ul> <h4><img loading=\"lazy\" decoding=\"async\" class=\"alignleft wp-image-92\" src=\"http:\/\/libtest.univet.hu\/wp-content\/uploads\/2017\/08\/black-36017_150-105x150.png\" data-replaced=\"true\" \"true\"alt = width=15height =22 \/>ProQuest<\/h4> <ul> <li><a href=\"https:\/\/ebookcentral.proquest.com\/lib\/u-vm\/detail.action?docID=1793242\">Infektionskrankheiten der Katze by Hein, Jutta Hartmann, Katrin<\/a><\/li> <li><a href=\"https:\/\/ebookcentral.proquest.com\/lib\/u-vm\/detail.action?docID=1209654\">Turner and McIlwraith&#8217;s<\/a>\u00a0<a href=\"https:\/\/ebookcentral.proquest.com\/lib\/u-vm\/detail.action?docID=1209654\">Techniques in Large Animal Surgery by Baird, A. N. Hendrickson, Dean A.<\/a><\/li> <li><a href=\"https:\/\/ebookcentral.proquest.com\/lib\/u-vm\/detail.action?docID=1368913\">Blackwell&#8217;s Five-Minute Veterinary Practice Management Consult by Ackerman, Lowell<\/a><\/li> <li><a href=\"https:\/\/ebookcentral.proquest.com\/lib\/u-vm\/detail.action?docID=4545811\">Theory-Based Ecology by Botta-Duk\u00e1t, Zolt\u00e1n P\u00e1sztor, Liz Mesz\u00e9na, G\u00e9za Cz\u00e1r\u00e1n, Tam\u00e1s Magyar, Gabriella<\/a><\/li> <li><a href=\"https:\/\/ebookcentral.proquest.com\/lib\/u-vm\/detail.action?docID=4036308\">Drug Therapy for Infectious Diseases of the Dog and Cat by Wiebe, Valerie J.<\/a><\/li> <li><a href=\"https:\/\/ebookcentral.proquest.com\/lib\/u-vm\/detail.action?docID=1162075\">Small Animal Medical Diagnosis by Neer, T. Mark Lorenz, Michael D. DeMars , Paul<\/a><\/li> <li><a href=\"https:\/\/ebookcentral.proquest.com\/lib\/u-vm\/detail.action?docID=4519038\">Atlas of Animal Anatomy and Histology by Moln\u00e1r, Kinga L\u0151w, P\u00e9ter Kriska, Gy\u00f6rgy<\/a><\/li> <li><a href=\"https:\/\/ebookcentral.proquest.com\/lib\/u-vm\/detail.action?docID=1793568\">Praktische Dermatologie bei Hund und Katze by Scarampella, Fabia Noli, Chiara Toma, Stefano<\/a><\/li> <li><a href=\"https:\/\/ebookcentral.proquest.com\/lib\/u-vm\/detail.action?docID=2131035\">Fundamentals of Canine Neuroanatomy and Neurophysiology by Uemura, Etsuro E.<\/a><\/li> <li><a href=\"https:\/\/ebookcentral.proquest.com\/lib\/u-vm\/detail.action?docID=4038801\">Concise Review of Veterinary Microbiology by Markey, B. K. Quinn, P. J. Fanning, S. Fitzpatrick, E. S. Leonard, F. C.<\/a><\/li> <li><a href=\"https:\/\/ebookcentral.proquest.com\/lib\/u-vm\/detail.action?docID=1793590\">Praxisleitfaden Hund und Katze by Nolte, Ingo Nolte, Ingo<\/a><\/li> <li><a href=\"https:\/\/ebookcentral.proquest.com\/lib\/u-vm\/detail.action?docID=1913392\">Tiermedizinische Fachangestellte in der Pr\u00fcfung by Kiris, Sibylle Grabner, Prof. Dr. Arthur<\/a><\/li> <\/ul> <h4><img loading=\"lazy\" decoding=\"async\" class=\"alignleft wp-image-92\" src=\"http:\/\/libtest.univet.hu\/wp-content\/uploads\/2017\/08\/black-36017_150-105x150.png\" data-replaced=\"true\" \"true\"alt = width=15height =22 \/><em>Wiley<\/em><\/h4> <ul> <li><a href=\"http:\/\/onlinelibrary.wiley.com\/book\/10.1002\/9781118695104\">Color Atlas of Equine Pathology<\/a><\/li> <li><a href=\"http:\/\/onlinelibrary.wiley.com\/book\/10.1002\/9781118834183\">Advances in Equine Upper Respiratory Surgery<\/a><\/li> <li><a href=\"http:\/\/onlinelibrary.wiley.com\/book\/10.1002\/9781118940372\">Advances in Intervertebral Disc Disease in Dogs and Cats<\/a><\/li> <li><a href=\"http:\/\/onlinelibrary.wiley.com\/book\/10.1002\/9781118911075\">Backyard Poultry Medicine and Surgery: A Guide for Veterinary Practitioners<\/a><\/li> <li><a href=\"http:\/\/onlinelibrary.wiley.com\/book\/10.1002\/9781118948538\">Bovine Medicine 3ed<\/a><\/li> <li><a href=\"http:\/\/onlinelibrary.wiley.com\/book\/10.1002\/9781118833971\">Bovine Reproduction<\/a><\/li> <li><a href=\"http:\/\/onlinelibrary.wiley.com\/book\/10.1002\/9781118834305\">Canine and Feline Anesthesia and Co-Existing Disease<\/a><\/li> <li><a href=\"http:\/\/onlinelibrary.wiley.com\/book\/10.1002\/9781118840801\">Clinical Atlas of Canine and Feline Ophthalmic Disease<\/a><\/li> <li><a href=\"http:\/\/onlinelibrary.wiley.com\/book\/10.1002\/9781118928189\">Equine Fluid Therapy<\/a><\/li> <li><a href=\"http:\/\/onlinelibrary.wiley.com\/book\/10.1002\/9781118993712\">Equine Neurology 2ed<\/a><\/li> <li><a href=\"http:\/\/onlinelibrary.wiley.com\/book\/10.1002\/9781118993705\">Exotic Animal Hematology and Cytology<\/a><\/li> <li><a href=\"http:\/\/onlinelibrary.wiley.com\/book\/10.1002\/9781118886700\">Farm Animal Anesthesia: Cattle, Small Ruminants, Camelids, and Pigs<\/a><\/li> <li><a href=\"http:\/\/onlinelibrary.wiley.com\/book\/10.1002\/9781118760772\">Focused Ultrasound Techniques for the Small Animal Practitioner<\/a><\/li> <li><a href=\"http:\/\/onlinelibrary.wiley.com\/book\/10.1002\/9781118649985\">Gracey&#8217;s Meat Hygiene 11ed<\/a><\/li> <li><a href=\"http:\/\/onlinelibrary.wiley.com\/book\/10.1002\/9781118823040\">Manual of Diagnostic Cytology of the Dog and Cat<\/a><\/li> <li><a href=\"http:\/\/onlinelibrary.wiley.com\/book\/10.1002\/9781119052951\">Nutritional Management of Hospitalized Small Animals<\/a><\/li> <li><a href=\"http:\/\/onlinelibrary.wiley.com\/book\/10.1002\/9780470376836\">Pathology of Pet and Aviary Birds<\/a><\/li> <li><a href=\"http:\/\/onlinelibrary.wiley.com\/book\/10.1002\/9781118689691\">Seizures in Dogs and Cats<\/a><\/li> <li><a href=\"http:\/\/onlinelibrary.wiley.com\/book\/10.1002\/9781119005377\">Small Animal ECGs &#8211; An Introductory Guide<\/a><\/li> <li><a href=\"http:\/\/onlinelibrary.wiley.com\/book\/10.1002\/9781118738818\">Veterinary Allergy<\/a><\/li> <li><a href=\"http:\/\/onlinelibrary.wiley.com\/book\/10.1002\/9781118910924\">Veterinary Image-Guided Interventions<\/a><\/li> <\/ul> <h4><img loading=\"lazy\" decoding=\"async\" class=\"alignleft wp-image-94\" src=\"http:\/\/libtest.univet.hu\/wp-content\/uploads\/2017\/08\/closed-378352_150-149x150.png\" data-replaced=\"true\" alt=\"\" width=\"16\" height=\"16\" \/>Free access:<\/h4> <ul> <li><a class=\"caption\" title=\"Textbook of small animal orthopedics\" href=\"http:\/\/cal.vet.upenn.edu\/projects\/saortho\/contents\/contents.htm\" target=\"_blank\" rel=\"noopener\">Textbook of small animal orthopedics<\/a><\/li> <li class=\"caption\"><a title=\"Booklet on liver diesases\" href=\"http:\/\/www.vet.utk.edu\/clinical\/sacs\/shunt\/MVD-Brochure-FINAL2013-04-10.pdf\" target=\"_blank\" rel=\"noopener\">Dr. Karen Tobias: Booklet on liver disease<\/a><\/li> <li class=\"caption\"><a title=\"Terrestrial Animal Health Code (2013)\" href=\"http:\/\/www.oie.int\/international-standard-setting\/terrestrial-code\/access-online\/\" target=\"_blank\" rel=\"noopener\">Terrestrial Animal Health Code (2013)<\/a><\/li> <li class=\"caption\"><a title=\"Manual of Diagnostic Tests and Vaccines for Terrestrial Animals\" href=\"http:\/\/www.oie.int\/manual-of-diagnostic-tests-and-vaccines-for-terrestrial-animals\/\" target=\"_blank\" rel=\"noopener\">Manual of Diagnostic Tests and Vaccines for Terrestrial Animals<\/a><\/li> <li><a href=\"http:\/\/www.merckmanuals.com\/vet\/\" target=\"_blank\" rel=\"noopener\">The Merck Veterinary Manual<\/a><\/li> <li><a href=\"http:\/\/www.virtual-anaesthesia-textbook.com\/index.shtml\" target=\"_blank\" rel=\"noopener\"><span class=\"caption\">The Virtual Anaesthesia textbook<\/span>\u00a0&#8211; Veterinary Anaesthesia<\/a><\/li> <li><a class=\"caption\" title=\"Veterinary Forensic Pathology\" href=\"http:\/\/www.vet.uga.edu\/vpp\/IA\/SRP\/vfp\/index.php\" target=\"_blank\" rel=\"noopener\">Veterinary Forensic Pathology<\/a><\/li> <li><a title=\"IVIS (International Veterinary Information Services) Books *regisztr\u00e1ci\u00f3 sz\u00fcks\u00e9ges\" href=\"http:\/\/www.ivis.org\/signin.asp?url=\/library.asp\" target=\"_blank\" rel=\"noopener\">IVIS (International Veterinary Information Services) Books *regisztr\u00e1ci\u00f3 sz\u00fcks\u00e9ges<\/a><\/li> <li><a class=\"caption\" title=\"A ViFa Vet elektronikus k\u00f6nyvgy\u0171jtem\u00e9nye\" href=\"http:\/\/elib.tiho-hannover.de\/virtlib\/dat1810-e.html\" target=\"_blank\" rel=\"noopener\">A ViFa Vet elektronikus k\u00f6nyvgy\u0171jtem\u00e9nye<\/a><\/li> <li><a href=\"http:\/\/www.europeana.eu\/\">Europeana<\/a><\/li> <li><a title=\"FAO\" href=\"http:\/\/www.fao.org\/publications\/en\/\" target=\"_blank\" rel=\"noopener\">FAO Publications<\/a><\/li> <li><a class=\"caption\" title=\"FreeBooks4Doctors\" href=\"http:\/\/www.freebooks4doctors.com\/\" target=\"_blank\" rel=\"noopener\">FreeBooks4Doctors<\/a><\/li> <li><a class=\"caption\" title=\"Biodiversity Heritage Library\" href=\"http:\/\/www.biodiversitylibrary.org\/\" target=\"_blank\" rel=\"noopener\">Biodiversity Heritage Library<\/a><\/li> <li><a class=\"caption\" title=\"G\u00f6ttinger Digitalisierungszentrum\" href=\"http:\/\/gdz.sub.uni-goettingen.de\/dms\/colbrowse\/?DC=zoologica\" target=\"_blank\" rel=\"noopener\">G\u00f6ttinger Digitalisierungszentrum<\/a><\/li> <li><a class=\"caption\" title=\"Kempelen Farkas Digit\u00e1lis Tank\u00f6nyvt\u00e1r\" href=\"http:\/\/www.tankonyvtar.hu\/\" target=\"_blank\" rel=\"noopener\">Kempelen Farkas Digit\u00e1lis Tank\u00f6nyvt\u00e1r<\/a><\/li> <li><a class=\"caption\" title=\"Magyar Elektronikus K\u00f6nyvt\u00e1r\" href=\"http:\/\/mek.oszk.hu\/\" target=\"_blank\" rel=\"noopener\">Magyar Elektronikus K\u00f6nyvt\u00e1r<\/a><\/li> <li><a title=\"World Organisation for Animal Health\" href=\"http:\/\/www.oie.int\/publications-and-documentation\/general-information\/\" target=\"_blank\" rel=\"noopener\">World Organisation for Animal Health<\/a><\/li> <\/ul> <p>&nbsp;<\/p>","protected":false},"excerpt":{"rendered":"<p>Subscription ebooks are available to teachers and students from home through VPN access.\u00a0Information for VPN access can be found here. Elsevier: Advances in Veterinary Medicine Animal Feed Contamination Arthur&#8217;s Veterinary Reproduction and Obstetrics (Eighth Edition) Canine and Feline Nutrition (Third Edition) Clinical Biochemistry of Domestic Animals (Sixth Edition) Clinical Veterinary Toxicology Current Therapy in Large<\/p>\n","protected":false},"author":1,"featured_media":0,"parent":1572,"menu_order":361,"comment_status":"closed","ping_status":"closed","template":"","meta":{"_acf_changed":false,"footnotes":""},"categories":[],"tags":[],"class_list":["post-1598","page","type-page","status-publish","hentry"],"acf":[],"_links":{"self":[{"href":"https:\/\/univet.hu\/en\/wp-json\/wp\/v2\/pages\/1598","targetHints":{"allow":["GET"]}}],"collection":[{"href":"https:\/\/univet.hu\/en\/wp-json\/wp\/v2\/pages"}],"about":[{"href":"https:\/\/univet.hu\/en\/wp-json\/wp\/v2\/types\/page"}],"author":[{"embeddable":true,"href":"https:\/\/univet.hu\/en\/wp-json\/wp\/v2\/users\/1"}],"replies":[{"embeddable":true,"href":"https:\/\/univet.hu\/en\/wp-json\/wp\/v2\/comments?post=1598"}],"version-history":[{"count":0,"href":"https:\/\/univet.hu\/en\/wp-json\/wp\/v2\/pages\/1598\/revisions"}],"up":[{"embeddable":true,"href":"https:\/\/univet.hu\/en\/wp-json\/wp\/v2\/pages\/1572"}],"wp:attachment":[{"href":"https:\/\/univet.hu\/en\/wp-json\/wp\/v2\/media?parent=1598"}],"wp:term":[{"taxonomy":"category","embeddable":true,"href":"https:\/\/univet.hu\/en\/wp-json\/wp\/v2\/categories?post=1598"},{"taxonomy":"post_tag","embeddable":true,"href":"https:\/\/univet.hu\/en\/wp-json\/wp\/v2\/tags?post=1598"}],"curies":[{"name":"wp","href":"https:\/\/api.w.org\/{rel}","templated":true}]}}