{"id":1614,"date":"2018-03-21T12:03:12","date_gmt":"2018-03-21T11:03:12","guid":{"rendered":"http:\/\/univet.hu\/about\/library\/information\/"},"modified":"2022-12-08T15:43:13","modified_gmt":"2022-12-08T14:43:13","slug":"information","status":"publish","type":"page","link":"https:\/\/univet.hu\/en\/about\/library\/archives\/information\/","title":{"rendered":"Information"},"content":{"rendered":"<p><strong>Archivist:<\/strong> Boz\u00f3 Bence<\/p> <p><strong>Email:<\/strong>\u00a0<span id=\"cloaka5e3891c5666d32c52bf8bc68ff65927\"><a class=\"decrypt\" rel=\"cp{p\/cfodfAvojwfu\/iv\" href=\"javascript:void(0);\">[Click to see email]<\/a><\/span><\/p> <p><strong>Address:<\/strong> 1078 Budapest, 2 Istv\u00e1n St.<\/p> <p><strong>Telephone:<\/strong> + 36 1 478 4226<\/p> <p><strong>Opening hours:<\/strong><\/p> <ul> <li>Monday: 8.30 \u2013 15.30<\/li> <li>Tuesday: 8.30 \u2013 15.30<\/li> <li>Wednesday: 8.30 \u2013 15.30<\/li> <li>Thursday: 8.30 \u2013 15.30<\/li> <li>Friday: 9.00 \u2013 11.00<\/li> <\/ul> <p><strong>Law<\/strong><\/p> <p>Hungarian law concerning public and private archives, and archival materials (<strong>Hungarian only<\/strong>):<\/p> <ul> <li><a style=\"font-size: 16px; background-color: #ffffff;\" href=\"http:\/\/www.complex.hu\/jr\/gen\/hjegy_doc.cgi?docid=99500066.TV\">1995. \u00e9vi LXVI. t\u00f6rv\u00e9ny<\/a><\/li> <\/ul> <ul class=\"list\"> <li><a href=\"http:\/\/www.complex.hu\/jr\/gen\/hjegy_doc.cgi?docid=A0200010.NKM\">10\/2002. (IV. 13.) NK\u00d6M rendelet<\/a><\/li> <li><a href=\"http:\/\/net.jogtar.hu\/jr\/gen\/hjegy_doc.cgi?docid=A1100112.TV\" target=\"_blank\" rel=\"noopener\">2011. \u00e9vi CXII. t\u00f6rv\u00e9ny<\/a><\/li> <\/ul> <p>&nbsp;<\/p>","protected":false},"excerpt":{"rendered":"<p>Archivist: Boz\u00f3 Bence Email:\u00a0[Click to see email] Address: 1078 Budapest, 2 Istv\u00e1n St. Telephone: + 36 1 478 4226 Opening hours: Monday: 8.30 \u2013 15.30 Tuesday: 8.30 \u2013 15.30 Wednesday: 8.30 \u2013 15.30 Thursday: 8.30 \u2013 15.30 Friday: 9.00 \u2013 11.00 Law Hungarian law concerning public and private archives, and archival materials (Hungarian only): 1995.<\/p>\n","protected":false},"author":1,"featured_media":0,"parent":1707,"menu_order":154,"comment_status":"closed","ping_status":"closed","template":"","meta":{"_acf_changed":false,"footnotes":""},"categories":[],"tags":[],"class_list":["post-1614","page","type-page","status-publish","hentry"],"acf":[],"_links":{"self":[{"href":"https:\/\/univet.hu\/en\/wp-json\/wp\/v2\/pages\/1614","targetHints":{"allow":["GET"]}}],"collection":[{"href":"https:\/\/univet.hu\/en\/wp-json\/wp\/v2\/pages"}],"about":[{"href":"https:\/\/univet.hu\/en\/wp-json\/wp\/v2\/types\/page"}],"author":[{"embeddable":true,"href":"https:\/\/univet.hu\/en\/wp-json\/wp\/v2\/users\/1"}],"replies":[{"embeddable":true,"href":"https:\/\/univet.hu\/en\/wp-json\/wp\/v2\/comments?post=1614"}],"version-history":[{"count":0,"href":"https:\/\/univet.hu\/en\/wp-json\/wp\/v2\/pages\/1614\/revisions"}],"up":[{"embeddable":true,"href":"https:\/\/univet.hu\/en\/wp-json\/wp\/v2\/pages\/1707"}],"wp:attachment":[{"href":"https:\/\/univet.hu\/en\/wp-json\/wp\/v2\/media?parent=1614"}],"wp:term":[{"taxonomy":"category","embeddable":true,"href":"https:\/\/univet.hu\/en\/wp-json\/wp\/v2\/categories?post=1614"},{"taxonomy":"post_tag","embeddable":true,"href":"https:\/\/univet.hu\/en\/wp-json\/wp\/v2\/tags?post=1614"}],"curies":[{"name":"wp","href":"https:\/\/api.w.org\/{rel}","templated":true}]}}