{"id":1616,"date":"2018-03-21T12:03:13","date_gmt":"2018-03-21T11:03:13","guid":{"rendered":"http:\/\/univet.hu\/about\/library\/fonds\/"},"modified":"2018-03-21T16:11:02","modified_gmt":"2018-03-21T15:11:02","slug":"fonds","status":"publish","type":"page","link":"https:\/\/univet.hu\/en\/about\/library\/archives\/fonds\/","title":{"rendered":"Fonds"},"content":{"rendered":"<p>Only in Hungarian.<\/p> <ul> <li><a href=\"http:\/\/konyvtar.univet.hu\/wp-content\/uploads\/2018\/02\/fondjegyzek_2018.pdf\">Az iratanyag fel\u00e9p\u00edt\u00e9se, szerkezete, fond- \u00e9s \u00e1llagjegyz\u00e9k\u00a0&#8211; 2018.02.28. (Boz\u00f3 Bence)<\/a><\/li> <li><a href=\"http:\/\/konyvtar.univet.hu\/?page_id=145\"><strong>Az egyetem el\u0151dint\u00e9zm\u00e9nyei<\/strong><\/a><\/li> <\/ul> <p><img loading=\"lazy\" decoding=\"async\" class=\"aligncenter size-full wp-image-534\" src=\"http:\/\/libtest.univet.hu\/wp-content\/uploads\/2017\/08\/old-letters-436503_640.jpg\" data-replaced=\"true\" alt=\"\" width=\"640\" height=\"426\" srcset=\"http:\/\/konyvtar.univet.hu\/wp-content\/uploads\/2017\/08\/old-letters-436503_640.jpg 640w, http:\/\/konyvtar.univet.hu\/wp-content\/uploads\/2017\/08\/old-letters-436503_640-300x200.jpg 300w\" sizes=\"auto, (max-width: 640px) 100vw, 640px\" \/><\/p>","protected":false},"excerpt":{"rendered":"<p>Only in Hungarian. Az iratanyag fel\u00e9p\u00edt\u00e9se, szerkezete, fond- \u00e9s \u00e1llagjegyz\u00e9k\u00a0&#8211; 2018.02.28. (Boz\u00f3 Bence) Az egyetem el\u0151dint\u00e9zm\u00e9nyei<\/p>\n","protected":false},"author":1,"featured_media":0,"parent":1707,"menu_order":154,"comment_status":"closed","ping_status":"closed","template":"","meta":{"_acf_changed":false,"footnotes":""},"categories":[],"tags":[],"class_list":["post-1616","page","type-page","status-publish","hentry"],"acf":[],"_links":{"self":[{"href":"https:\/\/univet.hu\/en\/wp-json\/wp\/v2\/pages\/1616","targetHints":{"allow":["GET"]}}],"collection":[{"href":"https:\/\/univet.hu\/en\/wp-json\/wp\/v2\/pages"}],"about":[{"href":"https:\/\/univet.hu\/en\/wp-json\/wp\/v2\/types\/page"}],"author":[{"embeddable":true,"href":"https:\/\/univet.hu\/en\/wp-json\/wp\/v2\/users\/1"}],"replies":[{"embeddable":true,"href":"https:\/\/univet.hu\/en\/wp-json\/wp\/v2\/comments?post=1616"}],"version-history":[{"count":0,"href":"https:\/\/univet.hu\/en\/wp-json\/wp\/v2\/pages\/1616\/revisions"}],"up":[{"embeddable":true,"href":"https:\/\/univet.hu\/en\/wp-json\/wp\/v2\/pages\/1707"}],"wp:attachment":[{"href":"https:\/\/univet.hu\/en\/wp-json\/wp\/v2\/media?parent=1616"}],"wp:term":[{"taxonomy":"category","embeddable":true,"href":"https:\/\/univet.hu\/en\/wp-json\/wp\/v2\/categories?post=1616"},{"taxonomy":"post_tag","embeddable":true,"href":"https:\/\/univet.hu\/en\/wp-json\/wp\/v2\/tags?post=1616"}],"curies":[{"name":"wp","href":"https:\/\/api.w.org\/{rel}","templated":true}]}}