{"id":1628,"date":"2018-03-21T12:03:45","date_gmt":"2018-03-21T11:03:45","guid":{"rendered":"http:\/\/univet.hu\/about\/library\/temporary-exhibition\/"},"modified":"2018-03-21T16:19:02","modified_gmt":"2018-03-21T15:19:02","slug":"temporary-exhibition","status":"publish","type":"page","link":"https:\/\/univet.hu\/en\/about\/library\/museum\/temporary-exhibition\/","title":{"rendered":"Temporary exhibition"},"content":{"rendered":"<p>Dr. Per\u00e9nyi J\u00e1nos\u2019s photo exhibition closed on 24 of November, 2017.<\/p> <p>The virtual tour available:<\/p> <blockquote class=\"wp-embedded-content\" data-secret=\"ryLsVXypft\"><p><a href=\"http:\/\/konyvtar.univet.hu\/?page_id=1156\">Daruvonul\u00e1s a Hortob\u00e1gyon \u2013 ki\u00e1ll\u00edt\u00e1s<\/a><\/p><\/blockquote> <p><iframe loading=\"lazy\" class=\"wp-embedded-content\" style=\"position: absolute; clip: rect(1px, 1px, 1px, 1px);\" title=\"\u201cDaruvonul\u00e1s a Hortob\u00e1gyon \u2013 ki\u00e1ll\u00edt\u00e1s\u201d \u2014 Hut\u00ffra Ferenc K\u00f6nyvt\u00e1r, Lev\u00e9lt\u00e1r \u00e9s M\u00fazeum\" src=\"http:\/\/konyvtar.univet.hu\/?page_id=1156&amp;embed=true#?secret=ryLsVXypft\" data-replaced=\"true\" width=\"600\" height=\"338\" frameborder=\"0\" marginwidth=\"0\" marginheight=\"0\" scrolling=\"no\" sandbox=\"allow-scripts\" data-secret=\"ryLsVXypft\"><\/iframe><\/p>","protected":false},"excerpt":{"rendered":"<p>Dr. Per\u00e9nyi J\u00e1nos\u2019s photo exhibition closed on 24 of November, 2017. The virtual tour available: Daruvonul\u00e1s a Hortob\u00e1gyon \u2013 ki\u00e1ll\u00edt\u00e1s<\/p>\n","protected":false},"author":1,"featured_media":0,"parent":1708,"menu_order":394,"comment_status":"closed","ping_status":"closed","template":"","meta":{"_acf_changed":false,"footnotes":""},"categories":[],"tags":[],"class_list":["post-1628","page","type-page","status-publish","hentry"],"acf":[],"_links":{"self":[{"href":"https:\/\/univet.hu\/en\/wp-json\/wp\/v2\/pages\/1628","targetHints":{"allow":["GET"]}}],"collection":[{"href":"https:\/\/univet.hu\/en\/wp-json\/wp\/v2\/pages"}],"about":[{"href":"https:\/\/univet.hu\/en\/wp-json\/wp\/v2\/types\/page"}],"author":[{"embeddable":true,"href":"https:\/\/univet.hu\/en\/wp-json\/wp\/v2\/users\/1"}],"replies":[{"embeddable":true,"href":"https:\/\/univet.hu\/en\/wp-json\/wp\/v2\/comments?post=1628"}],"version-history":[{"count":0,"href":"https:\/\/univet.hu\/en\/wp-json\/wp\/v2\/pages\/1628\/revisions"}],"up":[{"embeddable":true,"href":"https:\/\/univet.hu\/en\/wp-json\/wp\/v2\/pages\/1708"}],"wp:attachment":[{"href":"https:\/\/univet.hu\/en\/wp-json\/wp\/v2\/media?parent=1628"}],"wp:term":[{"taxonomy":"category","embeddable":true,"href":"https:\/\/univet.hu\/en\/wp-json\/wp\/v2\/categories?post=1628"},{"taxonomy":"post_tag","embeddable":true,"href":"https:\/\/univet.hu\/en\/wp-json\/wp\/v2\/tags?post=1628"}],"curies":[{"name":"wp","href":"https:\/\/api.w.org\/{rel}","templated":true}]}}