{"id":1636,"date":"2018-03-21T12:04:01","date_gmt":"2018-03-21T11:04:01","guid":{"rendered":"http:\/\/univet.hu\/about\/library\/kulturalis-orokseg-napjai\/"},"modified":"2018-03-21T16:20:59","modified_gmt":"2018-03-21T15:20:59","slug":"european-heritage-days","status":"publish","type":"page","link":"https:\/\/univet.hu\/en\/about\/library\/museum\/european-heritage-days\/","title":{"rendered":"European Heritage Days"},"content":{"rendered":"<p><a href=\"http:\/\/konyvtar.univet.hu\/?page_id=347\" data-replaced=\"true\">S\u00e9ta egy erzs\u00e9betv\u00e1rosi campuson \u2013 2016. szeptember 13.<\/a><br \/> <a href=\"http:\/\/konyvtar.univet.hu\/?page_id=344\" data-replaced=\"true\">150 \u00e9ve sz\u00fcletett R\u00f3th Miksa \u00fcvegfest\u0151 \u00e9s mozaikm\u0171v\u00e9sz eml\u00e9k\u00e9re \u2013 2015. szeptember 15.<\/a><\/p>","protected":false},"excerpt":{"rendered":"<p>S\u00e9ta egy erzs\u00e9betv\u00e1rosi campuson \u2013 2016. szeptember 13. 150 \u00e9ve sz\u00fcletett R\u00f3th Miksa \u00fcvegfest\u0151 \u00e9s mozaikm\u0171v\u00e9sz eml\u00e9k\u00e9re \u2013 2015. szeptember 15.<\/p>\n","protected":false},"author":1,"featured_media":0,"parent":1708,"menu_order":402,"comment_status":"closed","ping_status":"closed","template":"","meta":{"_acf_changed":false,"footnotes":""},"categories":[],"tags":[],"class_list":["post-1636","page","type-page","status-publish","hentry"],"acf":[],"_links":{"self":[{"href":"https:\/\/univet.hu\/en\/wp-json\/wp\/v2\/pages\/1636","targetHints":{"allow":["GET"]}}],"collection":[{"href":"https:\/\/univet.hu\/en\/wp-json\/wp\/v2\/pages"}],"about":[{"href":"https:\/\/univet.hu\/en\/wp-json\/wp\/v2\/types\/page"}],"author":[{"embeddable":true,"href":"https:\/\/univet.hu\/en\/wp-json\/wp\/v2\/users\/1"}],"replies":[{"embeddable":true,"href":"https:\/\/univet.hu\/en\/wp-json\/wp\/v2\/comments?post=1636"}],"version-history":[{"count":0,"href":"https:\/\/univet.hu\/en\/wp-json\/wp\/v2\/pages\/1636\/revisions"}],"up":[{"embeddable":true,"href":"https:\/\/univet.hu\/en\/wp-json\/wp\/v2\/pages\/1708"}],"wp:attachment":[{"href":"https:\/\/univet.hu\/en\/wp-json\/wp\/v2\/media?parent=1636"}],"wp:term":[{"taxonomy":"category","embeddable":true,"href":"https:\/\/univet.hu\/en\/wp-json\/wp\/v2\/categories?post=1636"},{"taxonomy":"post_tag","embeddable":true,"href":"https:\/\/univet.hu\/en\/wp-json\/wp\/v2\/tags?post=1636"}],"curies":[{"name":"wp","href":"https:\/\/api.w.org\/{rel}","templated":true}]}}