{"id":1644,"date":"2018-03-21T12:04:16","date_gmt":"2018-03-21T11:04:16","guid":{"rendered":"http:\/\/univet.hu\/about\/library\/picture-gallery\/"},"modified":"2018-03-21T19:09:00","modified_gmt":"2018-03-21T18:09:00","slug":"picture-gallery","status":"publish","type":"page","link":"https:\/\/univet.hu\/en\/about\/library\/veterinary-history\/picture-gallery\/","title":{"rendered":"Picture gallery"},"content":{"rendered":"<p>Onliy in hungarian!<\/p> <p>Lev\u00e9lt\u00e1runk\u00a0 k\u00e9pi eml\u00e9kekben is gazdag: grafik\u00e1k, nyomatok, f\u00e9nyk\u00e9pek, festm\u00e9nyek \u00f6r\u00f6k\u00edtik meg az \u00e1llatorvosk\u00e9pz\u00e9s \u00e9s az \u00e1llatorvosl\u00e1s t\u00f6rt\u00e9net\u00e9t. E dokumentumok egy r\u00e9sze az \u00c1llatorvos-t\u00f6rt\u00e9neti Gy\u0171jtem\u00e9ny (M\u00fazeum) ki\u00e1ll\u00edt\u00e1s\u00e1n tekinthet\u0151 meg, nagyobb r\u00e9sz\u00fck azonban a lev\u00e9lt\u00e1ri dobozokban, albumokban \u201cszunnyad\u201d.<\/p> <p>A k\u00f6vetkez\u0151kben az eddig feldolgozott anyagokat t\u00e1rjuk az \u00e9rdekl\u0151d\u0151k el\u00e9 n\u00e9h\u00e1ny k\u00fcl\u00f6n gy\u0171jtem\u00e9ny\u00fcnkben:<\/p> <ul> <li><a href=\"http:\/\/konyvtar.univet.hu\/fotocd\/\" data-replaced=\"true\">Az \u00e1llatorvos-k\u00e9pz\u00e9s nagy alakjai \u00e9s a jeles \u00e9vfordul\u00f3k: az egyetlen felv\u00e9telen meg\u00f6r\u00f6k\u00edtett 150., \u00e9s a gazdagon dokument\u00e1lt 175. \u00e9s 200. \u00e9vfordul\u00f3<\/a><\/li> <li><a href=\"http:\/\/konyvtar.univet.hu\/plak\/\" data-replaced=\"true\">Numizmatikai eml\u00e9kek<\/a><\/li> <li><a href=\"http:\/\/konyvtar.univet.hu\/portre\/\" data-replaced=\"true\">Jeles napok, jeles emberek<\/a><\/li> <li><a href=\"http:\/\/konyvtar.univet.hu\/sirok\/\" data-replaced=\"true\">Az \u00e1llatorvos-k\u00e9pz\u00e9s 1818-t\u00f3l 2004-ig elhunyt tan\u00e1rainak \u00e9s el\u0151ad\u00f3inak s\u00edrjai<\/a><\/li> <\/ul>","protected":false},"excerpt":{"rendered":"<p>Onliy in hungarian! Lev\u00e9lt\u00e1runk\u00a0 k\u00e9pi eml\u00e9kekben is gazdag: grafik\u00e1k, nyomatok, f\u00e9nyk\u00e9pek, festm\u00e9nyek \u00f6r\u00f6k\u00edtik meg az \u00e1llatorvosk\u00e9pz\u00e9s \u00e9s az \u00e1llatorvosl\u00e1s t\u00f6rt\u00e9net\u00e9t. E dokumentumok egy r\u00e9sze az \u00c1llatorvos-t\u00f6rt\u00e9neti Gy\u0171jtem\u00e9ny (M\u00fazeum) ki\u00e1ll\u00edt\u00e1s\u00e1n tekinthet\u0151 meg, nagyobb r\u00e9sz\u00fck azonban a lev\u00e9lt\u00e1ri dobozokban, albumokban \u201cszunnyad\u201d. A k\u00f6vetkez\u0151kben az eddig feldolgozott anyagokat t\u00e1rjuk az \u00e9rdekl\u0151d\u0151k el\u00e9 n\u00e9h\u00e1ny k\u00fcl\u00f6n gy\u0171jtem\u00e9ny\u00fcnkben: Az \u00e1llatorvos-k\u00e9pz\u00e9s nagy<\/p>\n","protected":false},"author":1,"featured_media":0,"parent":1709,"menu_order":411,"comment_status":"closed","ping_status":"closed","template":"","meta":{"_acf_changed":false,"footnotes":""},"categories":[],"tags":[],"class_list":["post-1644","page","type-page","status-publish","hentry"],"acf":[],"_links":{"self":[{"href":"https:\/\/univet.hu\/en\/wp-json\/wp\/v2\/pages\/1644","targetHints":{"allow":["GET"]}}],"collection":[{"href":"https:\/\/univet.hu\/en\/wp-json\/wp\/v2\/pages"}],"about":[{"href":"https:\/\/univet.hu\/en\/wp-json\/wp\/v2\/types\/page"}],"author":[{"embeddable":true,"href":"https:\/\/univet.hu\/en\/wp-json\/wp\/v2\/users\/1"}],"replies":[{"embeddable":true,"href":"https:\/\/univet.hu\/en\/wp-json\/wp\/v2\/comments?post=1644"}],"version-history":[{"count":0,"href":"https:\/\/univet.hu\/en\/wp-json\/wp\/v2\/pages\/1644\/revisions"}],"up":[{"embeddable":true,"href":"https:\/\/univet.hu\/en\/wp-json\/wp\/v2\/pages\/1709"}],"wp:attachment":[{"href":"https:\/\/univet.hu\/en\/wp-json\/wp\/v2\/media?parent=1644"}],"wp:term":[{"taxonomy":"category","embeddable":true,"href":"https:\/\/univet.hu\/en\/wp-json\/wp\/v2\/categories?post=1644"},{"taxonomy":"post_tag","embeddable":true,"href":"https:\/\/univet.hu\/en\/wp-json\/wp\/v2\/tags?post=1644"}],"curies":[{"name":"wp","href":"https:\/\/api.w.org\/{rel}","templated":true}]}}