{"id":1646,"date":"2018-03-21T12:04:19","date_gmt":"2018-03-21T11:04:19","guid":{"rendered":"http:\/\/univet.hu\/about\/library\/e-oldbooks\/"},"modified":"2018-03-21T19:09:07","modified_gmt":"2018-03-21T18:09:07","slug":"e-oldbooks","status":"publish","type":"page","link":"https:\/\/univet.hu\/en\/about\/library\/veterinary-history\/e-oldbooks\/","title":{"rendered":"E-oldbooks"},"content":{"rendered":"<p>&nbsp;<\/p> <h4 class=\"page-header\">Digitization of outstanding foreign and Hungarian documents from the Magyary-Kossa Historic Book Collection<\/h4> <div> <div> <div>In 1894 a special collection was founded in the College of Veterinary Science, and it was named after Gyula Magyary-Kossa, professor of pharmacology and the most prominent head of the library ever since. 3586 titles (6352 volumes) were enumerated in his catalogue, edited in 1901. His other bibliography, entitled \u201cMagyar \u00e1llatorvosi k\u00f6nyv\u00e9szet\u201d is giving an overall picture of a Hungarian veterinary literature from 1472 to 1904, which is unique not only in the history of Hungarian veterinary science, but also all over the world.<\/div> <div>An application of the Ministry of Informatics and Communications created the possibility to digitize a few works of this collection. These works are the most endangered, being 3-400 years old, and at the same time the most precious ones.<\/div> <div>The library would like to share these treasures with the veterinary community and make research possible also for scholars living abroad or far from our collection. We attempted to make electronic copies as close to the original as possible to enhance research, and to provide an experience close to touching the real items with their beautiful illustrations.<\/div> <div>These editions prove by their mere existence that Hungarian veterinary science and education both matched international standards in quality already in the 18th century.<\/div> <div>The whole collection is located on the library\u2019s website and thus, is accessable free of charge through the internet. If you need further information feel free to contact us.<\/div> <div><\/div> <p>Content:<\/p> <ul> <li>Von der Nothwendigkeit und dem Nutzen der Thierarzney besonders f\u00fcr Ungarn<\/li> <li>Barmokat orvosl\u00f3-k\u00f6nyv<\/li> <li>A\u2019 barom-\u00e1llatok seb-gy\u00f3gy\u00edt\u00e1sa tudom\u00e1ny\u00e1r\u00f3l \u00edrtt k\u00f6nyvek<\/li> <li>Fugger M\u00e1rk \u00farnak a\u2019 lovak nevel\u00e9s\u00e9r\u0151l irtt k\u00f6nyve\u2026<\/li> <li>A\u2019 marha-d\u00f6gr\u0151l val\u00f3 jegyz\u00e9sek\u2026<\/li> <li>A\u2019 pusztai, hadi \u00e9s h\u00e1zi m\u00e9nesekr\u0151l \u00edrt k\u00f6nyv. 2. r\u00e9sz<\/li> <li>La mareschalerie de Laurent Ruse, ou sont contenuz remedes tres singuliers contre les maladie des chevaux<\/li> <li>Mulomedicina<\/li> <li>Hippiater expertus. Wolerfahrner Ross-Artzt<\/li> <li>Neuer und vermehrter Tractat von der Stuterey oder Fohlenzucht\u2026<\/li> <li>Llave de Albeyteria, primera y segunda parte<\/li> <li>Veterinarius foly\u00f3irat 1878-1881 k\u00f6z\u00f6tti \u00e9vfolyamai<\/li> <\/ul> <\/div> <\/div>","protected":false},"excerpt":{"rendered":"<p>&nbsp; Digitization of outstanding foreign and Hungarian documents from the Magyary-Kossa Historic Book Collection In 1894 a special collection was founded in the College of Veterinary Science, and it was named after Gyula Magyary-Kossa, professor of pharmacology and the most prominent head of the library ever since. 3586 titles (6352 volumes) were enumerated in his<\/p>\n","protected":false},"author":1,"featured_media":0,"parent":1709,"menu_order":413,"comment_status":"closed","ping_status":"closed","template":"","meta":{"_acf_changed":false,"footnotes":""},"categories":[],"tags":[],"class_list":["post-1646","page","type-page","status-publish","hentry"],"acf":[],"_links":{"self":[{"href":"https:\/\/univet.hu\/en\/wp-json\/wp\/v2\/pages\/1646","targetHints":{"allow":["GET"]}}],"collection":[{"href":"https:\/\/univet.hu\/en\/wp-json\/wp\/v2\/pages"}],"about":[{"href":"https:\/\/univet.hu\/en\/wp-json\/wp\/v2\/types\/page"}],"author":[{"embeddable":true,"href":"https:\/\/univet.hu\/en\/wp-json\/wp\/v2\/users\/1"}],"replies":[{"embeddable":true,"href":"https:\/\/univet.hu\/en\/wp-json\/wp\/v2\/comments?post=1646"}],"version-history":[{"count":0,"href":"https:\/\/univet.hu\/en\/wp-json\/wp\/v2\/pages\/1646\/revisions"}],"up":[{"embeddable":true,"href":"https:\/\/univet.hu\/en\/wp-json\/wp\/v2\/pages\/1709"}],"wp:attachment":[{"href":"https:\/\/univet.hu\/en\/wp-json\/wp\/v2\/media?parent=1646"}],"wp:term":[{"taxonomy":"category","embeddable":true,"href":"https:\/\/univet.hu\/en\/wp-json\/wp\/v2\/categories?post=1646"},{"taxonomy":"post_tag","embeddable":true,"href":"https:\/\/univet.hu\/en\/wp-json\/wp\/v2\/tags?post=1646"}],"curies":[{"name":"wp","href":"https:\/\/api.w.org\/{rel}","templated":true}]}}