{"id":1648,"date":"2018-03-21T12:04:25","date_gmt":"2018-03-21T11:04:22","guid":{"rendered":"http:\/\/univet.hu\/about\/library\/main-page\/"},"modified":"2018-03-21T16:27:09","modified_gmt":"2018-03-21T15:27:09","slug":"main-page","status":"publish","type":"page","link":"https:\/\/univet.hu\/en\/about\/library\/main-page\/","title":{"rendered":"Main page"},"content":{"rendered":"<p>&nbsp;<\/p> <div class=\"ml-slider-3-7-0 metaslider metaslider-nivo metaslider-585 ml-slider\" style=\"max-width: 700px;\"> <div id=\"metaslider_container_585\"> <div class=\"slider-wrapper theme-default\"> <div class=\"ribbon\"><\/div> <div id=\"metaslider_585\" class=\"nivoSlider\"><a href=\"http:\/\/konyvtar.univet.hu\/?page_id=31&amp;lang=en\" target=\"_self\"><img loading=\"lazy\" decoding=\"async\" class=\"slider-585 slide-1255\" src=\"http:\/\/konyvtar.univet.hu\/wp-content\/uploads\/2017\/11\/student-849822_1280-700x300.jpg\" data-replaced=\"true\" alt=\"\" width=\"700\" height=\"300\" data-title=\"A N\u00e1daskay B\u00e9la tanul\u00f3szoba szombaton is nyitva van! - N\u00e1daskay B\u00e9la Study room open on Saturday too!\" \/><\/a> <a href=\"http:\/\/konyvtar.univet.hu\/?p=1227&amp;lang=en\" target=\"_self\"><img loading=\"lazy\" decoding=\"async\" class=\"slider-585 slide-1232\" src=\"http:\/\/konyvtar.univet.hu\/wp-content\/uploads\/2017\/11\/survey-1594962_1280-700x300.jpg\" data-replaced=\"true\" alt=\"\" width=\"700\" height=\"300\" data-title=\"Haszn\u00e1l\u00f3i el\u00e9gedetts\u00e9gm\u00e9r\u00e9s - 2017 - Library user satisfaction survey\" \/><\/a> <a href=\"http:\/\/konyvtar.univet.hu\/?p=1191&amp;lang=en\" target=\"_self\"><img loading=\"lazy\" decoding=\"async\" class=\"slider-585 slide-1196\" src=\"http:\/\/konyvtar.univet.hu\/wp-content\/uploads\/2017\/11\/photographer-1927657_1280-700x300.jpg\" data-replaced=\"true\" alt=\"\" width=\"700\" height=\"300\" data-title=\"\u00daj wifi! - New wifi!\" \/><\/a> <a href=\"http:\/\/konyvtar.univet.hu\/?page_id=76&amp;lang=en\" target=\"_self\"><img loading=\"lazy\" decoding=\"async\" class=\"slider-585 slide-591\" src=\"http:\/\/konyvtar.univet.hu\/wp-content\/uploads\/2017\/11\/book-2911140_1280-700x300.jpg\" data-replaced=\"true\" alt=\"\" width=\"700\" height=\"300\" data-title=\"New books have arrived! Search the reading room or check out the website for them!\" \/><\/a> <a href=\"http:\/\/konyvtar.univet.hu\/?page_id=76&amp;lang=en\" target=\"_self\"><img loading=\"lazy\" decoding=\"async\" class=\"slider-585 slide-593\" src=\"http:\/\/konyvtar.univet.hu\/wp-content\/uploads\/2017\/08\/person-984236_1280-700x300.jpg\" data-replaced=\"true\" alt=\"\" width=\"700\" height=\"300\" data-title=\"\u00daj k\u00f6nyvek \u00e9rkeztek! Keresd az olvas\u00f3teremben, vagy n\u00e9zd meg a honlapon \u0151ket!\" \/><\/a><\/div> <\/div> <\/div> <\/div> <p><a href=\"http:\/\/konyvtar.univet.hu\/?cat=11&amp;lang=en\"><img loading=\"lazy\" decoding=\"async\" class=\"alignnone wp-image-935\" src=\"http:\/\/konyvtar.univet.hu\/wp-content\/uploads\/2017\/08\/news.png\" data-replaced=\"true\" sizes=\"auto, (max-width: 117px) 100vw, 117px\" srcset=\"http:\/\/konyvtar.univet.hu\/wp-content\/uploads\/2017\/08\/news.png\" \"true240w, http:><\/a>\u00a0 \u00a0 \u00a0 \u00a0 \u00a0\u00a0<a href=\"http:\/\/konyvtar.univet.hu\/?page_id=103&amp;lang=en\"><img loading=\"lazy\" decoding=\"async\" class=\"alignnone wp-image-936\" src=\"http:\/\/konyvtar.univet.hu\/wp-content\/uploads\/2017\/08\/ebooks-195x300.png\" data-replaced=\"true\" sizes=\"auto, (max-width: 78px) 100vw, 78px\" srcset=\"http:\/\/konyvtar.univet.hu\/wp-content\/uploads\/2017\/08\/ebooks-195x300.png\" \"true195w, http:><\/a>\u00a0 \u00a0 \u00a0 \u00a0 \u00a0\u00a0<a href=\"http:\/\/konyvtar.univet.hu\/?page_id=91&amp;lang=en\"><img loading=\"lazy\" decoding=\"async\" class=\"alignnone wp-image-922\" src=\"http:\/\/konyvtar.univet.hu\/wp-content\/uploads\/2017\/08\/searching.jpg\" data-replaced=\"true\" sizes=\"auto, (max-width: 118px) 100vw, 118px\" srcset=\"http:\/\/konyvtar.univet.hu\/wp-content\/uploads\/2017\/08\/searching.jpg\" \"true225w, http:><\/a>\u00a0 \u00a0 \u00a0 \u00a0 \u00a0\u00a0<a href=\"http:\/\/www2.univet.hu\/sc1\/static\/it\/vpn_reg.htm\"><img loading=\"lazy\" decoding=\"async\" class=\"alignnone wp-image-885\" src=\"http:\/\/konyvtar.univet.hu\/wp-content\/uploads\/2017\/09\/vpn.jpg\" data-replaced=\"true\" alt=\"\" width=\"107\" height=\"116\" \/><\/a>\u00a0 \u00a0 \u00a0 \u00a0 \u00a0\u00a0<a href=\"http:\/\/aotk.hunteka.ikron.hu\/monguz2\/\"><img loading=\"lazy\" decoding=\"async\" class=\"wp-image-1294 alignnone\" src=\"http:\/\/konyvtar.univet.hu\/wp-content\/uploads\/2017\/12\/loan.jpg\" data-replaced=\"true\" alt=\"\" width=\"122\" height=\"122\" \/><\/a><\/p> <p>&nbsp;<\/p>","protected":false},"excerpt":{"rendered":"<p>&nbsp; \u00a0 \u00a0 \u00a0 \u00a0 \u00a0\u00a0<\/p>\n","protected":false},"author":1,"featured_media":0,"parent":1080,"menu_order":377,"comment_status":"closed","ping_status":"closed","template":"","meta":{"_acf_changed":false,"footnotes":""},"categories":[],"tags":[],"class_list":["post-1648","page","type-page","status-publish","hentry"],"acf":[],"_links":{"self":[{"href":"https:\/\/univet.hu\/en\/wp-json\/wp\/v2\/pages\/1648","targetHints":{"allow":["GET"]}}],"collection":[{"href":"https:\/\/univet.hu\/en\/wp-json\/wp\/v2\/pages"}],"about":[{"href":"https:\/\/univet.hu\/en\/wp-json\/wp\/v2\/types\/page"}],"author":[{"embeddable":true,"href":"https:\/\/univet.hu\/en\/wp-json\/wp\/v2\/users\/1"}],"replies":[{"embeddable":true,"href":"https:\/\/univet.hu\/en\/wp-json\/wp\/v2\/comments?post=1648"}],"version-history":[{"count":0,"href":"https:\/\/univet.hu\/en\/wp-json\/wp\/v2\/pages\/1648\/revisions"}],"up":[{"embeddable":true,"href":"https:\/\/univet.hu\/en\/wp-json\/wp\/v2\/pages\/1080"}],"wp:attachment":[{"href":"https:\/\/univet.hu\/en\/wp-json\/wp\/v2\/media?parent=1648"}],"wp:term":[{"taxonomy":"category","embeddable":true,"href":"https:\/\/univet.hu\/en\/wp-json\/wp\/v2\/categories?post=1648"},{"taxonomy":"post_tag","embeddable":true,"href":"https:\/\/univet.hu\/en\/wp-json\/wp\/v2\/tags?post=1648"}],"curies":[{"name":"wp","href":"https:\/\/api.w.org\/{rel}","templated":true}]}}