{"id":16591,"date":"1970-01-01T01:00:00","date_gmt":"1970-01-01T00:00:00","guid":{"rendered":"http:\/\/univet.hu\/about\/veterinary-journal\/error-404\/"},"modified":"2025-01-07T19:58:09","modified_gmt":"2025-01-07T18:58:09","slug":"hvj-contact","status":"publish","type":"page","link":"https:\/\/univet.hu\/en\/about\/veterinary-journal\/hvj-contact\/","title":{"rendered":"Contact"},"content":{"rendered":"<div class=\"entry-content\"> <h2>Hungarian Veterinary Journal<\/h2> <p>F\u0150SZERKESZT\u0150 \/ EDITOR IN CHIEF: Dr. Balka Gyula<\/p> <p>SZERKESZT\u0150S\u00c9GI TITK\u00c1R \/ EDITORIAL OFFICE SECRETARY: T\u00f3th Zsuzsanna<\/p> <p>SZERKESZT\u0150S\u00c9G \/ EDITORIAL OFFICE<br \/> H-1078 Budapest, Istv\u00e1n u. 2. N \u00e9p. 2. em. (building N. 2. floor)<br \/> Lev\u00e9lc\u00edm: 1400 Budapest 7. Pf. 2.<br \/> Telefon\/fax: (36-1) 341-3023<br \/> Internet: http:\/\/www.univet.hu\/mal<br \/> E-mail: <a class=\"decrypt\" rel=\"nbmAvojwfu\/iv\" href=\"javascript:void(0);\">[Click to see email]<\/a><\/p> <p>KIAD\u00d3 \/ PUBLISHER<br \/> Herman Ott\u00f3 Int\u00e9zet Nonprofit Kft.<br \/> H-1223 Budapest, Park u. 2.<br \/> Telefon: (36-1) 362-8100<br \/> Telefax: (36-1) 362-8104<br \/> Internet: www.agrarlapok.hu<br \/> E-mail: <a class=\"decrypt\" rel=\"jogpAbhsbsmbqpl\/iv\" href=\"javascript:void(0);\">[Click to see email]<\/a><\/p> <\/div>","protected":false},"excerpt":{"rendered":"<p>Hungarian Veterinary Journal F\u0150SZERKESZT\u0150 \/ EDITOR IN CHIEF: Dr. Balka Gyula SZERKESZT\u0150S\u00c9GI TITK\u00c1R \/ EDITORIAL OFFICE SECRETARY: T\u00f3th Zsuzsanna SZERKESZT\u0150S\u00c9G \/ EDITORIAL OFFICE H-1078 Budapest, Istv\u00e1n u. 2. N \u00e9p. 2. em. (building N. 2. floor) Lev\u00e9lc\u00edm: 1400 Budapest 7. Pf. 2. Telefon\/fax: (36-1) 341-3023 Internet: http:\/\/www.univet.hu\/mal E-mail: [Click to see email] KIAD\u00d3 \/ PUBLISHER<\/p>\n","protected":false},"author":1,"featured_media":0,"parent":1179,"menu_order":228,"comment_status":"closed","ping_status":"closed","template":"","meta":{"_acf_changed":false,"footnotes":""},"categories":[],"tags":[],"class_list":["post-16591","page","type-page","status-publish","hentry"],"acf":[],"_links":{"self":[{"href":"https:\/\/univet.hu\/en\/wp-json\/wp\/v2\/pages\/16591","targetHints":{"allow":["GET"]}}],"collection":[{"href":"https:\/\/univet.hu\/en\/wp-json\/wp\/v2\/pages"}],"about":[{"href":"https:\/\/univet.hu\/en\/wp-json\/wp\/v2\/types\/page"}],"author":[{"embeddable":true,"href":"https:\/\/univet.hu\/en\/wp-json\/wp\/v2\/users\/1"}],"replies":[{"embeddable":true,"href":"https:\/\/univet.hu\/en\/wp-json\/wp\/v2\/comments?post=16591"}],"version-history":[{"count":1,"href":"https:\/\/univet.hu\/en\/wp-json\/wp\/v2\/pages\/16591\/revisions"}],"predecessor-version":[{"id":172642,"href":"https:\/\/univet.hu\/en\/wp-json\/wp\/v2\/pages\/16591\/revisions\/172642"}],"up":[{"embeddable":true,"href":"https:\/\/univet.hu\/en\/wp-json\/wp\/v2\/pages\/1179"}],"wp:attachment":[{"href":"https:\/\/univet.hu\/en\/wp-json\/wp\/v2\/media?parent=16591"}],"wp:term":[{"taxonomy":"category","embeddable":true,"href":"https:\/\/univet.hu\/en\/wp-json\/wp\/v2\/categories?post=16591"},{"taxonomy":"post_tag","embeddable":true,"href":"https:\/\/univet.hu\/en\/wp-json\/wp\/v2\/tags?post=16591"}],"curies":[{"name":"wp","href":"https:\/\/api.w.org\/{rel}","templated":true}]}}