{"id":16613,"date":"2017-04-27T09:36:00","date_gmt":"2017-04-27T07:36:00","guid":{"rendered":"http:\/\/univet.hu\/about\/impress\/"},"modified":"2021-08-23T10:35:14","modified_gmt":"2021-08-23T08:35:14","slug":"impress","status":"publish","type":"page","link":"https:\/\/univet.hu\/en\/about\/impress\/","title":{"rendered":"Impress"},"content":{"rendered":"<h2>Name of the Institution<\/h2> <p>University of Veterinary Medicine Budapest<\/p> <h2>Head Office<\/h2> <p>H-1078 Budapest, Istv\u00e1n street 2, Hungary<\/p> <div> <h2>Impressum<\/h2> <table width=\"683\"> <tbody> <tr> <td width=\"284\">Name:<\/td> <td width=\"399\">UNIVERSITY OF VETERINARY MEDICINE BUDAPEST (UVMB)<\/td> <\/tr> <tr> <td width=\"284\">Institutional ID:<\/td> <td width=\"399\">FI 21261<\/td> <\/tr> <tr> <td width=\"284\">Social security number:<\/td> <td width=\"399\">251\u00a0396\u00a0010<\/td> <\/tr> <tr> <td width=\"284\">Headquarter address:<\/td> <td width=\"399\">1078 Budapest, Istv\u00e1n utca 2.<\/td> <\/tr> <tr> <td width=\"284\">Postal address:<\/td> <td width=\"399\">1400 Budapest, Pf.: 2<\/td> <\/tr> <tr> <td width=\"284\">Maintainer:<\/td> <td width=\"399\">Marek J\u00f3zsef Foundation<\/td> <\/tr> <tr> <td width=\"284\">TE\u00c1OR-code of the core activity:<\/td> <td width=\"399\">8542 Higher education<\/td> <\/tr> <tr> <td width=\"284\">Tax number:<\/td> <td width=\"399\">19253268-2-42<\/td> <\/tr> <tr> <td width=\"284\">KSH statistical data:<\/td> <td width=\"399\">19253268 8542 599 01<\/td> <\/tr> <tr> <td width=\"284\">Leader:<\/td> <td width=\"399\">Dr. P\u00e9ter S\u00f3tonyi<\/td> <\/tr> <tr> <td width=\"284\">Start of assignment:<\/td> <td width=\"399\">1st July 2016<\/td> <\/tr> <tr> <td width=\"284\">Environmental client code:<\/td> <td width=\"399\">103514239<\/td> <\/tr> <\/tbody> <\/table> <h2><\/h2> <h2>Main accounts of the University<\/h2> <table width=\"683\"> <tbody> <tr> <td width=\"284\">Account number (HUF)<\/td> <td width=\"399\">11784009-22232496-00000000<\/td> <\/tr> <tr> <td width=\"284\">IBAN<\/td> <td width=\"399\">HU32117840092223249600000000<\/td> <\/tr> <tr> <td width=\"284\">Foreign currency bank account (EUR)<\/td> <td width=\"399\">11763842-00759883-00000000<\/td> <\/tr> <tr> <td width=\"284\">IBAN<\/td> <td width=\"399\">HU64117638420075988300000000<\/td> <\/tr> <tr> <td width=\"284\">SWIFT code:<\/td> <td width=\"399\">OTPVHUHB<\/td> <\/tr> <\/tbody> <\/table> <h2>Accounts to be used to pay tuition fees<\/h2> <table width=\"683\"> <tbody> <tr> <td width=\"284\">Collective account (HUF)<\/td> <td width=\"399\">11784009-22232575-00000000<\/td> <\/tr> <tr> <td width=\"284\">IBAN<\/td> <td width=\"399\">HU16117840092223257500000000<\/td> <\/tr> <tr> <td width=\"284\">Collective account (EUR)<\/td> <td width=\"399\">11763842-00852883-00000000<\/td> <\/tr> <tr> <td width=\"284\">IBAN<\/td> <td width=\"399\">HU22117638420085288300000000<\/td> <\/tr> <tr> <td width=\"284\">SWIFT k\u00f3d:<\/td> <td width=\"399\">OTPVHUHB<\/td> <\/tr> <\/tbody> <\/table> <\/div> <h2>Contact<\/h2> <p><a class=\"decrypt\" rel=\"jogpAvojwfu\/iv\" href=\"javascript:void(0);\">[Click to see email]<\/a><\/p> <h2>Editors<\/h2> <p><a title=\"Abonyi-Toth Zsolt\" href=\"https:\/\/univet.hu\/en\/university\/staff\/abonyi-toth-zsolt\" data-replaced=\"true\">Abonyi-T\u00f3th Zsolt<\/a>\u00a0&#8211; Site admin<\/p> <h2>Hosting provider<\/h2> <p>The institution itself provides the storage space. Report problems to\u00a0<a class=\"decrypt\" rel=\"xfcnbtufsAvojwfu\/iv\" href=\"javascript:void(0);\">[Click to see email]<\/a><\/p>","protected":false},"excerpt":{"rendered":"<p>Name of the Institution University of Veterinary Medicine Budapest Head Office H-1078 Budapest, Istv\u00e1n street 2, Hungary Impressum Name: UNIVERSITY OF VETERINARY MEDICINE BUDAPEST (UVMB) Institutional ID: FI 21261 Social security number: 251\u00a0396\u00a0010 Headquarter address: 1078 Budapest, Istv\u00e1n utca 2. Postal address: 1400 Budapest, Pf.: 2 Maintainer: Marek J\u00f3zsef Foundation TE\u00c1OR-code of the core activity:<\/p>\n","protected":false},"author":1,"featured_media":0,"parent":11,"menu_order":127,"comment_status":"closed","ping_status":"closed","template":"","meta":{"_acf_changed":false,"footnotes":""},"categories":[],"tags":[],"class_list":["post-16613","page","type-page","status-publish","hentry"],"acf":[],"_links":{"self":[{"href":"https:\/\/univet.hu\/en\/wp-json\/wp\/v2\/pages\/16613","targetHints":{"allow":["GET"]}}],"collection":[{"href":"https:\/\/univet.hu\/en\/wp-json\/wp\/v2\/pages"}],"about":[{"href":"https:\/\/univet.hu\/en\/wp-json\/wp\/v2\/types\/page"}],"author":[{"embeddable":true,"href":"https:\/\/univet.hu\/en\/wp-json\/wp\/v2\/users\/1"}],"replies":[{"embeddable":true,"href":"https:\/\/univet.hu\/en\/wp-json\/wp\/v2\/comments?post=16613"}],"version-history":[{"count":0,"href":"https:\/\/univet.hu\/en\/wp-json\/wp\/v2\/pages\/16613\/revisions"}],"up":[{"embeddable":true,"href":"https:\/\/univet.hu\/en\/wp-json\/wp\/v2\/pages\/11"}],"wp:attachment":[{"href":"https:\/\/univet.hu\/en\/wp-json\/wp\/v2\/media?parent=16613"}],"wp:term":[{"taxonomy":"category","embeddable":true,"href":"https:\/\/univet.hu\/en\/wp-json\/wp\/v2\/categories?post=16613"},{"taxonomy":"post_tag","embeddable":true,"href":"https:\/\/univet.hu\/en\/wp-json\/wp\/v2\/tags?post=16613"}],"curies":[{"name":"wp","href":"https:\/\/api.w.org\/{rel}","templated":true}]}}