{"id":172717,"date":"2025-01-08T21:54:36","date_gmt":"2025-01-08T20:54:36","guid":{"rendered":"https:\/\/univet.hu\/en\/about\/staff\/new-staff-member-page-2\/"},"modified":"2026-02-10T04:26:45","modified_gmt":"2026-02-10T03:26:45","slug":"somogyi-fanni","status":"publish","type":"page","link":"https:\/\/univet.hu\/en\/about\/staff\/somogyi-fanni\/","title":{"rendered":"Somogyi Fanni"},"content":{"rendered":"<p align=\"justify\">Dr. Fanni Somogyi completed her secondary school studies in \u00d3buda in 2018, and later that same year, she was admitted to the University of Veterinary Medicine, Budapest. She conducted her research for her TDK thesis at the Department of Pharmacology and Toxicology under the supervision of Dr. Orsolya Farkas and Dr. Nikolett Palkovicsn\u00e9 P\u00e9zsa. Her thesis won first place at the 2022 \u00c1TE TDK conference and later at the 36th ODTK conference held in 2023. In February 2024, she received her veterinary degree, and shortly after, she worked at N\u00c9BIH \u00c1DI, at the Department of Pathology. In the fall of 2024, she began her PhD studies at the Department of Pharmacology and Toxicology under the supervision of Dr. Orsolya Farkas. Her research focuses on examining the effectiveness of various flavonoids in treating gastrointestinal diseases using canine and porcine enterocyte and white blood cell co-cultures. Alongside her PhD studies, she assists teachers and researchers as a departmental veterinarian, and she is also a member of the University Doctoral Students\u2019 Self-Government.<\/p>","protected":false},"excerpt":{"rendered":"<p>Dr. Fanni Somogyi completed her secondary school studies in \u00d3buda in 2018, and later that same year, she was admitted to the University of Veterinary Medicine, Budapest. She conducted her research for her TDK thesis at the Department of Pharmacology and Toxicology under the supervision of Dr. Orsolya Farkas and Dr. Nikolett Palkovicsn\u00e9 P\u00e9zsa. Her<\/p>\n","protected":false},"author":5824,"featured_media":0,"parent":857,"menu_order":0,"comment_status":"open","ping_status":"open","template":"","meta":{"_acf_changed":false,"footnotes":""},"categories":[],"tags":[],"class_list":["post-172717","page","type-page","status-publish","hentry"],"acf":[],"_links":{"self":[{"href":"https:\/\/univet.hu\/en\/wp-json\/wp\/v2\/pages\/172717","targetHints":{"allow":["GET"]}}],"collection":[{"href":"https:\/\/univet.hu\/en\/wp-json\/wp\/v2\/pages"}],"about":[{"href":"https:\/\/univet.hu\/en\/wp-json\/wp\/v2\/types\/page"}],"author":[{"embeddable":true,"href":"https:\/\/univet.hu\/en\/wp-json\/wp\/v2\/users\/5824"}],"replies":[{"embeddable":true,"href":"https:\/\/univet.hu\/en\/wp-json\/wp\/v2\/comments?post=172717"}],"version-history":[{"count":2,"href":"https:\/\/univet.hu\/en\/wp-json\/wp\/v2\/pages\/172717\/revisions"}],"predecessor-version":[{"id":184546,"href":"https:\/\/univet.hu\/en\/wp-json\/wp\/v2\/pages\/172717\/revisions\/184546"}],"up":[{"embeddable":true,"href":"https:\/\/univet.hu\/en\/wp-json\/wp\/v2\/pages\/857"}],"wp:attachment":[{"href":"https:\/\/univet.hu\/en\/wp-json\/wp\/v2\/media?parent=172717"}],"wp:term":[{"taxonomy":"category","embeddable":true,"href":"https:\/\/univet.hu\/en\/wp-json\/wp\/v2\/categories?post=172717"},{"taxonomy":"post_tag","embeddable":true,"href":"https:\/\/univet.hu\/en\/wp-json\/wp\/v2\/tags?post=172717"}],"curies":[{"name":"wp","href":"https:\/\/api.w.org\/{rel}","templated":true}]}}