{"id":175008,"date":"2025-02-04T09:33:19","date_gmt":"2025-02-04T08:33:19","guid":{"rendered":"https:\/\/univet.hu\/?page_id=175008"},"modified":"2025-02-10T12:10:02","modified_gmt":"2025-02-10T11:10:02","slug":"veterinary-management-of-pet-ruminants-and-swine","status":"publish","type":"page","link":"https:\/\/univet.hu\/en\/education\/courses\/veterinary-management-of-pet-ruminants-and-swine\/","title":{"rendered":"Veterinary management of pet ruminants and swine"},"content":{"rendered":"<p>Subject description:<\/p> <p>The veterinary supervision of production animals kept as pets is increasingly relevant, and presents unusual challenges. Different nutritional, technological problems and infectious diseases can be seen than in intensive farming technologies.<\/p> <p>Practicing veterinarians face challenges during caring for these animals. Throughout this course, we aim to provide insight into the most common problems affecting pet ruminants and swine.<\/p> <p>Lecturers: R\u00e1tky J\u00f3zsef, L\u00e9n\u00e1rt Lea, Csepreghy Anna<\/p> <p>Method of evaluation: project<\/p>","protected":false},"excerpt":{"rendered":"<p>Subject description: The veterinary supervision of production animals kept as pets is increasingly relevant, and presents unusual challenges. Different nutritional, technological problems and infectious diseases can be seen than in intensive farming technologies. Practicing veterinarians face challenges during caring for these animals. Throughout this course, we aim to provide insight into the most common problems<\/p>\n","protected":false},"author":3837,"featured_media":0,"parent":676,"menu_order":0,"comment_status":"open","ping_status":"open","template":"","meta":{"_acf_changed":false,"footnotes":""},"categories":[],"tags":[],"class_list":["post-175008","page","type-page","status-publish","hentry"],"acf":[],"_links":{"self":[{"href":"https:\/\/univet.hu\/en\/wp-json\/wp\/v2\/pages\/175008","targetHints":{"allow":["GET"]}}],"collection":[{"href":"https:\/\/univet.hu\/en\/wp-json\/wp\/v2\/pages"}],"about":[{"href":"https:\/\/univet.hu\/en\/wp-json\/wp\/v2\/types\/page"}],"author":[{"embeddable":true,"href":"https:\/\/univet.hu\/en\/wp-json\/wp\/v2\/users\/3837"}],"replies":[{"embeddable":true,"href":"https:\/\/univet.hu\/en\/wp-json\/wp\/v2\/comments?post=175008"}],"version-history":[{"count":5,"href":"https:\/\/univet.hu\/en\/wp-json\/wp\/v2\/pages\/175008\/revisions"}],"predecessor-version":[{"id":175693,"href":"https:\/\/univet.hu\/en\/wp-json\/wp\/v2\/pages\/175008\/revisions\/175693"}],"up":[{"embeddable":true,"href":"https:\/\/univet.hu\/en\/wp-json\/wp\/v2\/pages\/676"}],"wp:attachment":[{"href":"https:\/\/univet.hu\/en\/wp-json\/wp\/v2\/media?parent=175008"}],"wp:term":[{"taxonomy":"category","embeddable":true,"href":"https:\/\/univet.hu\/en\/wp-json\/wp\/v2\/categories?post=175008"},{"taxonomy":"post_tag","embeddable":true,"href":"https:\/\/univet.hu\/en\/wp-json\/wp\/v2\/tags?post=175008"}],"curies":[{"name":"wp","href":"https:\/\/api.w.org\/{rel}","templated":true}]}}