{"id":175182,"date":"2025-02-04T12:41:44","date_gmt":"2025-02-04T11:41:44","guid":{"rendered":"https:\/\/univet.hu\/en\/education\/doctoral-school\/subjects\/name\/"},"modified":"2025-02-04T12:54:00","modified_gmt":"2025-02-04T11:54:00","slug":"archive","status":"publish","type":"page","link":"https:\/\/univet.hu\/en\/education\/doctoral-school\/subjects\/archive\/","title":{"rendered":"Archive"},"content":{"rendered":"<table style=\"height: 1170px;width: 90.1798%;margin-left: 40px\" width=\"1019\"> <tbody> <tr style=\"height: 27px\"> <td style=\"width: 53.6247%;text-align: center;height: 27px\"> <h4 style=\"padding-left: 40px\"><span style=\"color: #3366ff\">Autumn<strong> Semester<\/strong><\/span><\/h4> <\/td> <td style=\"width: 7.76038%;height: 27px;padding-left: 40px\"><\/td> <td style=\"width: 18.0483%;height: 27px;padding-left: 40px\"><\/td> <td style=\"width: 32.7609%;height: 27px;padding-left: 40px\"><\/td> <\/tr> <tr style=\"height: 27px;padding-left: 40px\"> <td style=\"width: 53.6247%;height: 27px;padding-left: 40px\"><span style=\"font-size: 14pt\"><strong>\u00a0<\/strong><\/span><\/td> <td style=\"width: 7.76038%;height: 27px;text-align: center\"><strong>Credits<\/strong><\/td> <td style=\"width: 18.0483%;height: 27px;text-align: center\"><strong>Lectures &amp; practicals<\/strong><\/td> <td style=\"width: 32.7609%;height: 27px;text-align: center\"><strong>Lecturer\u00a0<\/strong><\/td> <\/tr> <tr style=\"height: 27px;padding-left: 40px\"> <td style=\"width: 53.6247%;height: 27px\"><span style=\"font-size: 14pt\"><strong>A1. <a href=\"https:\/\/univet.hu\/wp-content\/uploads\/2020\/04\/1_1_Basics-of-Biostatistics-Sheet1.pdf\">Basics of Biostatistics<\/a>\u00a0<\/strong><\/span><\/td> <td style=\"width: 7.76038%;height: 27px;padding-left: 40px;text-align: center\">4<\/td> <td style=\"width: 18.0483%;height: 27px;text-align: center\">32<\/td> <td style=\"width: 32.7609%;height: 27px;text-align: center\">Dr. Reiczigel Jen\u0151<\/td> <\/tr> <tr style=\"height: 27px;padding-left: 40px\"> <td style=\"width: 53.6247%;height: 27px\"><span style=\"font-size: 14pt\"><strong>A1. <a href=\"https:\/\/univet.hu\/wp-content\/uploads\/2020\/04\/1_1_Application-driven-Biostatistics-in-Excel-Sheet1.pdf\">Application-driven Biostatistics in Excel<\/a>\u00a0<\/strong><\/span><\/td> <td style=\"width: 7.76038%;height: 27px;padding-left: 40px;text-align: center\">1.5<\/td> <td style=\"width: 18.0483%;height: 27px;text-align: center\">16<\/td> <td style=\"width: 32.7609%;height: 27px;text-align: center\">Abonyi-T\u00f3th Zsolt<\/td> <\/tr> <tr style=\"height: 27px;padding-left: 40px\"> <td style=\"width: 53.6247%;height: 27px\"><span style=\"font-size: 14pt\"><strong>A1. <a href=\"https:\/\/univet.hu\/wp-content\/uploads\/2020\/04\/1_1_Planning-and-Evaluation-of-Experiments-Sheet1.pdf\">Planning and Evaluation of Experiments<\/a>\u00a0<\/strong><\/span><\/td> <td style=\"width: 7.76038%;height: 27px;padding-left: 40px;text-align: center\">4<\/td> <td style=\"width: 18.0483%;height: 27px;text-align: center\">24<\/td> <td style=\"width: 32.7609%;height: 27px;text-align: center\">Dr. Reiczigel Jen\u0151<\/td> <\/tr> <tr style=\"height: 27px;padding-left: 40px\"> <td style=\"width: 53.6247%;height: 27px\"><span style=\"font-size: 14pt\"><strong>A1. <a href=\"https:\/\/univet.hu\/wp-content\/uploads\/2020\/04\/1_1_Library-Informatics-Sheet1.pdf\">Library Informatics<\/a>\u00a0<\/strong><\/span><\/td> <td style=\"width: 7.76038%;height: 27px;padding-left: 40px;text-align: center\">3<\/td> <td style=\"width: 18.0483%;height: 27px;text-align: center\">16<\/td> <td style=\"width: 32.7609%;height: 27px;text-align: center\">Bik\u00e1di Katalin<\/td> <\/tr> <tr style=\"height: 27px;padding-left: 40px\"> <td style=\"width: 53.6247%;height: 27px\"><span style=\"font-size: 14pt\"><strong>A1. <a href=\"https:\/\/univet.hu\/wp-content\/uploads\/2020\/04\/1_1_Research-Planning-Sheet1.pdf\">Research Planning<\/a><\/strong><\/span><\/td> <td style=\"width: 7.76038%;height: 27px;padding-left: 40px;text-align: center\">4<\/td> <td style=\"width: 18.0483%;height: 27px;text-align: center\">24<\/td> <td style=\"width: 32.7609%;height: 27px;text-align: center\">Dr. Kis J\u00e1nos<\/td> <\/tr> <tr style=\"height: 27px;padding-left: 40px\"> <td style=\"width: 53.6247%;height: 27px\"><span style=\"font-size: 14pt\"><strong>A1. <a href=\"https:\/\/univet.hu\/wp-content\/uploads\/2020\/04\/1_1_Laboratory-Animal-Science-and-Animal-Welfare-Sheet1.pdf\">Laboratory Animal Science and Animal Welfare<\/a>\u00a0<\/strong><\/span><\/td> <td style=\"width: 7.76038%;height: 27px;padding-left: 40px;text-align: center\">8<\/td> <td style=\"width: 18.0483%;height: 27px;text-align: center\">80<\/td> <td style=\"width: 32.7609%;height: 27px;text-align: center\">Dr. Fekete S\u00e1ndor Gy\u00f6rgy<\/td> <\/tr> <tr style=\"height: 28px;padding-left: 40px\"> <td style=\"width: 53.6247%;height: 28px;padding-left: 40px\"><span style=\"font-size: 14pt\"><strong>\u00a0<\/strong><\/span><\/td> <td style=\"width: 7.76038%;text-align: center;height: 28px;padding-left: 40px\"><\/td> <td style=\"width: 18.0483%;text-align: center;height: 28px;padding-left: 40px\"><\/td> <td style=\"width: 32.7609%;text-align: center;height: 28px;padding-left: 40px\"><\/td> <\/tr> <tr style=\"height: 67px;padding-left: 40px\"> <td style=\"width: 53.6247%;height: 67px;padding-left: 40px\"> <h4 style=\"text-align: center;padding-left: 40px\"><span style=\"color: #3366ff\"><strong>Spring Semester<\/strong><\/span><\/h4> <\/td> <td style=\"width: 7.76038%;text-align: center;height: 67px;padding-left: 40px\"><\/td> <td style=\"width: 18.0483%;text-align: center;height: 67px;padding-left: 40px\"><\/td> <td style=\"width: 32.7609%;text-align: center;height: 67px;padding-left: 40px\"><\/td> <\/tr> <tr style=\"height: 50px;padding-left: 40px\"> <td style=\"width: 53.6247%;height: 50px;padding-left: 40px\"><span style=\"font-size: 14pt\"><strong>\u00a0<\/strong><\/span><\/td> <td style=\"width: 7.76038%;height: 50px;text-align: center\"><strong>Credits<\/strong><\/td> <td style=\"width: 18.0483%;height: 50px;text-align: center\"><strong>Lectures &amp; practicals\u00a0<\/strong><\/td> <td style=\"width: 32.7609%;height: 50px;text-align: center\"><strong>Lecturer\u00a0<\/strong><\/td> <\/tr> <tr style=\"height: 27px;padding-left: 40px\"> <td style=\"width: 53.6247%;height: 27px\"><span style=\"font-size: 14pt\"><strong>A2. <a href=\"https:\/\/univet.hu\/wp-content\/uploads\/2020\/12\/1_2_Ethics-in-Research.pdf\">Ethics in Research<\/a><\/strong><\/span><\/td> <td style=\"width: 7.76038%;text-align: center;height: 27px\">2<\/td> <td style=\"width: 18.0483%;text-align: center;height: 27px\">10<\/td> <td style=\"width: 32.7609%;height: 27px;text-align: center\">Dr. Harnos Andrea<\/td> <\/tr> <tr style=\"height: 48px;padding-left: 40px\"> <td style=\"width: 53.6247%;height: 48px\"><span style=\"font-size: 14pt\"><strong>A2. <a href=\"https:\/\/univet.hu\/wp-content\/uploads\/2020\/12\/1_2_Graphics-and-Presentation.pdf\">Graphics and Presentation<\/a><\/strong><\/span><\/td> <td style=\"width: 7.76038%;text-align: center;height: 48px\">2,5<\/td> <td style=\"width: 18.0483%;text-align: center;height: 48px\">24<\/td> <td style=\"width: 32.7609%;height: 48px;text-align: center\">Bajcsayn\u00e9 F\u00e1bi\u00e1n Ibolya<\/td> <\/tr> <tr style=\"height: 29px;padding-left: 40px\"> <td style=\"width: 53.6247%;height: 29px\"><span style=\"font-size: 14pt\"><strong>A2. <a href=\"https:\/\/univet.hu\/wp-content\/uploads\/2020\/12\/1_2_Introduction-into-Education.pdf\">Introduction into Education<\/a><\/strong><\/span><\/td> <td style=\"width: 7.76038%;text-align: center;height: 29px\">3<\/td> <td style=\"width: 18.0483%;text-align: center;height: 29px\">10<\/td> <td style=\"width: 32.7609%;height: 29px;text-align: center\">Dr. Moln\u00e1r\u00a0Marietta<\/td> <\/tr> <tr style=\"height: 29px;padding-left: 40px\"> <td style=\"width: 53.6247%;height: 29px\"><span style=\"font-size: 14pt\"><strong>A2. <a href=\"https:\/\/univet.hu\/wp-content\/uploads\/2020\/12\/1_2_Methods-for-Scientific-Communication.pdf\">Methods for Scientific Communication<\/a><\/strong><\/span><\/td> <td style=\"width: 7.76038%;text-align: center;height: 29px\">3<\/td> <td style=\"width: 18.0483%;text-align: center;height: 29px\">28<\/td> <td style=\"width: 32.7609%;height: 29px;text-align: center\">Dr. Hornung Erzs\u00e9bet<\/td> <\/tr> <tr style=\"height: 29px;padding-left: 40px\"> <td style=\"width: 53.6247%;height: 29px\"><span style=\"font-size: 14pt\"><strong>A2. <a href=\"https:\/\/univet.hu\/wp-content\/uploads\/2020\/12\/1_2_Planning-and-Evaluation-of-Epidemiological-Studies.pdf\">Planning and Evaluation of Epidemiological Studies<\/a><\/strong><\/span><\/td> <td style=\"width: 7.76038%;text-align: center;height: 29px\">3<\/td> <td style=\"width: 18.0483%;text-align: center;height: 29px\">24<\/td> <td style=\"width: 32.7609%;height: 29px;text-align: center\">Dr. Reiczigel Jen\u0151<\/td> <\/tr> <tr style=\"height: 27px;padding-left: 40px\"> <td style=\"width: 53.6247%;height: 27px\"><span style=\"font-size: 14pt\"><strong>A2. <a href=\"https:\/\/univet.hu\/wp-content\/uploads\/2020\/12\/1_2_Regression-Models-Regression-Analysis-in-Research.pdf\">Regression Models, Regression Analysis in Research<\/a><\/strong><\/span><\/td> <td style=\"width: 7.76038%;text-align: center;height: 27px\">3<\/td> <td style=\"width: 18.0483%;text-align: center;height: 27px\">24<\/td> <td style=\"width: 32.7609%;height: 27px;text-align: center\">Dr. Reiczigel Jen\u0151<\/td> <\/tr> <tr style=\"height: 24px;padding-left: 40px\"> <td style=\"width: 53.6247%;height: 24px;padding-left: 40px\"><\/td> <td style=\"width: 7.76038%;text-align: center;height: 24px;padding-left: 40px\"><\/td> <td style=\"width: 18.0483%;text-align: center;height: 24px;padding-left: 40px\"><\/td> <td style=\"width: 32.7609%;height: 24px;text-align: center\"><\/td> <\/tr> <tr style=\"height: 27px;padding-left: 40px\"> <td style=\"width: 53.6247%;height: 27px\"><strong><span style=\"font-size: 14pt\">A31. <a href=\"https:\/\/univet.hu\/wp-content\/uploads\/2020\/12\/1_2_-Advanced-Excel-Skills.pdf\">Advanced Excel Skills<\/a><\/span><\/strong><\/td> <td style=\"width: 7.76038%;text-align: center;height: 27px\">2<\/td> <td style=\"width: 18.0483%;text-align: center;height: 27px\">24<\/td> <td style=\"width: 32.7609%;height: 27px;text-align: center\">Dr. Reiczigel Jen\u0151<\/td> <\/tr> <tr style=\"height: 27px;padding-left: 40px\"> <td style=\"width: 53.6247%;height: 27px\"><strong><span style=\"font-size: 14pt\">A31. Bioinformatics<\/span><\/strong><\/td> <td style=\"width: 7.76038%;text-align: center;height: 27px\">2<\/td> <td style=\"width: 18.0483%;text-align: center;height: 27px\">20<\/td> <td style=\"width: 32.7609%;height: 27px;text-align: center\">Dr. Bartha Tibor<\/td> <\/tr> <tr style=\"height: 27px;padding-left: 40px\"> <td style=\"width: 53.6247%;height: 27px\"><strong><span style=\"font-size: 14pt\">A31. <a href=\"https:\/\/univet.hu\/wp-content\/uploads\/2020\/12\/1_2_Computer-Modeling.pdf\">Computer Modeling<\/a><\/span><\/strong><\/td> <td style=\"width: 7.76038%;text-align: center;height: 27px\">3<\/td> <td style=\"width: 18.0483%;text-align: center;height: 27px\">42<\/td> <td style=\"width: 32.7609%;height: 27px;text-align: center\">Dr. K\u00f6v\u00e9r Szilvia<\/td> <\/tr> <tr style=\"height: 48px;padding-left: 40px\"> <td style=\"width: 53.6247%;height: 48px\"><strong><span style=\"font-size: 14pt\">A31. <a href=\"https:\/\/univet.hu\/wp-content\/uploads\/2020\/12\/1_2_Eukaryotic-Cell-Cultures.pdf\">Eukaryotic Cell Cultures<\/a><\/span><\/strong><\/td> <td style=\"width: 7.76038%;text-align: center;height: 48px\">\u00a04<\/td> <td style=\"width: 18.0483%;text-align: center;height: 48px\">40<\/td> <td style=\"width: 32.7609%;height: 48px;text-align: center\">Dr. Farkas Orsolya,<br \/> Dr. Gere Erzs\u00e9bet<\/td> <\/tr> <tr style=\"height: 27px;padding-left: 40px\"> <td style=\"width: 53.6247%;height: 27px\"><strong><span style=\"font-size: 14pt\">A31. <a href=\"https:\/\/univet.hu\/wp-content\/uploads\/2020\/12\/1_2_Genomics-Practicum.pdf\">Genomics Practicum<\/a><\/span><\/strong><\/td> <td style=\"width: 7.76038%;text-align: center;height: 27px;padding-left: 40px\"><\/td> <td style=\"width: 18.0483%;text-align: center;height: 27px\">30<\/td> <td style=\"width: 32.7609%;height: 27px;text-align: center\">Dr. Solymosi Norbert<\/td> <\/tr> <tr style=\"height: 27px;padding-left: 40px\"> <td style=\"width: 53.6247%;height: 27px\"><strong><span style=\"font-size: 14pt\">A31. <a href=\"https:\/\/univet.hu\/wp-content\/uploads\/2020\/12\/1_2_-Microbial-Biotechnology.pdf\">Microbial Biotechnology<\/a><\/span><\/strong><\/td> <td style=\"width: 7.76038%;text-align: center;height: 27px\">2<\/td> <td style=\"width: 18.0483%;text-align: center;height: 27px\">12<\/td> <td style=\"width: 32.7609%;height: 27px;text-align: center\">Dr. Forg\u00e1ch Petra<\/td> <\/tr> <tr style=\"height: 22px;padding-left: 40px\"> <td style=\"width: 53.6247%;height: 22px\"><strong><span style=\"font-size: 14pt\">A31. <a href=\"https:\/\/univet.hu\/wp-content\/uploads\/2020\/12\/1_2_Models-in-Population-Biology.pdf\">Models in Population Biology<\/a><\/span><\/strong><\/td> <td style=\"width: 7.76038%;text-align: center;height: 22px\">2<\/td> <td style=\"width: 18.0483%;text-align: center;height: 22px\">28<\/td> <td style=\"width: 32.7609%;height: 22px;text-align: center\">Dr. K\u00f6v\u00e9r Szilvia<\/td> <\/tr> <tr style=\"height: 27px;padding-left: 40px\"> <td style=\"width: 53.6247%;height: 27px\"><strong><span style=\"font-size: 14pt\">A31. <a href=\"https:\/\/univet.hu\/wp-content\/uploads\/2020\/12\/1_2_Molecular-Biology.pdf\">Molecular Biology<\/a><\/span><\/strong><\/td> <td style=\"width: 7.76038%;text-align: center;height: 27px;padding-left: 40px\"><\/td> <td style=\"width: 18.0483%;text-align: center;height: 27px;padding-left: 40px\"><\/td> <td style=\"width: 32.7609%;text-align: center;height: 27px\">Dr. Jancsik Veronika<\/td> <\/tr> <tr style=\"padding-left: 40px\"> <td style=\"width: 53.6247%;height: 92px\"><strong><span style=\"font-size: 14pt\">A31. <a href=\"https:\/\/univet.hu\/wp-content\/uploads\/2020\/12\/1_2_Redox-Status-and-Oxidative-Stress-in-Cell-Biology.pdf\">Redox Status and Oxidative Stress in Cell Biology<\/a><\/span><\/strong><\/td> <td style=\"width: 7.76038%;text-align: center;height: 92px\">2<\/td> <td style=\"width: 18.0483%;text-align: center;height: 92px\">6<\/td> <td style=\"width: 32.7609%;text-align: center;height: 92px\">P\u00e1sztin\u00e9 Dr. Gere Erzs\u00e9bet<\/td> <\/tr> <tr style=\"padding-left: 40px\"> <td style=\"width: 53.6247%;height: 47px\"><strong><span style=\"font-size: 14pt\">A31. The Molecular Physiology of the Cells<\/span><\/strong><\/td> <td style=\"width: 7.76038%;text-align: center;height: 47px\">1,5<\/td> <td style=\"width: 18.0483%;text-align: center;height: 47px\">15<\/td> <td style=\"width: 32.7609%;text-align: center;height: 47px\">Dr. Bartha Tibor<\/td> <\/tr> <\/tbody> <\/table> <p><\/p>","protected":false},"excerpt":{"rendered":"<p>Autumn Semester \u00a0 Credits Lectures &amp; practicals Lecturer\u00a0 A1. Basics of Biostatistics\u00a0 4 32 Dr. Reiczigel Jen\u0151 A1. Application-driven Biostatistics in Excel\u00a0 1.5 16 Abonyi-T\u00f3th Zsolt A1. Planning and Evaluation of Experiments\u00a0 4 24 Dr. Reiczigel Jen\u0151 A1. Library Informatics\u00a0 3 16 Bik\u00e1di Katalin A1. Research Planning 4 24 Dr. Kis J\u00e1nos A1. Laboratory Animal<\/p>\n","protected":false},"author":5394,"featured_media":0,"parent":52681,"menu_order":0,"comment_status":"open","ping_status":"open","template":"","meta":{"_acf_changed":false,"footnotes":""},"categories":[],"tags":[],"class_list":["post-175182","page","type-page","status-publish","hentry"],"acf":[],"_links":{"self":[{"href":"https:\/\/univet.hu\/en\/wp-json\/wp\/v2\/pages\/175182","targetHints":{"allow":["GET"]}}],"collection":[{"href":"https:\/\/univet.hu\/en\/wp-json\/wp\/v2\/pages"}],"about":[{"href":"https:\/\/univet.hu\/en\/wp-json\/wp\/v2\/types\/page"}],"author":[{"embeddable":true,"href":"https:\/\/univet.hu\/en\/wp-json\/wp\/v2\/users\/5394"}],"replies":[{"embeddable":true,"href":"https:\/\/univet.hu\/en\/wp-json\/wp\/v2\/comments?post=175182"}],"version-history":[{"count":3,"href":"https:\/\/univet.hu\/en\/wp-json\/wp\/v2\/pages\/175182\/revisions"}],"predecessor-version":[{"id":175187,"href":"https:\/\/univet.hu\/en\/wp-json\/wp\/v2\/pages\/175182\/revisions\/175187"}],"up":[{"embeddable":true,"href":"https:\/\/univet.hu\/en\/wp-json\/wp\/v2\/pages\/52681"}],"wp:attachment":[{"href":"https:\/\/univet.hu\/en\/wp-json\/wp\/v2\/media?parent=175182"}],"wp:term":[{"taxonomy":"category","embeddable":true,"href":"https:\/\/univet.hu\/en\/wp-json\/wp\/v2\/categories?post=175182"},{"taxonomy":"post_tag","embeddable":true,"href":"https:\/\/univet.hu\/en\/wp-json\/wp\/v2\/tags?post=175182"}],"curies":[{"name":"wp","href":"https:\/\/api.w.org\/{rel}","templated":true}]}}