{"id":176267,"date":"2025-02-19T11:06:52","date_gmt":"2025-02-19T10:06:52","guid":{"rendered":"https:\/\/univet.hu\/en\/about\/project-proposals\/nrdio-projects\/development-of-a2-dairy-products\/"},"modified":"2025-09-08T09:10:43","modified_gmt":"2025-09-08T07:10:43","slug":"development-of-a2-dairy-products-supported-by-a-digital-food-chain-management-system","status":"publish","type":"page","link":"https:\/\/univet.hu\/en\/about\/project-proposals\/nrdio-projects\/development-of-a2-dairy-products-supported-by-a-digital-food-chain-management-system\/","title":{"rendered":"Development of A2 dairy products supported by a digital food chain management system"},"content":{"rendered":"<p><strong>Project identification number: 2024-1.1.1-KKV_F\u00d3KUSZ-2024-00072<\/strong><\/p> <p>The project will be implemented in cooperation with a consortium, with the help of the following partners:<\/p> <ul> <li>MAKROM Energiaszolg\u00e1ltat\u00f3, Mez\u0151gazdas\u00e1gi G\u00e9pjav\u00edt\u00f3 Szolg\u00e1ltat\u00f3 \u00e9s Kereskedelmi Kft.<\/li> <li>University of Veterinary Medicine, Budapest<\/li> <\/ul> <p>Amount of fund (HUF): 313 639\u00a0291 HUF<\/p> <p>Total project cost (HUF): 435 531\u00a0272 HUF<\/p> <p>Start of implementation of the project: 01.03.2025.<\/p> <p>Planned deadline for the physical completion of the project: 28.02.2027.<\/p> <p><strong>\u00a0<\/strong><\/p> <p><strong>DETAILED CONTENT OF THE PROJECT<\/strong><\/p> <p>The idea for the project comes from Makrom Ltd&#8217;s previous successful innovations and experience in the dairy industry. Based on the experience gained in the development of A2 dairy products and a thorough assessment of market needs, it was decided to create a new range of dairy products with a long shelf life. The aim of the project is to develop a new range of A2 yoghurt and cheese products with enhanced shelf-life and nutritional benefits, supported by a digital food chain management system. The development will be carried out by a consortium of Makrom Ltd. and the University of Veterinary Medicine to produce A2 dairy products with a long shelf-life without the addition of preservatives. The project has a significant scientific and technological novelty content, as current market solutions are not able to ensure the long shelf-life of dairy products with the same efficiency and quality. The assessment of microbiological parameters, their systemic analysis and the development, adaptation and implementation of state-of-the-art digital technology solutions such as the digital food chain management system and the AI-supported risk analysis system ensure a high level of hygiene for dairy prooducts. The market potential of A2 dairy products resulting from this development is significant, as consumers are increasingly looking for natural, preservative-free foods. The development will not only contribute to the success of the current project, but will also be valuable for other food RDI projects in the long term, as the new technology and thus increased shelf-life to be introduced in the production of dairy products can be adapted to other producers and products based on growing market needs, thus contributing to the competitiveness of the Hungarian agri-food industry.<\/p> <p><a href=\"https:\/\/zilda.hu\/palyazatok\">P\u00e1ly\u00e1zatok &#8211; ZILDA | Mindenb\u0151l a min\u0151s\u00e9get!<\/a><\/p> <p>&nbsp;<\/p> <p><img loading=\"lazy\" decoding=\"async\" class=\"wp-image-176268 alignright\" src=\"https:\/\/univet.hu\/wp-content\/uploads\/2025\/02\/NKFIA_infoblokk_kerettel_program_fekvo_2019_EN1-320x113.jpg\" alt=\"\" width=\"439\" height=\"155\" srcset=\"https:\/\/univet.hu\/wp-content\/uploads\/2025\/02\/NKFIA_infoblokk_kerettel_program_fekvo_2019_EN1-320x113.jpg 320w, https:\/\/univet.hu\/wp-content\/uploads\/2025\/02\/NKFIA_infoblokk_kerettel_program_fekvo_2019_EN1-960x338.jpg 960w, https:\/\/univet.hu\/wp-content\/uploads\/2025\/02\/NKFIA_infoblokk_kerettel_program_fekvo_2019_EN1-768x270.jpg 768w, https:\/\/univet.hu\/wp-content\/uploads\/2025\/02\/NKFIA_infoblokk_kerettel_program_fekvo_2019_EN1-1536x541.jpg 1536w, https:\/\/univet.hu\/wp-content\/uploads\/2025\/02\/NKFIA_infoblokk_kerettel_program_fekvo_2019_EN1-2048x721.jpg 2048w\" sizes=\"auto, (max-width: 439px) 100vw, 439px\" \/><\/p> <p>&nbsp;<\/p>","protected":false},"excerpt":{"rendered":"<p>Project identification number: 2024-1.1.1-KKV_F\u00d3KUSZ-2024-00072 The project will be implemented in cooperation with a consortium, with the help of the following partners: MAKROM Energiaszolg\u00e1ltat\u00f3, Mez\u0151gazdas\u00e1gi G\u00e9pjav\u00edt\u00f3 Szolg\u00e1ltat\u00f3 \u00e9s Kereskedelmi Kft. University of Veterinary Medicine, Budapest Amount of fund (HUF): 313 639\u00a0291 HUF Total project cost (HUF): 435 531\u00a0272 HUF Start of implementation of the project: 01.03.2025.<\/p>\n","protected":false},"author":3727,"featured_media":0,"parent":87337,"menu_order":0,"comment_status":"open","ping_status":"open","template":"","meta":{"_acf_changed":false,"footnotes":""},"categories":[],"tags":[],"class_list":["post-176267","page","type-page","status-publish","hentry"],"acf":[],"_links":{"self":[{"href":"https:\/\/univet.hu\/en\/wp-json\/wp\/v2\/pages\/176267","targetHints":{"allow":["GET"]}}],"collection":[{"href":"https:\/\/univet.hu\/en\/wp-json\/wp\/v2\/pages"}],"about":[{"href":"https:\/\/univet.hu\/en\/wp-json\/wp\/v2\/types\/page"}],"author":[{"embeddable":true,"href":"https:\/\/univet.hu\/en\/wp-json\/wp\/v2\/users\/3727"}],"replies":[{"embeddable":true,"href":"https:\/\/univet.hu\/en\/wp-json\/wp\/v2\/comments?post=176267"}],"version-history":[{"count":4,"href":"https:\/\/univet.hu\/en\/wp-json\/wp\/v2\/pages\/176267\/revisions"}],"predecessor-version":[{"id":190278,"href":"https:\/\/univet.hu\/en\/wp-json\/wp\/v2\/pages\/176267\/revisions\/190278"}],"up":[{"embeddable":true,"href":"https:\/\/univet.hu\/en\/wp-json\/wp\/v2\/pages\/87337"}],"wp:attachment":[{"href":"https:\/\/univet.hu\/en\/wp-json\/wp\/v2\/media?parent=176267"}],"wp:term":[{"taxonomy":"category","embeddable":true,"href":"https:\/\/univet.hu\/en\/wp-json\/wp\/v2\/categories?post=176267"},{"taxonomy":"post_tag","embeddable":true,"href":"https:\/\/univet.hu\/en\/wp-json\/wp\/v2\/tags?post=176267"}],"curies":[{"name":"wp","href":"https:\/\/api.w.org\/{rel}","templated":true}]}}