{"id":17877,"date":"2018-09-13T22:31:34","date_gmt":"2018-09-13T20:31:34","guid":{"rendered":"http:\/\/univet.hu\/?page_id=17877"},"modified":"2018-09-17T21:03:07","modified_gmt":"2018-09-17T19:03:07","slug":"contact","status":"publish","type":"page","link":"https:\/\/univet.hu\/en\/clinics\/equine\/contact\/","title":{"rendered":"Contact"},"content":{"rendered":"<h2>Emergency care (0-24 h)<\/h2> <ul> <li>+36\/30\/692-12-90 (reception)<\/li> <li>+36\/29\/521-300 (reception)<\/li> <li>+36\/30\/691-63-80 (emergency)<\/li> <\/ul> <h2>University of Veterinary Medicine,<br \/> Equine Clinic<\/h2> <p><strong>Address:<\/strong> H-2225 \u00dcll\u0151, D\u00f3ra Major<br \/> <strong>Secretarial Office:<\/strong> +36\/29\/521-302 or +36\/30\/692-11-84 (07-15 h)<br \/> <strong>Fax:<\/strong> +36\/29\/521-303<\/p> <p><iframe loading=\"lazy\" src=\"https:\/\/maps.google.com\/maps?q=47.345831,19.317605&amp;num=1&amp;hl=hu&amp;ie=UTF8&amp;t=h&amp;z=14&amp;ll=47.344203,19.327226&amp;output=embed\" data-replaced=\"true\" width=\"450\" height=\"300\"><\/iframe><\/p>","protected":false},"excerpt":{"rendered":"<p>Emergency care (0-24 h) +36\/30\/692-12-90 (reception) +36\/29\/521-300 (reception) +36\/30\/691-63-80 (emergency) University of Veterinary Medicine, Equine Clinic Address: H-2225 \u00dcll\u0151, D\u00f3ra Major Secretarial Office: +36\/29\/521-302 or +36\/30\/692-11-84 (07-15 h) Fax: +36\/29\/521-303<\/p>\n","protected":false},"author":1,"featured_media":0,"parent":17520,"menu_order":244,"comment_status":"closed","ping_status":"closed","template":"","meta":{"_acf_changed":false,"footnotes":""},"categories":[],"tags":[],"class_list":["post-17877","page","type-page","status-publish","hentry"],"acf":[],"_links":{"self":[{"href":"https:\/\/univet.hu\/en\/wp-json\/wp\/v2\/pages\/17877","targetHints":{"allow":["GET"]}}],"collection":[{"href":"https:\/\/univet.hu\/en\/wp-json\/wp\/v2\/pages"}],"about":[{"href":"https:\/\/univet.hu\/en\/wp-json\/wp\/v2\/types\/page"}],"author":[{"embeddable":true,"href":"https:\/\/univet.hu\/en\/wp-json\/wp\/v2\/users\/1"}],"replies":[{"embeddable":true,"href":"https:\/\/univet.hu\/en\/wp-json\/wp\/v2\/comments?post=17877"}],"version-history":[{"count":0,"href":"https:\/\/univet.hu\/en\/wp-json\/wp\/v2\/pages\/17877\/revisions"}],"up":[{"embeddable":true,"href":"https:\/\/univet.hu\/en\/wp-json\/wp\/v2\/pages\/17520"}],"wp:attachment":[{"href":"https:\/\/univet.hu\/en\/wp-json\/wp\/v2\/media?parent=17877"}],"wp:term":[{"taxonomy":"category","embeddable":true,"href":"https:\/\/univet.hu\/en\/wp-json\/wp\/v2\/categories?post=17877"},{"taxonomy":"post_tag","embeddable":true,"href":"https:\/\/univet.hu\/en\/wp-json\/wp\/v2\/tags?post=17877"}],"curies":[{"name":"wp","href":"https:\/\/api.w.org\/{rel}","templated":true}]}}