{"id":17923,"date":"2018-09-13T23:30:27","date_gmt":"2018-09-13T21:30:27","guid":{"rendered":"http:\/\/univet.hu\/?page_id=17923"},"modified":"2025-05-14T10:31:14","modified_gmt":"2025-05-14T08:31:14","slug":"staff","status":"publish","type":"page","link":"https:\/\/univet.hu\/en\/clinics\/equine\/staff\/","title":{"rendered":"Staff"},"content":{"rendered":"<h2>Head of Department<\/h2> <p><strong>Prof. Bod\u00f3 G\u00e1bor PhD, Habil, Dipl ECVS, MTA Doktora<\/strong><br \/> <a href=\"https:\/\/univet.hu\/hu\/egyetem\/munkatarsak\/bodo-gabor\/\" target=\"_blank\" rel=\"noopener\" data-replaced=\"true\">Read more \u00bb<\/a><\/p> <hr \/> <h2>Surgery Ophthalmology and Anaesthesiology<\/h2> <p><strong>Prof. Bod\u00f3 G\u00e1bor PhD, Habil, Dipl ECVS, MTA Doktora<\/strong><br \/> <a href=\"https:\/\/univet.hu\/hu\/egyetem\/munkatarsak\/bodo-gabor\/\" target=\"_blank\" rel=\"noopener\" data-replaced=\"true\">Read more \u00bb<\/a><\/p> <p><strong>Prof.em.dr. T\u00f3th J\u00f3zsef<\/strong><br \/> <a href=\"https:\/\/univet.hu\/hu\/egyetem\/munkatarsak\/toth-jozsef\/\" target=\"_blank\" rel=\"noopener\">Read more \u00bb<\/a><\/p> <p><strong>dr. Makra Zita<\/strong><br \/> <a href=\"https:\/\/univet.hu\/hu\/egyetem\/munkatarsak\/makra-zita\/\" target=\"_blank\" rel=\"noopener\" data-replaced=\"true\">Read more \u00bb<\/a><\/p> <p><strong>dr. T\u00f3th P\u00e9ter PhD<\/strong><br \/> <a href=\"https:\/\/univet.hu\/hu\/egyetem\/munkatarsak\/toth-peter\/\" target=\"_blank\" rel=\"noopener\" data-replaced=\"true\">Read more \u00bb<\/a><\/p> <p><strong>dr. Izing Simon<\/strong><br \/> <a href=\"https:\/\/univet.hu\/hu\/egyetem\/munkatarsak\/izing-simon\/\" target=\"_blank\" rel=\"noopener\" data-replaced=\"true\">Read more \u00bb<\/a><\/p> <p><strong>dr. B\u00f3dai Emese<\/strong><br \/> <a href=\"https:\/\/univet.hu\/hu\/egyetem\/munkatarsak\/bodai-emese\/\" target=\"_blank\" rel=\"noopener\">Read more \u00bb<\/a><\/p> <p><strong>dr. Tuska P\u00e1l\u00a0<\/strong><br \/> <a href=\"https:\/\/univet.hu\/hu\/egyetem\/munkatarsak\/tuska-pal\/\" target=\"_blank\" rel=\"noopener\" data-replaced=\"true\">Read more \u00bb<\/a><\/p> <p><strong>dr.P\u00e1l Zs\u00f3fia\u00a0 Phd hallgat\u00f3<\/strong><br \/> <a href=\"https:\/\/univet.hu\/hu\/egyetem\/munkatarsak\/pal-zsofia\/\" target=\"_blank\" rel=\"noopener\">Read more \u00bb<\/a><\/p> <p><strong>dr.Lambertus Bal\u00e1zs P\u00e9ter<\/strong><br \/> <a href=\"https:\/\/univet.hu\/hu\/egyetem\/munkatarsak\/lambertus-balazs-peter\" target=\"_blank\" rel=\"noopener\">Read more \u00bb<\/a><\/p> <p><strong>dr. Nagy Anita<\/strong><br \/> <a href=\"https:\/\/univet.hu\/hu\/egyetem\/munkatarsak\/nagy-anita-kitti\/\" target=\"_blank\" rel=\"noopener\" data-replaced=\"true\">Read more \u00bb<\/a><\/p> <p><strong>dr.Szobonya P\u00e9ter \u00c1kos<\/strong><br \/> <a href=\"https:\/\/univet.hu\/hu\/egyetem\/munkatarsak\/szobonya-peter-akos\" target=\"_blank\" rel=\"noopener\">Read more \u00bb<\/a><\/p> <hr \/> <h2>Internal Medicine and Obstetrics<\/h2> <p><strong>dr. Bakos Zolt\u00e1n PhD, habil., Dipl ECEIM, MRCVS<\/strong><br \/> <a href=\"https:\/\/univet.hu\/hu\/egyetem\/munkatarsak\/bakos-zoltan\/\" target=\"_blank\" rel=\"noopener\" data-replaced=\"true\">Read more \u00bb<\/a><\/p> <p><strong>dr. Langer D\u00f3ra<\/strong><br \/> <a href=\"https:\/\/univet.hu\/hu\/egyetem\/munkatarsak\/langer-dora\/\" target=\"_blank\" rel=\"noopener\">Read more \u00bb<\/a><\/p> <p><strong>dr. V\u00e9kein\u00e9 Csil\u00f3 Petra<\/strong><br \/> <a href=\"https:\/\/univet.hu\/hu\/egyetem\/munkatarsak\/vekeine-csilo-petra-gabriella\/\" target=\"_blank\" rel=\"noopener\">Read more \u00bb<\/a><\/p> <p><strong>dr. M\u00e9sz\u00e1ros Anna<\/strong><br \/> <a href=\"https:\/\/univet.hu\/hu\/egyetem\/munkatarsak\/meszaros-anna\/\" target=\"_blank\" rel=\"noopener\">Read more \u00bb<\/a><\/p> <p><strong>dr. So\u00f3s Eszter<\/strong><br \/> <a href=\"https:\/\/univet.hu\/hu\/egyetem\/munkatarsak\/soos-eszter-kincso\/\" target=\"_blank\" rel=\"noopener\">Read more \u00bb<\/a><\/p> <p><strong>dr. Kocsis Fl\u00f3ra<\/strong><br \/> <a href=\"https:\/\/univet.hu\/hu\/egyetem\/munkatarsak\/kocsis-flora\/\" target=\"_blank\" rel=\"noopener\">Read more \u00bb<\/a><\/p> <hr \/> <h2>Ortop\u00e9dia \u00e9s k\u00e9palkot\u00f3 diagnosztika<\/h2> <p><strong>dr. Nagy Annam\u00e1ria\u00a0PhD, DipACVSMR, DipECVSMR FRCVS<\/strong><br \/> <a href=\"https:\/\/univet.hu\/hu\/egyetem\/munkatarsak\/nagy-annamaria\/\" target=\"_blank\" rel=\"noopener\">Read more \u00bb<\/a><\/p> <p><strong>dr. Boros Kopp\u00e1ny<\/strong><br \/> <a href=\"https:\/\/univet.hu\/hu\/egyetem\/munkatarsak\/boros-koppany\/\" target=\"_blank\" rel=\"noopener\">Read more \u00bb<\/a><\/p> <p><strong>Horv\u00e1th &#8211; Lukics Gabriella<\/strong><br \/> <a href=\"https:\/\/univet.hu\/hu\/egyetem\/munkatarsak\/horvath-lukics-gabriella\" target=\"_blank\" rel=\"noopener\">Read more \u00bb<\/a><\/p> <hr \/> <h2>Lab<\/h2> <p><strong>K\u00f3sa S\u00e1ra<\/strong><br \/> <a href=\"https:\/\/univet.hu\/hu\/egyetem\/munkatarsak\/kosa-sara\/\" target=\"_blank\" rel=\"noopener\">Read more \u00bb<\/a><\/p> <hr \/> <h2>Internship<\/h2> <p><strong>dr. Angyal-T\u00f3th Kata<\/strong><br \/> <a href=\"https:\/\/univet.hu\/hu\/egyetem\/munkatarsak\/angyal-toth-kata\/\" target=\"_blank\" rel=\"noopener\">Read more \u00bb<\/a><\/p> <p><strong>dr. Sz\u00e9csi Eszter<\/strong><br \/> <a href=\"https:\/\/univet.hu\/hu\/egyetem\/munkatarsak\/szecsi-eszter\/\" target=\"_blank\" rel=\"noopener\">Read more \u00bb<\/a><\/p> <p><strong>dr. Szab\u00f3 Luca<\/strong><br \/> <a href=\"https:\/\/univet.hu\/hu\/egyetem\/munkatarsak\/szabo-luca\/\" target=\"_blank\" rel=\"noopener\">Read more \u00bb<\/a><\/p> <hr \/> <h2>Office<\/h2> <p><strong>Pataki Edina<\/strong><br \/> <a href=\"https:\/\/univet.hu\/hu\/egyetem\/munkatarsak\/pataki-edina\/\" target=\"_blank\" rel=\"noopener\" data-replaced=\"true\">Read more \u00bb<\/a><\/p> <p><strong>K\u00e1llain\u00e9 Mezei Csilla<\/strong><br \/> <a href=\"https:\/\/univet.hu\/hu\/egyetem\/munkatarsak\/mezei-csilla\" target=\"_blank\" rel=\"noopener\">Read more \u00bb<\/a><\/p> <p><strong><span data-olk-copy-source=\"MessageBody\">D\u00e1nyin\u00e9 dr. Gligor No\u00e9mi<\/span><\/strong><br \/> <a href=\"https:\/\/univet.hu\/hu\/egyetem\/munkatarsak\/gligor-noemi\/\" target=\"_blank\" rel=\"noopener\">Read more \u00bb<\/a><\/p> <p><strong>Lusztigh Ibolya<\/strong><br \/> <a href=\"https:\/\/univet.hu\/hu\/egyetem\/munkatarsak\/lusztigh-ibolya\" target=\"_blank\" rel=\"noopener\">Read more \u00bb<\/a><\/p> <p><strong>Nadob\u00e1n Gabriella<\/strong><br \/> <a href=\"https:\/\/univet.hu\/hu\/egyetem\/munkatarsak\/nadoban-gabriella\" target=\"_blank\" rel=\"noopener\">Read more \u00bb<\/a><\/p> <hr \/> <h2>Surgical assistants<\/h2> <p><b>Kalina &#8211; Jancsur\u00e1k Alexandra<\/b><br \/> <a href=\"https:\/\/univet.hu\/hu\/egyetem\/munkatarsak\/jancsurak-alexandra\" target=\"_blank\" rel=\"noopener\">Read more \u00bb<\/a><\/p> <p><strong>Zuborny\u00e1k Vivien<\/strong><br \/> <a href=\"https:\/\/univet.hu\/hu\/egyetem\/munkatarsak\/zubornyak-vivien\/\" target=\"_blank\" rel=\"noopener\">Read more \u00bb<\/a><\/p> <p><strong>Hirt M\u00f3nika<\/strong><br \/> <a href=\"https:\/\/univet.hu\/hu\/egyetem\/munkatarsak\/hirt-monika\/\" target=\"_blank\" rel=\"noopener\">Read more \u00bb<\/a><\/p> <hr \/> <h2>Instrumental assistants<\/h2> <p><strong>F\u00fczesin\u00e9 Tak\u00e1cs Eszter Katalin<\/strong><br \/> <a href=\"https:\/\/univet.hu\/hu\/egyetem\/munkatarsak\/takacs-eszter-katalin\/\" target=\"_blank\" rel=\"noopener\">Read more \u00bb<\/a><\/p> <p><strong>Sinkovits Fanni<\/strong><br \/> <a href=\"https:\/\/univet.hu\/hu\/egyetem\/munkatarsak\/sinkovits-fanni\/\" target=\"_blank\" rel=\"noopener\">Read more \u00bb<\/a><\/p> <hr \/> <h2>Assistant Manager<\/h2> <p><strong>Balogh Istv\u00e1n<\/strong><br \/> <a href=\"https:\/\/univet.hu\/hu\/egyetem\/munkatarsak\/balogh-istvan\/\" target=\"_blank\" rel=\"noopener\">Read more \u00bb<\/a><\/p> <p><strong>Szalai Istv\u00e1n<\/strong><br \/> <a href=\"https:\/\/univet.hu\/hu\/egyetem\/munkatarsak\/szalai-istvan\/\" target=\"_blank\" rel=\"noopener\">Read more \u00bb<\/a><\/p> <p><strong>Orsz\u00e1g J\u00e1nos<\/strong><br \/> <a href=\"https:\/\/univet.hu\/hu\/egyetem\/munkatarsak\/orszag-janos\/\" target=\"_blank\" rel=\"noopener\">Read more \u00bb<\/a><\/p> <hr \/> <h2>Professional assistants<\/h2> <p><strong>Keszeg G\u00e1bor<\/strong><br \/> <a href=\"https:\/\/univet.hu\/hu\/egyetem\/munkatarsak\/keszeg-gabor\/\" target=\"_blank\" rel=\"noopener\">Read more \u00bb<\/a><\/p> <p><strong>Kalina Mikl\u00f3s<\/strong><br \/> <a href=\"https:\/\/univet.hu\/hu\/egyetem\/munkatarsak\/kalina-miklos\/\" target=\"_blank\" rel=\"noopener\">Read more \u00bb<\/a><\/p> <p><strong>J\u00f3zsa L\u00e1szl\u00f3<\/strong><br \/> <a href=\"https:\/\/univet.hu\/hu\/egyetem\/munkatarsak\/jozsa-laszlo\" target=\"_blank\" rel=\"noopener\">Read more \u00bb<\/a><\/p> <p><strong>Rehor Ferenc<\/strong><br \/> <a href=\"https:\/\/univet.hu\/hu\/egyetem\/munkatarsak\/rehor-ferenc\" target=\"_blank\" rel=\"noopener\">Read more \u00bb<\/a><\/p> <p><strong>Kalina Bence<\/strong><br \/> <a href=\"https:\/\/univet.hu\/hu\/egyetem\/munkatarsak\/kalina-bence\/\" target=\"_blank\" rel=\"noopener\">Read more \u00bb<\/a><\/p> <p><strong>Rehor Levente<\/strong><br \/> <a href=\"https:\/\/univet.hu\/hu\/egyetem\/munkatarsak\/rehor-levente-attila\/\" target=\"_blank\" rel=\"noopener\">Read more \u00bb<\/a><\/p> <p><strong>Tilisty\u00e1k Andrea<\/strong><br \/> <a href=\"https:\/\/univet.hu\/hu\/egyetem\/munkatarsak\/tilistyak-andrea\/\" target=\"_blank\" rel=\"noopener\">Read more \u00bb<\/a><\/p> <hr \/> <h2>Rehabilitation and test riding<\/h2> <p><strong>Balogh Istv\u00e1n (vezet\u0151)<\/strong><br \/> <a href=\"https:\/\/univet.hu\/hu\/egyetem\/munkatarsak\/balogh-istvan\/\" target=\"_blank\" rel=\"noopener\">Read more \u00bb<\/a><\/p> <p><strong>Gr\u00f3sz-T\u00f6r\u00f6k M\u00f3nika<\/strong><br \/> <a href=\"https:\/\/univet.hu\/hu\/egyetem\/munkatarsak\/grosz-torok-monika\/\" target=\"_blank\" rel=\"noopener\">Read more \u00bb<\/a><\/p> <p><strong>B\u00e1nszki Zsuzsanna<\/strong><br \/> <a href=\"https:\/\/univet.hu\/hu\/egyetem\/munkatarsak\/banszki-zsuzsanna\" target=\"_blank\" rel=\"noopener\">Read more \u00bb<\/a><\/p> <hr \/> <p><strong>Rakos Istv\u00e1n &#8211; Driver\u00a0<\/strong><br \/> <a href=\"https:\/\/univet.hu\/hu\/egyetem\/munkatarsak\/rakos-istvan\/\" target=\"_blank\" rel=\"noopener\">Read more \u00bb<\/a><\/p> <p><strong>Kotol\u00e1csi S\u00e1ndor &#8211; IT\u00a0<\/strong><br \/> <a href=\"https:\/\/univet.hu\/hu\/egyetem\/munkatarsak\/kotolacsi-sandor\/\" target=\"_blank\" rel=\"noopener\">Read more \u00bb<\/a><\/p> <p><strong>Poly\u00e1k Istv\u00e1nn\u00e9 &#8211; Cleaner<\/strong><br \/> <a href=\"https:\/\/univet.hu\/hu\/egyetem\/munkatarsak\/polyak-istvanne\/\" target=\"_blank\" rel=\"noopener\">Read more \u00bb<\/a><\/p> <p><strong>Zuborny\u00e1kn\u00e9 Poly\u00e1k Marianna &#8211; Cleaner<\/strong><br \/> <a href=\"https:\/\/univet.hu\/hu\/egyetem\/munkatarsak\/zubornyakne-polyak-marianna\/\" target=\"_blank\" rel=\"noopener\">Read more \u00bb<\/a><\/p> <p><strong>P\u00e9ter Csaba &#8211; Gardener<\/strong><br \/> <a href=\"https:\/\/univet.hu\/hu\/egyetem\/munkatarsak\/peter-csaba\/\" target=\"_blank\" rel=\"noopener\">Read more \u00bb<\/a><\/p>","protected":false},"excerpt":{"rendered":"<p>Head of Department Prof. Bod\u00f3 G\u00e1bor PhD, Habil, Dipl ECVS, MTA Doktora Read more \u00bb Surgery Ophthalmology and Anaesthesiology Prof. Bod\u00f3 G\u00e1bor PhD, Habil, Dipl ECVS, MTA Doktora Read more \u00bb Prof.em.dr. T\u00f3th J\u00f3zsef Read more \u00bb dr. Makra Zita Read more \u00bb dr. T\u00f3th P\u00e9ter PhD Read more \u00bb dr. Izing Simon Read more<\/p>\n","protected":false},"author":1,"featured_media":0,"parent":17520,"menu_order":244,"comment_status":"closed","ping_status":"closed","template":"","meta":{"_acf_changed":false,"footnotes":""},"categories":[],"tags":[],"class_list":["post-17923","page","type-page","status-publish","hentry"],"acf":[],"_links":{"self":[{"href":"https:\/\/univet.hu\/en\/wp-json\/wp\/v2\/pages\/17923","targetHints":{"allow":["GET"]}}],"collection":[{"href":"https:\/\/univet.hu\/en\/wp-json\/wp\/v2\/pages"}],"about":[{"href":"https:\/\/univet.hu\/en\/wp-json\/wp\/v2\/types\/page"}],"author":[{"embeddable":true,"href":"https:\/\/univet.hu\/en\/wp-json\/wp\/v2\/users\/1"}],"replies":[{"embeddable":true,"href":"https:\/\/univet.hu\/en\/wp-json\/wp\/v2\/comments?post=17923"}],"version-history":[{"count":2,"href":"https:\/\/univet.hu\/en\/wp-json\/wp\/v2\/pages\/17923\/revisions"}],"predecessor-version":[{"id":184554,"href":"https:\/\/univet.hu\/en\/wp-json\/wp\/v2\/pages\/17923\/revisions\/184554"}],"up":[{"embeddable":true,"href":"https:\/\/univet.hu\/en\/wp-json\/wp\/v2\/pages\/17520"}],"wp:attachment":[{"href":"https:\/\/univet.hu\/en\/wp-json\/wp\/v2\/media?parent=17923"}],"wp:term":[{"taxonomy":"category","embeddable":true,"href":"https:\/\/univet.hu\/en\/wp-json\/wp\/v2\/categories?post=17923"},{"taxonomy":"post_tag","embeddable":true,"href":"https:\/\/univet.hu\/en\/wp-json\/wp\/v2\/tags?post=17923"}],"curies":[{"name":"wp","href":"https:\/\/api.w.org\/{rel}","templated":true}]}}