{"id":181669,"date":"2025-05-01T09:13:07","date_gmt":"2025-05-01T07:13:07","guid":{"rendered":"https:\/\/univet.hu\/?page_id=181669"},"modified":"2026-02-10T04:25:20","modified_gmt":"2026-02-10T03:25:20","slug":"balazs-sandor","status":"publish","type":"page","link":"https:\/\/univet.hu\/en\/about\/staff\/balazs-sandor\/","title":{"rendered":"Bal\u00e1zs S\u00e1ndor"},"content":{"rendered":"<p>Bemutatkoz\u00e1s<\/p> <p>1997-ben Sopronban sz\u00fclettem. K\u00f6z\u00e9piskolai tanulm\u00e1nyaimat a soproni Berzsenyi D\u00e1niel Evang\u00e9likus L\u00edceum \u00e9s Gimn\u00e1ziumban folytattam. 2018-ban nyertem felv\u00e9telt az \u00c1llatorvostudom\u00e1nyi Egyetemre, ahol r\u00f6videsen megsz\u00fcletett bennem az elk\u00f6telezetts\u00e9g az egzotikus\u00e1llatok gy\u00f3gy\u00e1szata ir\u00e1nt. Az egyetemen t\u00f6lt\u00f6tt \u00e9vek sor\u00e1n, t\u00f6bbek k\u00f6z\u00f6tt lehet\u0151s\u00e9gem volt betekint\u00e9st nyerni \u00e9s r\u00e9szt venni az Egzotikus\u00e1llat klinik\u00e1n, valamint a F\u0151v\u00e1rosi \u00c1llat \u00e9s N\u00f6v\u00e9nykertben zajl\u00f3 munnk\u00e1ba is. Diplom\u00e1mat 2024-ben vettem \u00e1t. Ezt k\u00f6vet\u0151en az <span data-olk-copy-source=\"MessageBody\">Egzotikus\u00e1llat-, Vad-, Hal- \u00e9s M\u00e9heg\u00e9szs\u00e9g\u00fcgyi Tansz\u00e9k<\/span> klinik\u00e1j\u00e1n kezdtem dolgozni, klinikus \u00e1llatorvos internship poz\u00edci\u00f3ban.<\/p> <p>F\u0151bb kutat\u00e1si ter\u00fcletek:<\/p> <p>El\u0151rehalad\u00e1s<\/p> <p>2024 \u00e1llatorvos doktor<\/p> <p>2024 fels\u0151fok\u00fa vad\u00e1szati \u00e9s vadgazd\u00e1lkod\u00e1si v\u00e9gzetts\u00e9g<\/p>","protected":false},"excerpt":{"rendered":"<p>Bemutatkoz\u00e1s 1997-ben Sopronban sz\u00fclettem. K\u00f6z\u00e9piskolai tanulm\u00e1nyaimat a soproni Berzsenyi D\u00e1niel Evang\u00e9likus L\u00edceum \u00e9s Gimn\u00e1ziumban folytattam. 2018-ban nyertem felv\u00e9telt az \u00c1llatorvostudom\u00e1nyi Egyetemre, ahol r\u00f6videsen megsz\u00fcletett bennem az elk\u00f6telezetts\u00e9g az egzotikus\u00e1llatok gy\u00f3gy\u00e1szata ir\u00e1nt. Az egyetemen t\u00f6lt\u00f6tt \u00e9vek sor\u00e1n, t\u00f6bbek k\u00f6z\u00f6tt lehet\u0151s\u00e9gem volt betekint\u00e9st nyerni \u00e9s r\u00e9szt venni az Egzotikus\u00e1llat klinik\u00e1n, valamint a F\u0151v\u00e1rosi \u00c1llat \u00e9s N\u00f6v\u00e9nykertben zajl\u00f3<\/p>\n","protected":false},"author":5824,"featured_media":0,"parent":857,"menu_order":0,"comment_status":"open","ping_status":"open","template":"","meta":{"_acf_changed":false,"footnotes":""},"categories":[],"tags":[],"class_list":["post-181669","page","type-page","status-publish","hentry"],"acf":[],"_links":{"self":[{"href":"https:\/\/univet.hu\/en\/wp-json\/wp\/v2\/pages\/181669","targetHints":{"allow":["GET"]}}],"collection":[{"href":"https:\/\/univet.hu\/en\/wp-json\/wp\/v2\/pages"}],"about":[{"href":"https:\/\/univet.hu\/en\/wp-json\/wp\/v2\/types\/page"}],"author":[{"embeddable":true,"href":"https:\/\/univet.hu\/en\/wp-json\/wp\/v2\/users\/5824"}],"replies":[{"embeddable":true,"href":"https:\/\/univet.hu\/en\/wp-json\/wp\/v2\/comments?post=181669"}],"version-history":[{"count":1,"href":"https:\/\/univet.hu\/en\/wp-json\/wp\/v2\/pages\/181669\/revisions"}],"predecessor-version":[{"id":181670,"href":"https:\/\/univet.hu\/en\/wp-json\/wp\/v2\/pages\/181669\/revisions\/181670"}],"up":[{"embeddable":true,"href":"https:\/\/univet.hu\/en\/wp-json\/wp\/v2\/pages\/857"}],"wp:attachment":[{"href":"https:\/\/univet.hu\/en\/wp-json\/wp\/v2\/media?parent=181669"}],"wp:term":[{"taxonomy":"category","embeddable":true,"href":"https:\/\/univet.hu\/en\/wp-json\/wp\/v2\/categories?post=181669"},{"taxonomy":"post_tag","embeddable":true,"href":"https:\/\/univet.hu\/en\/wp-json\/wp\/v2\/tags?post=181669"}],"curies":[{"name":"wp","href":"https:\/\/api.w.org\/{rel}","templated":true}]}}