{"id":1885,"date":"2018-04-05T00:25:12","date_gmt":"2018-04-04T22:24:56","guid":{"rendered":"http:\/\/univet.hu\/education\/students-research-circle\/1885-2\/"},"modified":"2018-04-05T02:25:12","modified_gmt":"2018-04-05T00:25:12","slug":"1885-2","status":"publish","type":"page","link":"https:\/\/univet.hu\/en\/education\/students-research-circle\/1885-2\/","title":{"rendered":""},"content":{"rendered":"<br \/> <table width=100%> <tr> <td width=180px>           <\/td> <td align=center>             <img src='images\/tdk_embn.gif' alt='TDK embl\u00e9ma' height=273 width=273>           <\/td> <td width=210px align=center> <\/td> <\/tr> <\/table> <p>        <center>          <\/p> <table cols=3 width='90%'> <tr> <td width=33% align='center'>            Utols\u00f3 m\u00f3dos\u00edt\u00e1s d\u00e1tuma:<br \/>            2017. december 4.        <\/td> <td width=34% align=center>            A honlapot l\u00e1togat\u00f3k sz\u00e1ma:<br \/>            69020         <\/td> <td width=33% align='center'>            TDK eln\u00f6k:<br \/>            Prof. Dr. S\u00f3tonyi P\u00e9ter          <\/td> <\/tr> <\/table>","protected":false},"excerpt":{"rendered":"<p>Utols\u00f3 m\u00f3dos\u00edt\u00e1s d\u00e1tuma: 2017. december 4. A honlapot l\u00e1togat\u00f3k sz\u00e1ma: 69020 TDK eln\u00f6k: Prof. Dr. S\u00f3tonyi P\u00e9ter<\/p>\n","protected":false},"author":1,"featured_media":0,"parent":1880,"menu_order":192,"comment_status":"closed","ping_status":"closed","template":"","meta":{"_acf_changed":false,"footnotes":""},"categories":[],"tags":[],"class_list":["post-1885","page","type-page","status-publish","hentry"],"acf":[],"_links":{"self":[{"href":"https:\/\/univet.hu\/en\/wp-json\/wp\/v2\/pages\/1885","targetHints":{"allow":["GET"]}}],"collection":[{"href":"https:\/\/univet.hu\/en\/wp-json\/wp\/v2\/pages"}],"about":[{"href":"https:\/\/univet.hu\/en\/wp-json\/wp\/v2\/types\/page"}],"author":[{"embeddable":true,"href":"https:\/\/univet.hu\/en\/wp-json\/wp\/v2\/users\/1"}],"replies":[{"embeddable":true,"href":"https:\/\/univet.hu\/en\/wp-json\/wp\/v2\/comments?post=1885"}],"version-history":[{"count":0,"href":"https:\/\/univet.hu\/en\/wp-json\/wp\/v2\/pages\/1885\/revisions"}],"up":[{"embeddable":true,"href":"https:\/\/univet.hu\/en\/wp-json\/wp\/v2\/pages\/1880"}],"wp:attachment":[{"href":"https:\/\/univet.hu\/en\/wp-json\/wp\/v2\/media?parent=1885"}],"wp:term":[{"taxonomy":"category","embeddable":true,"href":"https:\/\/univet.hu\/en\/wp-json\/wp\/v2\/categories?post=1885"},{"taxonomy":"post_tag","embeddable":true,"href":"https:\/\/univet.hu\/en\/wp-json\/wp\/v2\/tags?post=1885"}],"curies":[{"name":"wp","href":"https:\/\/api.w.org\/{rel}","templated":true}]}}