{"id":188833,"date":"2025-08-15T20:18:20","date_gmt":"2025-08-15T18:18:20","guid":{"rendered":"https:\/\/univet.hu\/en\/education\/students-secretariat\/new_child_page\/"},"modified":"2026-02-11T14:49:15","modified_gmt":"2026-02-11T13:49:15","slug":"staff2","status":"publish","type":"page","link":"https:\/\/univet.hu\/en\/education\/students-secretariat\/staff2\/","title":{"rendered":"Staff"},"content":{"rendered":"<h3>International Students&#8217; Secretariat<\/h3> <table border=\"0\"> <tbody> <tr> <td colspan=\"2\"> <h2 style=\"text-align: center\">VICE RECTOR FOR STUDY AFFAIRS<\/h2> <\/td> <\/tr> <tr> <td><img decoding=\"async\" style=\"height: 200px;width: 140px\" src=\"https:\/\/univet.hu\/files\/menus\/6\/images\/zsv%C3%A1ri-ig.k%C3%A9p.jpg\" alt=\"FR\" data-replaced=\"true\" \/><\/td> <td> <p>Prof Dr. <b>\u00d3ZSV\u00c1RI <\/b>L\u00e1szl\u00f3<\/p> <p>Department Chair, Professor, Vice Rector<\/p> <p><strong>Office: <\/strong>Building &#8220;B&#8221;, 1st floor<\/p> <p><strong>Email:\u00a0<\/strong> <a class=\"decrypt\" rel=\"p{twbsj\/mbt{mpAvojwfu\/iv\" href=\"javascript:void(0);\">[Click to see email]<\/a><\/p> <p><strong>Phone: <\/strong>(1) 478 4100 \/ 8591<\/p> <p>&nbsp;<\/td> <\/tr> <\/tbody> <\/table> <p>&nbsp;<\/p> <p>&nbsp;<\/p> <table border=\"0\"> <tbody> <tr> <td colspan=\"2\"> <h4 style=\"text-align: center\"><span style=\"font-size: 18pt\">Head of the International <strong>Secretariat<\/strong><\/span><\/h4> <\/td> <\/tr> <tr> <td><img loading=\"lazy\" decoding=\"async\" class=\"\" src=\"https:\/\/univet.hu\/wp-content\/uploads\/2018\/09\/7A0A3873-320x320.jpg\" width=\"195\" height=\"195\" \/><\/td> <td> <p>Dr. <strong>REINITZ<\/strong> L\u00e1szl\u00f3<\/p> <p>Associate professor<\/p> <p><strong>Office:<\/strong> Building &#8220;H&#8221;, 1st floor<\/p> <p><strong>Email:\u00a0<\/strong> <a class=\"decrypt\" rel=\"sfjoju{\/mbt{mp\/{pmuboAvojwfu\/iv\" href=\"javascript:void(0);\">[Click to see email]<\/a><\/p> <p><strong>Telefon:\u00a0<\/strong>(1) 478 4100 \/ 8456<\/p> <p>&nbsp;<\/td> <\/tr> <\/tbody> <\/table> <p>&nbsp;<\/p> <p>&nbsp;<\/p> <table style=\"width: 48.8115%\" border=\"0\"> <tbody> <tr> <td style=\"width: 98.5685%\" colspan=\"2\"> <h2 style=\"text-align: center\">Students of the German program<\/h2> <\/td> <\/tr> <tr> <td style=\"width: 40.2863%\"><img loading=\"lazy\" decoding=\"async\" class=\"alignnone size-large wp-image-197486\" src=\"https:\/\/univet.hu\/wp-content\/uploads\/2025\/12\/1766144285188-720x960.jpg\" alt=\"\" width=\"720\" height=\"960\" srcset=\"https:\/\/univet.hu\/wp-content\/uploads\/2025\/12\/1766144285188-720x960.jpg 720w, https:\/\/univet.hu\/wp-content\/uploads\/2025\/12\/1766144285188-240x320.jpg 240w, https:\/\/univet.hu\/wp-content\/uploads\/2025\/12\/1766144285188-768x1024.jpg 768w, https:\/\/univet.hu\/wp-content\/uploads\/2025\/12\/1766144285188-1152x1536.jpg 1152w, https:\/\/univet.hu\/wp-content\/uploads\/2025\/12\/1766144285188-1536x2048.jpg 1536w, https:\/\/univet.hu\/wp-content\/uploads\/2025\/12\/1766144285188-scaled.jpg 1920w\" sizes=\"auto, (max-width: 720px) 100vw, 720px\" \/><\/td> <td style=\"width: 58.2822%\"> <p><strong>Ms. KOV\u00c1CS <\/strong>D\u00f3ra<\/p> <p>Student administrator<\/p> <p><strong>Office: <\/strong>Building &#8220;H&#8221;, 1st floor<\/p> <p><strong>Email:\u00a0<\/strong> <a class=\"decrypt\" rel=\"lpwbdt\/epsb3Avojwfu\/iv\" href=\"javascript:void(0);\">[Click to see email]<\/a><\/p> <p><strong>Telefon:\u00a0<\/strong>(1) 478 4100 \/ 8125<\/p> <p>&nbsp;<\/td> <\/tr> <\/tbody> <\/table> <p>&nbsp;<\/p> <table style=\"width: 96.5274%\" border=\"0\"> <tbody> <tr> <td style=\"width: 98.5685%\" colspan=\"2\"> <h2 style=\"text-align: center\"><strong>English program<br \/> <\/strong><strong>students of the <\/strong><strong>1st and 2nd years :<\/strong><\/h2> <\/td> <\/tr> <tr> <td style=\"width: 20.0384%\"><img decoding=\"async\" src=\"https:\/\/univet.hu\/wp-content\/uploads\/2025\/08\/aranyzita.png\" \/><\/td> <td style=\"width: 78.5301%\"> <p><strong>Ms. ARANY <\/strong>Zita<\/p> <p>Student administrator<\/p> <p><strong>Office: <\/strong>Building &#8220;H&#8221;, 1st floor<\/p> <p><strong>Email:\u00a0<\/strong> <a class=\"decrypt\" rel=\"bsboz\/{jub\/dtjmmbAvojwfu\/iv\" href=\"javascript:void(0);\">[Click to see email]<\/a><\/p> <p><strong>Telefon:\u00a0<\/strong>(1) 478 4100 \/ 8322<\/p> <p>&nbsp;<\/td> <\/tr> <\/tbody> <\/table> <table border=\"0\"> <tbody> <tr> <td style=\"width: 98.5685%\" colspan=\"2\"> <h2 style=\"text-align: center\"><strong>English program<br \/> <\/strong><strong>students of the <\/strong><strong>3rd and 4th years:<\/strong><\/h2> <\/td> <\/tr> <tr> <td style=\"width: 20.0384%\"><img decoding=\"async\" src=\"https:\/\/univet.hu\/wp-content\/uploads\/2025\/08\/marfoldi-csilla-scaled.jpeg\" \/><\/td> <td style=\"width: 78.5301%\"> <p><strong>Ms. M\u00c1RF\u00d6LDI <\/strong>Csilla<\/p> <p>Student administrator<\/p> <p><strong>Office: <\/strong>Building &#8220;H&#8221;, 1st floor<\/p> <p><strong>Email:\u00a0<\/strong> <a class=\"decrypt\" rel=\"nbsgpmej\/dtjmmbAvojwfu\/iv\" href=\"javascript:void(0);\">[Click to see email]<\/a><\/p> <p><strong>Telefon:\u00a0<\/strong>(1) 478 4100 \/ 8127<\/p> <p>&nbsp;<\/td> <\/tr> <\/tbody> <\/table> <p>&nbsp;<\/p> <table border=\"0\"> <tbody> <tr> <td style=\"width: 990.8px\" colspan=\"2\"> <h2 style=\"text-align: center\"><strong>English program<br \/> <\/strong><strong>students of the<\/strong><strong> 5th year and 11th semester<\/strong><strong>:<\/strong><\/h2> <\/td> <\/tr> <tr> <td style=\"width: 198.225px\"><img decoding=\"async\" src=\"https:\/\/univet.hu\/wp-content\/uploads\/2025\/08\/cssm.jpeg\" \/><\/td> <td style=\"width: 787.375px\"> <p><strong>Ms. CSINTALANN\u00c9 STEINER <\/strong>M\u00f3nika<\/p> <p>Student administrator<\/p> <p><strong>Office: <\/strong>Building &#8220;H&#8221; , 1st floor<\/p> <p><strong>Email:\u00a0<\/strong> <a class=\"decrypt\" rel=\"dtjoubmboof\/tufjofs\/npojlbAvojwfu\/iv\" href=\"javascript:void(0);\">[Click to see email]<\/a><\/p> <p><strong>Telefon:\u00a0<\/strong>(1) 478 4100 \/ 8321<\/p> <p>&nbsp;<\/td> <\/tr> <\/tbody> <\/table> <p>&nbsp;<\/p> <table border=\"0\"> <tbody> <tr> <td style=\"width: 990.8px\" colspan=\"2\"> <h2 style=\"text-align: center\"><strong>English program<br \/> <\/strong><strong>all inactive students<\/strong><\/h2> <\/td> <\/tr> <tr> <td style=\"width: 198.225px\"><img decoding=\"async\" src=\"https:\/\/univet.hu\/wp-content\/uploads\/2026\/02\/urbanvali.jpg\" \/><\/td> <td style=\"width: 787.375px\"> <p><strong>Ms. URB\u00c1N <\/strong>Val\u00e9ria<\/p> <p>Student administrator<\/p> <p><strong>Office: <\/strong>Building &#8220;H&#8221; , 1st floor<\/p> <p><strong>Email:\u00a0<\/strong> <a class=\"decrypt\" rel=\"vscbo\/wbmfsjbAvojwfu\/iv\" href=\"javascript:void(0);\">[Click to see email]<\/a><\/p> <p><strong>Telefon:\u00a0<\/strong>(1) 478 4100 \/ 8320<\/p> <p>&nbsp;<\/td> <\/tr> <\/tbody> <\/table> <p>&nbsp;<\/p>","protected":false},"excerpt":{"rendered":"<p>International Students&#8217; Secretariat VICE RECTOR FOR STUDY AFFAIRS Prof Dr. \u00d3ZSV\u00c1RI L\u00e1szl\u00f3 Department Chair, Professor, Vice Rector Office: Building &#8220;B&#8221;, 1st floor Email:\u00a0 [Click to see email] Phone: (1) 478 4100 \/ 8591 &nbsp; &nbsp; &nbsp; Head of the International Secretariat Dr. REINITZ L\u00e1szl\u00f3 Associate professor Office: Building &#8220;H&#8221;, 1st floor Email:\u00a0 [Click to see<\/p>\n","protected":false},"author":5,"featured_media":0,"parent":614,"menu_order":2,"comment_status":"open","ping_status":"open","template":"","meta":{"_acf_changed":false,"footnotes":""},"categories":[],"tags":[],"class_list":["post-188833","page","type-page","status-publish","hentry"],"acf":[],"_links":{"self":[{"href":"https:\/\/univet.hu\/en\/wp-json\/wp\/v2\/pages\/188833","targetHints":{"allow":["GET"]}}],"collection":[{"href":"https:\/\/univet.hu\/en\/wp-json\/wp\/v2\/pages"}],"about":[{"href":"https:\/\/univet.hu\/en\/wp-json\/wp\/v2\/types\/page"}],"author":[{"embeddable":true,"href":"https:\/\/univet.hu\/en\/wp-json\/wp\/v2\/users\/5"}],"replies":[{"embeddable":true,"href":"https:\/\/univet.hu\/en\/wp-json\/wp\/v2\/comments?post=188833"}],"version-history":[{"count":11,"href":"https:\/\/univet.hu\/en\/wp-json\/wp\/v2\/pages\/188833\/revisions"}],"predecessor-version":[{"id":201053,"href":"https:\/\/univet.hu\/en\/wp-json\/wp\/v2\/pages\/188833\/revisions\/201053"}],"up":[{"embeddable":true,"href":"https:\/\/univet.hu\/en\/wp-json\/wp\/v2\/pages\/614"}],"wp:attachment":[{"href":"https:\/\/univet.hu\/en\/wp-json\/wp\/v2\/media?parent=188833"}],"wp:term":[{"taxonomy":"category","embeddable":true,"href":"https:\/\/univet.hu\/en\/wp-json\/wp\/v2\/categories?post=188833"},{"taxonomy":"post_tag","embeddable":true,"href":"https:\/\/univet.hu\/en\/wp-json\/wp\/v2\/tags?post=188833"}],"curies":[{"name":"wp","href":"https:\/\/api.w.org\/{rel}","templated":true}]}}