{"id":190288,"date":"2025-09-08T09:40:04","date_gmt":"2025-09-08T07:40:04","guid":{"rendered":"https:\/\/univet.hu\/en\/about\/project-proposals\/nrdio-projects\/practicow\/"},"modified":"2025-09-08T09:40:04","modified_gmt":"2025-09-08T07:40:04","slug":"practicow-precision-cattle-breeding-support-system","status":"publish","type":"page","link":"https:\/\/univet.hu\/en\/about\/project-proposals\/nrdio-projects\/practicow-precision-cattle-breeding-support-system\/","title":{"rendered":"Practicow Precision Cattle Breeding Support System"},"content":{"rendered":"<p><strong>Project identification number: 2024-1.1.1-KKV_F\u00d3KUSZ-2024-00032<\/strong><\/p> <p>The project will be implemented in cooperation with a consortium, with the help of the following partners:<\/p> <ul> <li>Mez\u0151falvai Tejhaszn\u00fa Korl\u00e1tolt Felel\u0151ss\u00e9g\u0171 T\u00e1rsas\u00e1g<\/li> <li>Mez\u0151falvai H\u00fashaszn\u00fa Korl\u00e1tolt Felel\u0151ss\u00e9g\u0171 T\u00e1rsas\u00e1g<\/li> <li>University of Veterinary Medicine, Budapest<\/li> <\/ul> <p>Amount of fund (HUF): 737 423 060 HUF<\/p> <p>Total project cost (HUF): 1 043 840 320 HUF<\/p> <p>Start of implementation of the project: 01.02.2025.<\/p> <p>Planned deadline for the physical completion of the project: 31.01.2027.<\/p> <p><strong>\u00a0DETAILED CONTENT OF THE PROJECT<\/strong><\/p> <p>The goal of the consortium of Mez\u0151falvai Tejhaszn\u00fa Kft., Mez\u0151falvai H\u00fashaszn\u00fa Kft. and the University of Veterinary Medicine is to create the PractiCow Beef beef cattle monitoring system within the framework of the project. In recent years, the consortium leader Mez\u0151falvai Tejhaszn\u00fa Kft. has successfully introduced a monitoring system for the herd of barn-raised dairy cattle partly by purchasing market solutions and partly by further developing and expanding them. Together with the functionality identified as the PractiCow system, the company gained very positive experiences and the sister company&#8217;s request was to introduce a similar system for the extensive cattle herd, however, based on the market survey, it turned out that some of the solutions that can be called immature, provide a fraction of the functionality related to dairy cattle there is no such advanced technology on the market. Building on the experience gained during the introduction and development of the PractiCow function group, the consortium undertakes no less than the application of the PractiCow functions to the beef area and the expansion, adaptation and development of the necessary missing functions in the beef cattle sector, a technology that is already widely used in the dairy sector. create.<\/p> <p>Within the framework of the project, we use partially existing sensor systems available on the market as a basis (CowScout), which, together with the functional extensions applicable to dairy cattle carried out in close connection with this (Image processing-based condition detection), forms the basis of the development at TRL4 level. Similar to other animal monitoring systems, the goal is to create a three-layer solution, the lower level of which is the sensors and the raw data generated in them, the middle level is the data processing structures suitable for providing targeted and defined sub-functions, and the third level is based on the data content of the entire system, revealed during the project there are business intelligence functions mapping animal health, ethological and animal welfare professional relationships. In terms of the operation of the system, we have defined several data sources, such as the CowScout sensor system that has already been successfully used on dairy cattle, the image processing systems adapted to beef cattle within the project and further developed according to the expectations associated with extensive keeping, the individual sensors based on proximity measurement sensor technology that will be developed within the framework of the project individual interaction sensors, as well as weather stations measuring local weather parameters and sensor systems suitable for assessing the condition of pastures. The raw data content of the sensor solutions is processed separately for each data source, which offers users useful services by function group (e.g.: detection of signs of estrous ability, disease, automatic condition classification, automatic lameness detection, detection of anomalies related to cow-calf interactions, automatic detection of pasture depletion detection, bloodline survey support, etc.). According to one of our hypotheses, which is the scientific basis of the project and data mining, based on the simultaneous and combined examination and use of the raw data and derived data of each functional group level service, it is possible to develop business intelligence system functions that can be used to increase the operational reliability of the sub-functions and which together are suitable for additional information to generate based on the data that goes beyond the framework of sub-functions.<\/p> <p><img loading=\"lazy\" decoding=\"async\" class=\"size-medium wp-image-190270 alignright\" src=\"https:\/\/univet.hu\/wp-content\/uploads\/2025\/09\/NKFIA_infoblokk_kerettel_program_fekvo_2019_EN-320x113.jpg\" alt=\"\" width=\"320\" height=\"113\" srcset=\"https:\/\/univet.hu\/wp-content\/uploads\/2025\/09\/NKFIA_infoblokk_kerettel_program_fekvo_2019_EN-320x113.jpg 320w, https:\/\/univet.hu\/wp-content\/uploads\/2025\/09\/NKFIA_infoblokk_kerettel_program_fekvo_2019_EN-960x338.jpg 960w, https:\/\/univet.hu\/wp-content\/uploads\/2025\/09\/NKFIA_infoblokk_kerettel_program_fekvo_2019_EN-768x270.jpg 768w, https:\/\/univet.hu\/wp-content\/uploads\/2025\/09\/NKFIA_infoblokk_kerettel_program_fekvo_2019_EN-1536x541.jpg 1536w, https:\/\/univet.hu\/wp-content\/uploads\/2025\/09\/NKFIA_infoblokk_kerettel_program_fekvo_2019_EN-2048x721.jpg 2048w\" sizes=\"auto, (max-width: 320px) 100vw, 320px\" \/><\/p> <p>&nbsp;<\/p>","protected":false},"excerpt":{"rendered":"<p>Project identification number: 2024-1.1.1-KKV_F\u00d3KUSZ-2024-00032 The project will be implemented in cooperation with a consortium, with the help of the following partners: Mez\u0151falvai Tejhaszn\u00fa Korl\u00e1tolt Felel\u0151ss\u00e9g\u0171 T\u00e1rsas\u00e1g Mez\u0151falvai H\u00fashaszn\u00fa Korl\u00e1tolt Felel\u0151ss\u00e9g\u0171 T\u00e1rsas\u00e1g University of Veterinary Medicine, Budapest Amount of fund (HUF): 737 423 060 HUF Total project cost (HUF): 1 043 840 320 HUF Start of<\/p>\n","protected":false},"author":3727,"featured_media":0,"parent":87337,"menu_order":0,"comment_status":"open","ping_status":"open","template":"","meta":{"_acf_changed":false,"footnotes":""},"categories":[],"tags":[],"class_list":["post-190288","page","type-page","status-publish","hentry"],"acf":[],"_links":{"self":[{"href":"https:\/\/univet.hu\/en\/wp-json\/wp\/v2\/pages\/190288","targetHints":{"allow":["GET"]}}],"collection":[{"href":"https:\/\/univet.hu\/en\/wp-json\/wp\/v2\/pages"}],"about":[{"href":"https:\/\/univet.hu\/en\/wp-json\/wp\/v2\/types\/page"}],"author":[{"embeddable":true,"href":"https:\/\/univet.hu\/en\/wp-json\/wp\/v2\/users\/3727"}],"replies":[{"embeddable":true,"href":"https:\/\/univet.hu\/en\/wp-json\/wp\/v2\/comments?post=190288"}],"version-history":[{"count":2,"href":"https:\/\/univet.hu\/en\/wp-json\/wp\/v2\/pages\/190288\/revisions"}],"predecessor-version":[{"id":190290,"href":"https:\/\/univet.hu\/en\/wp-json\/wp\/v2\/pages\/190288\/revisions\/190290"}],"up":[{"embeddable":true,"href":"https:\/\/univet.hu\/en\/wp-json\/wp\/v2\/pages\/87337"}],"wp:attachment":[{"href":"https:\/\/univet.hu\/en\/wp-json\/wp\/v2\/media?parent=190288"}],"wp:term":[{"taxonomy":"category","embeddable":true,"href":"https:\/\/univet.hu\/en\/wp-json\/wp\/v2\/categories?post=190288"},{"taxonomy":"post_tag","embeddable":true,"href":"https:\/\/univet.hu\/en\/wp-json\/wp\/v2\/tags?post=190288"}],"curies":[{"name":"wp","href":"https:\/\/api.w.org\/{rel}","templated":true}]}}