{"id":190304,"date":"2025-07-08T08:01:35","date_gmt":"2025-07-08T06:01:35","guid":{"rendered":"https:\/\/univet.hu\/zootaxo2025\/"},"modified":"2025-11-11T13:10:06","modified_gmt":"2025-11-11T12:10:06","slug":"zootaxo2025","status":"publish","type":"page","link":"https:\/\/univet.hu\/en\/zootaxo2025\/","title":{"rendered":"II. Hungarian Zootaxonomy Conference"},"content":{"rendered":"<p><img loading=\"lazy\" decoding=\"async\" class=\"alignnone wp-image-187763 size-large\" src=\"https:\/\/univet.hu\/wp-content\/uploads\/2025\/07\/16b2bbf7-79d4-4517-bd29-643a16ce5cee-960x540.jpeg\" alt=\"\" width=\"960\" height=\"540\" srcset=\"https:\/\/univet.hu\/wp-content\/uploads\/2025\/07\/16b2bbf7-79d4-4517-bd29-643a16ce5cee-960x540.jpeg 960w, https:\/\/univet.hu\/wp-content\/uploads\/2025\/07\/16b2bbf7-79d4-4517-bd29-643a16ce5cee-320x180.jpeg 320w, https:\/\/univet.hu\/wp-content\/uploads\/2025\/07\/16b2bbf7-79d4-4517-bd29-643a16ce5cee-768x432.jpeg 768w, https:\/\/univet.hu\/wp-content\/uploads\/2025\/07\/16b2bbf7-79d4-4517-bd29-643a16ce5cee-1536x864.jpeg 1536w, https:\/\/univet.hu\/wp-content\/uploads\/2025\/07\/16b2bbf7-79d4-4517-bd29-643a16ce5cee.jpeg 1920w\" sizes=\"auto, (max-width: 960px) 100vw, 960px\" \/><\/p> <h1>II. Hungarian Zootaxonomy Conference<\/h1> <p>We cordially invite you to the 2nd Hungarian Zootaxonomy Conference, which will be held for two days this year, on 27th 28th of November 2025 (Thursday and Friday) in the Auditorium of the University of Veterinary Medicine Budapest (1078 Budapest, Istv\u00e1n u. 2).<\/p> <p><span style=\"font-size: 14pt\"><strong>Registration is closed.<\/strong><\/span><\/p> <p><img loading=\"lazy\" decoding=\"async\" class=\"wp-image-187766 aligncenter\" src=\"https:\/\/univet.hu\/wp-content\/uploads\/2025\/07\/zota25-terkep-320x284.jpg\" alt=\"\" width=\"451\" height=\"400\" srcset=\"https:\/\/univet.hu\/wp-content\/uploads\/2025\/07\/zota25-terkep-320x284.jpg 320w, https:\/\/univet.hu\/wp-content\/uploads\/2025\/07\/zota25-terkep-768x682.jpg 768w, https:\/\/univet.hu\/wp-content\/uploads\/2025\/07\/zota25-terkep.jpg 960w\" sizes=\"auto, (max-width: 451px) 100vw, 451px\" \/><\/p> <p>&nbsp;<\/p> <p>The scientific program of the conference will start 9:00 AM on November 27th and last until 6:00 PM. There will be an informal discussion in the Aula until 8:00 PM. On the second day, November 28th, the scietific program will start at 9:00 AM and will end depending on the number of presentations.<\/p> <p>In addition to the traditional 15-minute presentations (ideally: 10 minutes of presentation + 5 minutes of questions and answers), posters can also be presented at the conference, and of course, you can also register as a participant. We strongly recommend the latter for university students and high school students interested in zootaxonomy.<\/p> <p>The primary goal of the conference is, of course, the same as that of any other conference in the field: to present our results to our colleagues and discuss them. It is not necessary to report on an active topic or results, but the research topic, the taxon, and its interestingness can also be presented, since one of the biggest priorities of the conference is the education of future generations. Since the event attracted many young people based on last year&#8217;s positive experiences, the evening discussion will be adapted to their needs (details later).<br \/> We have invited two internationally recognised colleagues (see below) who will give plenary lectures.<\/p> <p>The lectures can be given in English or Hungarian, but a Hungarian abstract will definitely be required (please use google translate and ask help from the organizers). We ask the Hungarian participants to prepare their slides in English if possible<b>, and a few Hungarian colleagues will make their talks entirely in English.<\/b>.<\/p> <p>The best posters and presentations of the presenter students will be awarded. The best poster and presentation will be awarded with 1-1 of the following paintings by the courtessy of M\u00e1rton Zsoldos scientific illustrator (see below).<\/p> <p><img loading=\"lazy\" decoding=\"async\" class=\"alignnone size-medium wp-image-190399\" src=\"https:\/\/univet.hu\/wp-content\/uploads\/2025\/09\/Barlangi-vak-ugrovillas-320x216.jpg\" alt=\"\" width=\"320\" height=\"216\" srcset=\"https:\/\/univet.hu\/wp-content\/uploads\/2025\/09\/Barlangi-vak-ugrovillas-320x216.jpg 320w, https:\/\/univet.hu\/wp-content\/uploads\/2025\/09\/Barlangi-vak-ugrovillas-960x648.jpg 960w, https:\/\/univet.hu\/wp-content\/uploads\/2025\/09\/Barlangi-vak-ugrovillas-768x518.jpg 768w, https:\/\/univet.hu\/wp-content\/uploads\/2025\/09\/Barlangi-vak-ugrovillas.jpg 1000w\" sizes=\"auto, (max-width: 320px) 100vw, 320px\" \/> <img loading=\"lazy\" decoding=\"async\" class=\"alignnone size-medium wp-image-190402\" src=\"https:\/\/univet.hu\/wp-content\/uploads\/2025\/09\/Piros-legivadasz-Pyrrhosoma-nymphula-320x313.jpg\" alt=\"\" width=\"320\" height=\"313\" srcset=\"https:\/\/univet.hu\/wp-content\/uploads\/2025\/09\/Piros-legivadasz-Pyrrhosoma-nymphula-320x313.jpg 320w, https:\/\/univet.hu\/wp-content\/uploads\/2025\/09\/Piros-legivadasz-Pyrrhosoma-nymphula-960x940.jpg 960w, https:\/\/univet.hu\/wp-content\/uploads\/2025\/09\/Piros-legivadasz-Pyrrhosoma-nymphula-768x752.jpg 768w, https:\/\/univet.hu\/wp-content\/uploads\/2025\/09\/Piros-legivadasz-Pyrrhosoma-nymphula.jpg 1000w\" sizes=\"auto, (max-width: 320px) 100vw, 320px\" \/><\/p> <p><strong>Plenary talks:<\/strong><\/p> <p><a href=\"https:\/\/www.nhm.at\/nesrine_akkari\">Dr. Nesrine Akkari<\/a> Curator of the collection Myriapoda, Naturhistorisches Museum, Wien<\/p> <p><a href=\"https:\/\/scholar.google.hu\/citations?hl=en&amp;user=X2mztGoAAAAJ&amp;view_op=list_works&amp;sortby=pubdate\">Dr. Yuri Kantor<\/a> Leading researcher, A.N. Severtzov Institute of Ecology and Evolution: Moscow, Russian Federation<\/p> <p>&nbsp;<\/p> <p>Registration for the conference is free of charge. The rooms are provided by the University of Veterinary Medicine, and coffee and scones are provided by the HUN-REN Agricultural Research Center. The conference is supported by the Academic Publishing House, publisher of the journal Animal Taxonomy and Ecology and Pensoft. <strong>Food and drinks can be brought into the Aula, and the social event will last until 9:00 p.m.<\/strong> The lunch break will be 90 minutes, during which everyone can have lunch in the numerous restaurants in the area.<\/p> <p>Organizers:<\/p> <p><a href=\"https:\/\/univet.hu\/en\/about\/staff\/szuts-tamas\/\">Sz\u0171ts Tam\u00e1s<\/a>, University of Veterinary Medicine Budapest, Institute of Biology, Budapest<\/p> <p><a href=\"https:\/\/atk.hun-ren.hu\/en\/munkatarsak\/pall-gergely-barna-en\/\">P\u00e1ll-Gergely Barna<\/a>, HUN-REN Agricultural Research Center, Plant Protection Institute, Martonv\u00e1s\u00e1r<\/p> <p><a href=\"https:\/\/atk.hun-ren.hu\/hu\/munkatarsak\/kontschan-jeno\/\">Kontsch\u00e1n Jen\u0151<\/a>, HUN-REN Agricultural Research Center, Plant Protection Institute, Martonv\u00e1s\u00e1r<\/p> <p><a href=\"https:\/\/univet.hu\/en\/about\/staff\/hornok-sandor\/\">Hornok S\u00e1ndor<\/a>, University of Veterinary Medicine Budapest, Department of Parasitology and Zoology; HUN-REN\u2013UVMB Climate Change: New Blood-sucking Parasites and Vector-borne<br \/> Pathogens Research Group<\/p> <p><a href=\"https:\/\/uni-eszterhazy.hu\/api\/media\/file\/0175977a67e2b8ff15f1144923dc6e6c6c24f92e\">Mur\u00e1nyi D\u00e1vid<\/a>, Eszterh\u00e1zy K\u00e1roly Catholic University<\/p> <p><a href=\"https:\/\/www.researchgate.net\/profile\/Zoltan-Feher-2\">Feh\u00e9r Zolt\u00e1n<\/a>, WWF Hungary<\/p> <p><a href=\"https:\/\/www.mbt-biologia.hu\/\">Magyar Biol\u00f3giai T\u00e1rsas\u00e1g<\/a><\/p> <p>Sponsors:<\/p> <p><a href=\"http:\/\/univet.hu\/\"><img loading=\"lazy\" decoding=\"async\" class=\"alignnone wp-image-101764\" src=\"https:\/\/univet.hu\/wp-content\/uploads\/2024\/07\/k\u00e9p_2024-07-08_142208144-960x868.png\" alt=\"\" width=\"111\" height=\"100\" srcset=\"https:\/\/univet.hu\/wp-content\/uploads\/2024\/07\/k\u00e9p_2024-07-08_142208144-960x868.png 960w, https:\/\/univet.hu\/wp-content\/uploads\/2024\/07\/k\u00e9p_2024-07-08_142208144-320x289.png 320w, https:\/\/univet.hu\/wp-content\/uploads\/2024\/07\/k\u00e9p_2024-07-08_142208144-768x695.png 768w, https:\/\/univet.hu\/wp-content\/uploads\/2024\/07\/k\u00e9p_2024-07-08_142208144.png 2030w\" sizes=\"auto, (max-width: 111px) 100vw, 111px\" \/><\/a>\u00a0 \u00a0 \u00a0 \u00a0 \u00a0 \u00a0<img loading=\"lazy\" decoding=\"async\" class=\"alignnone wp-image-191653\" src=\"https:\/\/univet.hu\/wp-content\/uploads\/2025\/10\/AKADEMIAI_KIADO_2024_COL_1_hatternelk-320x267.png\" alt=\"\" width=\"118\" height=\"98\" srcset=\"https:\/\/univet.hu\/wp-content\/uploads\/2025\/10\/AKADEMIAI_KIADO_2024_COL_1_hatternelk-320x267.png 320w, https:\/\/univet.hu\/wp-content\/uploads\/2025\/10\/AKADEMIAI_KIADO_2024_COL_1_hatternelk-960x800.png 960w, https:\/\/univet.hu\/wp-content\/uploads\/2025\/10\/AKADEMIAI_KIADO_2024_COL_1_hatternelk-768x640.png 768w, https:\/\/univet.hu\/wp-content\/uploads\/2025\/10\/AKADEMIAI_KIADO_2024_COL_1_hatternelk.png 1417w\" sizes=\"auto, (max-width: 118px) 100vw, 118px\" \/>\u00a0 \u00a0 \u00a0 \u00a0 \u00a0 \u00a0 \u00a0 \u00a0 \u00a0 \u00a0 \u00a0\u00a0<a href=\"https:\/\/atk.hun-ren.hu\"><img loading=\"lazy\" decoding=\"async\" class=\"alignnone wp-image-101762\" src=\"https:\/\/univet.hu\/wp-content\/uploads\/2024\/07\/k\u00e9p_2024-07-08_140619582-960x271.png\" alt=\"\" width=\"247\" height=\"100\" \/><\/a>\u00a0 \u00a0 \u00a0 \u00a0 \u00a0 \u00a0 <a href=\"https:\/\/www.typotex.hu\/\"><img loading=\"lazy\" decoding=\"async\" class=\"alignnone wp-image-105456\" src=\"https:\/\/univet.hu\/wp-content\/uploads\/2024\/11\/Typotex_Logo_2018_color_flat-960x630.png\" alt=\"\" width=\"152\" height=\"100\" srcset=\"https:\/\/univet.hu\/wp-content\/uploads\/2024\/11\/Typotex_Logo_2018_color_flat-960x630.png 960w, https:\/\/univet.hu\/wp-content\/uploads\/2024\/11\/Typotex_Logo_2018_color_flat-320x210.png 320w, https:\/\/univet.hu\/wp-content\/uploads\/2024\/11\/Typotex_Logo_2018_color_flat-768x504.png 768w\" sizes=\"auto, (max-width: 152px) 100vw, 152px\" \/><\/a><\/p> <p><img loading=\"lazy\" decoding=\"async\" class=\"alignnone wp-image-189971\" src=\"https:\/\/univet.hu\/wp-content\/uploads\/2025\/09\/PENSOFT_logo-journals-in-entomology-01-320x122.png\" alt=\"\" width=\"261\" height=\"100\" srcset=\"https:\/\/univet.hu\/wp-content\/uploads\/2025\/09\/PENSOFT_logo-journals-in-entomology-01-320x122.png 320w, https:\/\/univet.hu\/wp-content\/uploads\/2025\/09\/PENSOFT_logo-journals-in-entomology-01-960x367.png 960w, https:\/\/univet.hu\/wp-content\/uploads\/2025\/09\/PENSOFT_logo-journals-in-entomology-01-768x294.png 768w, https:\/\/univet.hu\/wp-content\/uploads\/2025\/09\/PENSOFT_logo-journals-in-entomology-01-1536x588.png 1536w, https:\/\/univet.hu\/wp-content\/uploads\/2025\/09\/PENSOFT_logo-journals-in-entomology-01-2048x784.png 2048w\" sizes=\"auto, (max-width: 261px) 100vw, 261px\" \/> \u00a0<img loading=\"lazy\" decoding=\"async\" class=\"alignnone wp-image-190415\" src=\"https:\/\/univet.hu\/wp-content\/uploads\/2025\/09\/MBT_logo-320x255.jpg\" alt=\"\" width=\"125\" height=\"100\" \/> \u00a0<img loading=\"lazy\" decoding=\"async\" class=\"alignnone wp-image-191657 size-full\" src=\"https:\/\/univet.hu\/wp-content\/uploads\/2025\/10\/fekete-logo-ne\u0301gyzet-1-e1759755856115.png\" alt=\"\" width=\"100\" height=\"100\" \/> \u00a0<img loading=\"lazy\" decoding=\"async\" class=\"alignnone wp-image-194502\" src=\"https:\/\/univet.hu\/wp-content\/uploads\/2025\/10\/dd17c9ae-297c-4b9c-bb9c-91cbb3884f05-e1761907076132-231x320.jpeg\" alt=\"\" width=\"74\" height=\"100\" \/> \u00a0 <img loading=\"lazy\" decoding=\"async\" class=\"alignnone wp-image-194497\" src=\"https:\/\/univet.hu\/wp-content\/uploads\/2025\/10\/wwf_logo_large_rgb_72dpi_1_1_1_1_783732-e1761906895746-233x320.webp\" alt=\"\" width=\"74\" height=\"100\" \/><\/p>","protected":false},"excerpt":{"rendered":"<p>II. Hungarian Zootaxonomy Conference We cordially invite you to the 2nd Hungarian Zootaxonomy Conference, which will be held for two days this year, on 27th 28th of November 2025 (Thursday and Friday) in the Auditorium of the University of Veterinary Medicine Budapest (1078 Budapest, Istv\u00e1n u. 2). Registration is closed. &nbsp; The scientific program of<\/p>\n","protected":false},"author":1586,"featured_media":0,"parent":0,"menu_order":0,"comment_status":"closed","ping_status":"closed","template":"","meta":{"_acf_changed":false,"footnotes":""},"categories":[38,1],"tags":[],"class_list":["post-190304","page","type-page","status-publish","hentry","category-featured","category-news"],"acf":[],"_links":{"self":[{"href":"https:\/\/univet.hu\/en\/wp-json\/wp\/v2\/pages\/190304","targetHints":{"allow":["GET"]}}],"collection":[{"href":"https:\/\/univet.hu\/en\/wp-json\/wp\/v2\/pages"}],"about":[{"href":"https:\/\/univet.hu\/en\/wp-json\/wp\/v2\/types\/page"}],"author":[{"embeddable":true,"href":"https:\/\/univet.hu\/en\/wp-json\/wp\/v2\/users\/1586"}],"replies":[{"embeddable":true,"href":"https:\/\/univet.hu\/en\/wp-json\/wp\/v2\/comments?post=190304"}],"version-history":[{"count":5,"href":"https:\/\/univet.hu\/en\/wp-json\/wp\/v2\/pages\/190304\/revisions"}],"predecessor-version":[{"id":194508,"href":"https:\/\/univet.hu\/en\/wp-json\/wp\/v2\/pages\/190304\/revisions\/194508"}],"wp:attachment":[{"href":"https:\/\/univet.hu\/en\/wp-json\/wp\/v2\/media?parent=190304"}],"wp:term":[{"taxonomy":"category","embeddable":true,"href":"https:\/\/univet.hu\/en\/wp-json\/wp\/v2\/categories?post=190304"},{"taxonomy":"post_tag","embeddable":true,"href":"https:\/\/univet.hu\/en\/wp-json\/wp\/v2\/tags?post=190304"}],"curies":[{"name":"wp","href":"https:\/\/api.w.org\/{rel}","templated":true}]}}