{"id":190338,"date":"2025-09-09T12:23:13","date_gmt":"2025-09-09T10:23:13","guid":{"rendered":"https:\/\/univet.hu\/about\/staff\/uj-munkatars-oldal\/"},"modified":"2026-02-10T04:26:32","modified_gmt":"2026-02-10T03:26:32","slug":"dr-orosz-szilvia","status":"publish","type":"page","link":"https:\/\/univet.hu\/en\/about\/staff\/dr-orosz-szilvia\/","title":{"rendered":"Orosz Szilvia"},"content":{"rendered":"<p style=\"text-align: center\">Introduction<\/p> <p>Date of application: 2025<\/p> <p>Specialization: dairy cattle nutrition, forages conservation, NIR forage analytics.<\/p> <p>Teaching activity:<\/p> <p style=\"padding-left: 40px\"><em>Elective courses:<\/em><\/p> <p style=\"padding-left: 80px\">1. Modern approach to the harvest, conservation and feeding of forages for ruminants<\/p> <p style=\"padding-left: 40px\"><em>Teaching activity in other universities:<\/em> MATE, Szent Istv\u00e1n Campus (Hungary), MATE Kaposv\u00e1r Campus (Hungary), MATE Georgikon Campus (Hungary), University of Debrecen (Hungary).<\/p> <p>Language skills: English, Russian<\/p> <p>Qualifications: Agricultural Engineer (1996), Engineering Teacher (1996)<\/p> <p>Academic degree:\u00a0PhD in Agricultural Sciences, 2001<\/p> <p>&nbsp;<\/p> <p>Awards:<\/p> <p style=\"padding-left: 40px\">2006 \u2013 Gold Grade of the St. Stephen University Laurel Wreath<br \/> 2019 \u2013 \u201c Award for Excellence in Agriculture\u201d, Agricultural Innovation category<br \/> 2021 \u2013 J\u00e1nos Adorj\u00e1n Award of the <em>Magyar Mez\u0151gazdas\u00e1g<\/em> weekly journal<\/p> <p>&nbsp;<\/p> <p><strong>Main research areas<\/strong><\/p> <ul> <li>Harvesting technology and conservation of forages.<\/li> <li>Improving the stability of the forage base in the context of climate change and increasing milk production results. This includes the cultivation and harvesting technologies, as well as the physiological effects, of intensive (arable) grass species; autumn-sown and early spring\u2013harvested cereals (rye, triticale); and autumn and spring forage mixtures. Cultivation, harvesting technology, and feeding of drought-tolerant, modern annual BMR sorghum species and Sudan grass in cattle herds. The importance of double cropping in Hungary in the context of climate change. Forage climate strategy for extensive livestock systems (sheep and beef cattle).<\/li> <li>NIR forage analytics. Introduction of new, modern parameters into practice in the field of forages: corn silage CSPS, peNDF, fiber digestibility (NDFd48 and dNDF48), indigestible fiber (iNDF240), hay quality evaluation (RFQ, RFV).<\/li> <li>Nutrition of dairy cattle.<\/li> <\/ul> <p><strong>\u00a0<\/strong><\/p> <p><strong>Public and professional activities:<\/strong><\/p> <ul> <li>Public member of the Hungarian Academy of Sciences (HAS)<\/li> <li>Invited public member of the Committee on Animal Science (Hungarian Academy of Sciences)<\/li> <\/ul> <p>&nbsp;<\/p> <p><strong>Publications (Top 10)\u00a0 <\/strong><a href=\"https:\/\/m2.mtmt.hu\/gui2\/?type=authors&amp;mode=browse&amp;sel=authors10011304\"><strong>mtmt-link<\/strong><\/a><\/p> <p><strong>Poultry nutrition<\/strong><\/p> <ul> <li><strong>Orosz Sz.,<\/strong> M\u00e9zes M., Vet\u00e9si M., Erd\u00e9lyi M., Kiss L. (2000): Investigation on the effect of additional bile salts on growth and blood parameters in Peking duck fed with barley-based diet. Archiv f\u00fcr Gefl\u00fcgelkunde. 64. 5. 224-230.<\/li> <li>Vet\u00e9si M., <strong>Orosz Sz.,<\/strong> M\u00e9zes M., Erd\u00e9lyi M., Kiss L. (2000): Influence of feeding diets with barley and oat to growing geese on performance, digestibility of nutrients and concentration of VLDL, triglyceride and cholesterol in blood plasma. Archiv f\u00fcr Gefl\u00fcgelkunde 64.5. 219-223.<\/li> <li><strong>Orosz, Sz<\/strong>., F. Husv\u00e9th, M. Vet\u00e9si, L. Kiss, M. M\u00e9zes (2007): Investigation on the effect of oat and barley feeding on performance and some lipid parameters in table ducks. Asian-Aust. J. Anim. Sci Vol. 20 No. 7: 1076-1083 pp. July<\/li> <\/ul> <p><strong>Wildlife nutrition<\/strong><\/p> <ul> <li>Szemethy, K.in M\u00e1trai, K.n Katona, <strong>Sz. Orosz<\/strong> (2003): Seasonal home range shift of red deer hinds <em>(Cervus elaphus<\/em>): are there feeding reasons? Folia Zool. \u2013 52 (3): 249\u2013258.<\/li> <li>Szemethy L (szerk.), M\u00e9zes M., <strong>Orosz Sz<\/strong>., Pal\u00e1nki G., Szemethy D., Tat\u00e1r K., Vet\u00e9si (2024): A korszer\u0171 vadtakarm\u00e1nyoz\u00e1s k\u00e9zik\u00f6nyve. D\u00e9nes Natur M\u0171hely Kiad\u00f3, Budapest, Magyarorsz\u00e1g 338 p. Szakk\u00f6nyv. ISBN: 9786156243515.<\/li> <\/ul> <p><strong>Forage management<\/strong><\/p> <ul> <li><strong>Orosz,<\/strong>, J. M. Wilkinson, S. Wigley, Zs. B\u00edr\u00f3, J. Gall\u00f3 (2013): Microbial status, aerobic stability and fermentation of maize silage sealed with an oxygen barrier film or standard polyethylene film. Agriculture and Food Science 22: 182-188.<\/li> <li>Alemayehu, W., T\u00f3th, T., <strong>Orosz, S.,<\/strong> F\u00e9bel, H., Kacsala, L., H\u00fath, B., Hoffmann, R., Yakubu, H.G., Bazar, G., T\u00f3thi, R. (2021). Aroma Profile, Microbial and Chemical Quality of Ensiled Green Forages Mixtures of Winter Cereals and Italian Ryegrass. Agriculture 11, 512. https:\/\/doi.org\/10.3390\/agriculture11060512<\/li> <li>Haruna Gado Yakubu, Alemayehu W., T\u00f3thi, T. T\u00f3th. <strong>Sz. Orosz<\/strong>, Hedvig F\u00e9bel, L\u00e1szl\u00f3 Kacsala, Bal\u00e1zs H\u00fath, Rich\u00e1rd Hoffmann, George Baza<a href=\"https:\/\/pubmed.ncbi.nlm.nih.gov\/?term=Bazar+G&amp;cauthor_id=36922402\">r<\/a> (2023) Near-infrared spectroscopy for rapid evaluation of winter cereals and Italian ryegrass forage mixtures. Anim Sci J. 94(1):e13823. doi: 10.1111\/asj.13823.<\/li> <\/ul> <p><strong>Forage climate strategy in Central Europe (review)<\/strong><\/p> <ul> <li>T\u00f3thi R., <strong>Orosz Sz.,<\/strong> Katalin Somfalvi-T\u00f3th K., Babinszky L., Halas V. (2024): Effect of Climate Change on Strategy of Forage Feeding in Cattle Farms Under Dry Continental Conditions. Chapter 4. In: Latest Scientific Findings in Ruminant Nutrition &#8211; Research for Practical Implementation, Ed. L Babinszky. Intech Open Series. Veterinary Medicine and Science, Vol 21. p 57-87. Print ISBN 978-0-85466-977-6. Online ISBN 978-0-85466-976-9. eBOOK ISBN 978-0-85466-978-3. ISSN 2632-0517.<\/li> <\/ul>","protected":false},"excerpt":{"rendered":"<p>Introduction Date of application: 2025 Specialization: dairy cattle nutrition, forages conservation, NIR forage analytics. Teaching activity: Elective courses: 1. Modern approach to the harvest, conservation and feeding of forages for ruminants Teaching activity in other universities: MATE, Szent Istv\u00e1n Campus (Hungary), MATE Kaposv\u00e1r Campus (Hungary), MATE Georgikon Campus (Hungary), University of Debrecen (Hungary). Language skills:<\/p>\n","protected":false},"author":5824,"featured_media":0,"parent":857,"menu_order":0,"comment_status":"open","ping_status":"open","template":"","meta":{"_acf_changed":false,"footnotes":""},"categories":[],"tags":[],"class_list":["post-190338","page","type-page","status-publish","hentry"],"acf":[],"_links":{"self":[{"href":"https:\/\/univet.hu\/en\/wp-json\/wp\/v2\/pages\/190338","targetHints":{"allow":["GET"]}}],"collection":[{"href":"https:\/\/univet.hu\/en\/wp-json\/wp\/v2\/pages"}],"about":[{"href":"https:\/\/univet.hu\/en\/wp-json\/wp\/v2\/types\/page"}],"author":[{"embeddable":true,"href":"https:\/\/univet.hu\/en\/wp-json\/wp\/v2\/users\/5824"}],"replies":[{"embeddable":true,"href":"https:\/\/univet.hu\/en\/wp-json\/wp\/v2\/comments?post=190338"}],"version-history":[{"count":6,"href":"https:\/\/univet.hu\/en\/wp-json\/wp\/v2\/pages\/190338\/revisions"}],"predecessor-version":[{"id":197913,"href":"https:\/\/univet.hu\/en\/wp-json\/wp\/v2\/pages\/190338\/revisions\/197913"}],"up":[{"embeddable":true,"href":"https:\/\/univet.hu\/en\/wp-json\/wp\/v2\/pages\/857"}],"wp:attachment":[{"href":"https:\/\/univet.hu\/en\/wp-json\/wp\/v2\/media?parent=190338"}],"wp:term":[{"taxonomy":"category","embeddable":true,"href":"https:\/\/univet.hu\/en\/wp-json\/wp\/v2\/categories?post=190338"},{"taxonomy":"post_tag","embeddable":true,"href":"https:\/\/univet.hu\/en\/wp-json\/wp\/v2\/tags?post=190338"}],"curies":[{"name":"wp","href":"https:\/\/api.w.org\/{rel}","templated":true}]}}