{"id":191146,"date":"2017-06-27T16:03:00","date_gmt":"2017-06-27T14:03:00","guid":{"rendered":"https:\/\/univet.hu\/viselkedesbiologiai-kutatocsoport\/"},"modified":"2025-09-25T14:52:33","modified_gmt":"2025-09-25T12:52:33","slug":"viselkedesbiologiai-kutatocsoport","status":"publish","type":"page","link":"https:\/\/univet.hu\/en\/research\/research-teams\/viselkedesbiologiai-kutatocsoport\/","title":{"rendered":"Behavioural Biology Research Group"},"content":{"rendered":"<p>&nbsp;<\/p> <p><strong>Group-leader:<\/strong> Dr. Andr\u00e1s Kosztol\u00e1nyi, associate professor<\/p> <p><strong>Synapsis:<\/strong> <a class=\"decrypt\" rel=\"lpt{upmbozj\/boesbtAvojwfu\/iv\" href=\"javascript:void(0);\">[Click to see email]<\/a><\/p> <p><strong>Group:<\/strong><\/p> <p>Associate professor: <a href=\"https:\/\/univet.hu\/hu\/egyetem\/munkatarsak\/kosztolanyi-andras\/\">Dr. <\/a><a href=\"https:\/\/univet.hu\/hu\/egyetem\/munkatarsak\/kosztolanyi-andras\/\">Andr\u00e1s<\/a><a href=\"https:\/\/univet.hu\/en\/egyetem\/munkatarsak\/kosztolanyi-andras\/\"> Kosztol\u00e1nyi\u00a0<\/a><\/p> <p>Senior research fellow:<a href=\"https:\/\/univet.hu\/hu\/egyetem\/munkatarsak\/kis-janos\/\"> Dr. <\/a><a href=\"https:\/\/univet.hu\/hu\/egyetem\/munkatarsak\/kis-janos\/\">J\u00e1nos<\/a><a href=\"https:\/\/univet.hu\/en\/egyetem\/munkatarsak\/kis-janos\/\"> Kis\u00a0<\/a><\/p> <p>Associate professor: <a href=\"https:\/\/univet.hu\/en\/egyetem\/munkatarsak\/mcdonald-grant\/\">Dr. Grant C. McDonald<\/a><\/p> <p>&nbsp;<\/p> <p><strong>Research field:<\/strong><\/p> <p>Investigation of sexual selection, sexual conflict and cooperation between individuals. Investigation of the evolution of reproductive systems and parental care. Investigation of the impact of social networks, animal personalities and social learning on reproductive behaviour. Investigation of factors influencing feeding decisions. Survival analysis and population viability (PVA) studies. Observational and experimental studies are mostly carried out at various field sites in Hungary and abroad and occasionally in laboratory populations on birds, butterflies and beetles.<\/p> <p>&nbsp;<\/p> <p><strong>Memberships:<\/strong><\/p> <p>Magyar Etol\u00f3giai T\u00e1rsas\u00e1g<\/p> <p>Magyar Mad\u00e1rtani \u00e9s Term\u00e9szetv\u00e9delmi Egyes\u00fclet<\/p> <p>Association for the Study of Animal Behaviour<\/p> <p>International Society for Behavioral Ecology<\/p> <p>British Ecological Society<\/p> <p>&nbsp;<\/p> <p><strong>Cooperations:<\/strong><\/p> <p>University of Veterinary Medicine Vienna, Austria<\/p> <p>University of Oxford, UK<\/p> <p>University of Bath, UK<\/p> <p>B\u00fcro f\u00fcr \u00f6kologische Forschung und Planung GEYER &amp; DOLEK, W\u00f6rthsee, Germany<\/p> <p>&nbsp;<\/p> <p><strong>Scholarships and Grants:<\/strong><\/p> <table style=\"width: 602px\" border=\"1\" cellspacing=\"0\" cellpadding=\"0\"> <tbody> <tr> <td style=\"height: 63px;width: 128px\"><strong>Grant no.<\/strong><\/td> <td style=\"height: 63px;width: 345px\"><strong>Title and topic<\/strong><\/td> <td style=\"height: 63px;width: 128px\"><strong>Amount (Ft-ban)<\/strong><\/td> <\/tr> <tr> <td style=\"height: 63px;width: 128px\">NKFIH FK134741<\/td> <td style=\"height: 63px;width: 345px\">Evolutionary and demographic impacts of the social landscape on animal personality, 2020-2025<\/td> <td style=\"height: 63px;width: 128px\">\u00a039.997.000<\/td> <\/tr> <tr> <td style=\"height: 63px;width: 128px\">NKFIH ANN143995<\/td> <td style=\"height: 63px;width: 345px\">Social and environmental determinants of successful parents, 2023-2026<\/td> <td style=\"height: 63px;width: 128px\">47.988.000<\/td> <\/tr> <\/tbody> <\/table> <p>&nbsp;<\/p>","protected":false},"excerpt":{"rendered":"<p>&nbsp; Group-leader: Dr. Andr\u00e1s Kosztol\u00e1nyi, associate professor Synapsis: [Click to see email] Group: Associate professor: Dr. Andr\u00e1s Kosztol\u00e1nyi\u00a0 Senior research fellow: Dr. J\u00e1nos Kis\u00a0 Associate professor: Dr. Grant C. McDonald &nbsp; Research field: Investigation of sexual selection, sexual conflict and cooperation between individuals. Investigation of the evolution of reproductive systems and parental care. Investigation of<\/p>\n","protected":false},"author":1,"featured_media":0,"parent":869,"menu_order":228,"comment_status":"closed","ping_status":"closed","template":"","meta":{"_acf_changed":false,"footnotes":""},"categories":[],"tags":[],"class_list":["post-191146","page","type-page","status-publish","hentry"],"acf":[],"_links":{"self":[{"href":"https:\/\/univet.hu\/en\/wp-json\/wp\/v2\/pages\/191146","targetHints":{"allow":["GET"]}}],"collection":[{"href":"https:\/\/univet.hu\/en\/wp-json\/wp\/v2\/pages"}],"about":[{"href":"https:\/\/univet.hu\/en\/wp-json\/wp\/v2\/types\/page"}],"author":[{"embeddable":true,"href":"https:\/\/univet.hu\/en\/wp-json\/wp\/v2\/users\/1"}],"replies":[{"embeddable":true,"href":"https:\/\/univet.hu\/en\/wp-json\/wp\/v2\/comments?post=191146"}],"version-history":[{"count":5,"href":"https:\/\/univet.hu\/en\/wp-json\/wp\/v2\/pages\/191146\/revisions"}],"predecessor-version":[{"id":191147,"href":"https:\/\/univet.hu\/en\/wp-json\/wp\/v2\/pages\/191146\/revisions\/191147"}],"up":[{"embeddable":true,"href":"https:\/\/univet.hu\/en\/wp-json\/wp\/v2\/pages\/869"}],"wp:attachment":[{"href":"https:\/\/univet.hu\/en\/wp-json\/wp\/v2\/media?parent=191146"}],"wp:term":[{"taxonomy":"category","embeddable":true,"href":"https:\/\/univet.hu\/en\/wp-json\/wp\/v2\/categories?post=191146"},{"taxonomy":"post_tag","embeddable":true,"href":"https:\/\/univet.hu\/en\/wp-json\/wp\/v2\/tags?post=191146"}],"curies":[{"name":"wp","href":"https:\/\/api.w.org\/{rel}","templated":true}]}}