{"id":191161,"date":"2018-09-23T12:00:19","date_gmt":"2018-09-23T10:00:19","guid":{"rendered":"https:\/\/univet.hu\/biology\/szervezeti-egysegek\/viselkedesbiologiai-kutatocsoport\/"},"modified":"2025-09-25T14:53:28","modified_gmt":"2025-09-25T12:53:28","slug":"viselkedesbiologiai-kutatocsoport","status":"publish","type":"page","link":"https:\/\/univet.hu\/en\/biology\/szervezeti-egysegek-bi\/viselkedesbiologiai-kutatocsoport\/","title":{"rendered":"Behavioural Biology Research Group"},"content":{"rendered":"<h2>Research group leader:<\/h2> <p><a href=\"https:\/\/univet.hu\/en\/about\/staff\/kosztolanyi-andras\/\">Dr. <\/a><a href=\"https:\/\/univet.hu\/en\/about\/staff\/kosztolanyi-andras\/\"> Andr\u00e1s<\/a><a href=\"https:\/\/univet.hu\/en\/about\/staff\/kosztolanyi-andras\/\"> Kosztol\u00e1nyi<\/a>, associate professor<\/p> <h2>Researchers:<\/h2> <ul> <li><a href=\"https:\/\/univet.hu\/en\/egyetem\/munkatarsak\/mcdonald-grant\/\">Dr. Grant C. McDonald<\/a>, associate professor<\/li> <li><a href=\"https:\/\/univet.hu\/en\/egyetem\/munkatarsak\/kis-janos\/\">Dr. <\/a><a href=\"https:\/\/univet.hu\/en\/egyetem\/munkatarsak\/kis-janos\/\">J\u00e1nos<\/a><a href=\"https:\/\/univet.hu\/en\/egyetem\/munkatarsak\/kis-janos\/\"> Kis<\/a>, senior research fellow<\/li> <\/ul> <h2>Research topic:<\/h2> <p>Investigation of sexual selection, sexual conflict and cooperation between individuals. Investigation of the evolution of reproductive systems and parental care. Investigation of the impact of social networks, animal personalities and social learning on reproductive behaviour. Investigation of factors influencing feeding decisions. Survival analysis and population viability (PVA) studies. Observational and experimental studies are mostly carried out at various field sites in Hungary and abroad and occasionally in laboratory populations on birds, butterflies and beetles.<\/p> <h2>Memberships:<\/h2> <ul> <li>Magyar Etol\u00f3giai T\u00e1rsas\u00e1g<\/li> <li>Magyar Mad\u00e1rtani \u00e9s Term\u00e9szetv\u00e9delmi Egyes\u00fclet<\/li> <li>Association for the Study of Animal Behaviour<\/li> <li>International Society for Behavioral Ecology<\/li> <li>British Ecological Society<\/li> <\/ul> <h2>Cooperations:<\/h2> <ul> <li>University of Veterinary Medicine Vienna, Austria<\/li> <li>University of Oxford, UK<\/li> <li>University of Bath, UK<\/li> <li>B\u00fcro f\u00fcr \u00f6kologische Forschung und Planung GEYER &amp; DOLEK, W\u00f6rthsee, Germany<\/li> <\/ul> <h2>Selected publications:<\/h2> <ol> <li>McDonald, G.C., Barta, Z., Caspers, B.A., Sz\u00e9kely, T., Kosztol\u00e1nyi, A., 2024. Sex roles in parental care in a species with precocial offspring and frequent brood desertion. Animal Behaviour, 215, 211\u2013225. D1<\/li> <li>Fresneau, N., Pipoly, I., Gigler, D., Kosztol\u00e1nyi, A., Sz\u00e9kely, T., Liker, A., 2024. The evolution of sex roles: the importance of ecology and social environment. Proceedings of the National Academy of Sciences of the United States of America 121, e2321294121. D1<\/li> <li>Carleial, R., Pizzari, T., Richardson, D.S., McDonald G.C., 2023. Disentangling the causes of temporal variation in the opportunity for sexual selection. Nature Communications 14, 1006 D1<\/li> <li>McDonald, G.C., Cuthill, I.C., Sz\u00e9kely, T., Kosztol\u00e1nyi, A., 2023. Remating opportunities and low costs underlie maternal desertion. Evolution, 77, 97\u2013109. D1<\/li> <li>G\u00f3r, \u00c1., Lang, Z., P\u00e1sztor, K., Szigeti, V., Vajna, F., Kis, J., 2023. Mate\u2010guarding success depends on male investment in a butterfly. Ecology and Evolution, 13, e10533. Q1<\/li> <\/ol>","protected":false},"excerpt":{"rendered":"<p>Research group leader: Dr. Andr\u00e1s Kosztol\u00e1nyi, associate professor Researchers: Dr. Grant C. McDonald, associate professor Dr. J\u00e1nos Kis, senior research fellow Research topic: Investigation of sexual selection, sexual conflict and cooperation between individuals. Investigation of the evolution of reproductive systems and parental care. Investigation of the impact of social networks, animal personalities and social learning<\/p>\n","protected":false},"author":1,"featured_media":0,"parent":98145,"menu_order":112,"comment_status":"closed","ping_status":"closed","template":"","meta":{"_acf_changed":false,"footnotes":""},"categories":[],"tags":[],"class_list":["post-191161","page","type-page","status-publish","hentry"],"acf":[],"_links":{"self":[{"href":"https:\/\/univet.hu\/en\/wp-json\/wp\/v2\/pages\/191161","targetHints":{"allow":["GET"]}}],"collection":[{"href":"https:\/\/univet.hu\/en\/wp-json\/wp\/v2\/pages"}],"about":[{"href":"https:\/\/univet.hu\/en\/wp-json\/wp\/v2\/types\/page"}],"author":[{"embeddable":true,"href":"https:\/\/univet.hu\/en\/wp-json\/wp\/v2\/users\/1"}],"replies":[{"embeddable":true,"href":"https:\/\/univet.hu\/en\/wp-json\/wp\/v2\/comments?post=191161"}],"version-history":[{"count":5,"href":"https:\/\/univet.hu\/en\/wp-json\/wp\/v2\/pages\/191161\/revisions"}],"predecessor-version":[{"id":191193,"href":"https:\/\/univet.hu\/en\/wp-json\/wp\/v2\/pages\/191161\/revisions\/191193"}],"up":[{"embeddable":true,"href":"https:\/\/univet.hu\/en\/wp-json\/wp\/v2\/pages\/98145"}],"wp:attachment":[{"href":"https:\/\/univet.hu\/en\/wp-json\/wp\/v2\/media?parent=191161"}],"wp:term":[{"taxonomy":"category","embeddable":true,"href":"https:\/\/univet.hu\/en\/wp-json\/wp\/v2\/categories?post=191161"},{"taxonomy":"post_tag","embeddable":true,"href":"https:\/\/univet.hu\/en\/wp-json\/wp\/v2\/tags?post=191161"}],"curies":[{"name":"wp","href":"https:\/\/api.w.org\/{rel}","templated":true}]}}