{"id":1934,"date":"2018-04-09T18:34:55","date_gmt":"2018-04-09T16:34:54","guid":{"rendered":"http:\/\/univet.hu\/featured-news\/"},"modified":"2018-04-09T20:34:55","modified_gmt":"2018-04-09T18:34:55","slug":"featured-news","status":"publish","type":"page","link":"https:\/\/univet.hu\/en\/featured-news\/","title":{"rendered":"Featured News"},"content":{"rendered":"<div class=\"container-fluid wrapper content\"> <div class=\"container-fluid wrapper content\"> <div class=\"row\"><a href=\"https:\/\/univet.hu\/en\/university\/news\/199\" data-replaced=\"true\"><\/p> <div class=\"col-xs-12 col-sm-12 col-md-4 newsbox\"><b>2018-04-04<\/b><\/p> <h3>How can you make a good presentation even more effective? <\/h3> <p>Become a pro presenter \u2013 Call for proposal!   We are looking forward to the applications of all students who love challenges, have good presentation skills and would like to show what novel themes they are interested in.<\/p><\/div> <p><\/a><a href=\"https:\/\/univet.hu\/en\/university\/news\/192\" data-replaced=\"true\"><\/p> <div class=\"col-xs-12 col-sm-12 col-md-4 newsbox\"><b>2018-03-20<\/b><\/p> <h3>The master of veterinary was born 150 years ago<\/h3> <p>Commemoration of the 150th Birth Anniversary of J\u00f3zsef Marek<\/p><\/div> <p><\/a><a href=\"https:\/\/univet.hu\/en\/university\/news\/198\" data-replaced=\"true\"><\/p> <div class=\"col-xs-12 col-sm-12 col-md-4 newsbox\"><b>2018-03-14<\/b><\/p> <h3>Congratulation to Bal\u00e1zs Baji<\/h3> <p>Bal\u00e1zs Baji received the Knight Cross of Order of Merit of Hungary <\/p><\/div> <p><\/a><\/div> <div class=\"row\"><a href=\"https:\/\/univet.hu\/en\/university\/news\/191\" data-replaced=\"true\"><\/p> <div class=\"col-xs-12 col-sm-12 col-md-4 newsbox\"><b>2018-03-13<\/b><\/p> <h3>VET EVENTS &#8211; Exhibition Opening and Student Concert<\/h3> <p>Science and culture at the University of Veterinary Medicine<\/p><\/div> <p><\/a><a href=\"https:\/\/univet.hu\/en\/university\/news\/189\" data-replaced=\"true\"><\/p> <div class=\"col-xs-12 col-sm-12 col-md-4 newsbox\"><b>2018-03-01<\/b><\/p> <h3>Welcome Spring Party with M\u00e1rk  J\u00e1rai at the Equus Club<\/h3> <p>\u201eVet Events \u2013 Science and culture at the University of Veterinary Medicine\u201d<\/p><\/div> <p><\/a><a href=\"https:\/\/univet.hu\/en\/university\/news\/184\" data-replaced=\"true\"><\/p> <div class=\"col-xs-12 col-sm-12 col-md-4 newsbox\"><b>2018-02-16<\/b><\/p> <h3>Conferral of the Doctoral Degrees<\/h3> <p>Live online broadcast will be available for the Graduation Ceremony on 23 February 2018 at 10:00.<\/p><\/div> <p><\/a><\/div> <div class=\"row\"><a href=\"https:\/\/univet.hu\/en\/university\/news\/177\" data-replaced=\"true\"><\/p> <div class=\"col-xs-12 col-sm-12 col-md-4 newsbox\"><b>2017-12-20<\/b><\/p> <h3>Happy Holidays!<\/h3> <p>The University of Veterinary Medicine Budapest wishes everybody a Merry Christmas and a Happy New Year!<\/p><\/div> <p><\/a><a href=\"https:\/\/univet.hu\/en\/university\/news\/169\" data-replaced=\"true\"><\/p> <div class=\"col-xs-12 col-sm-12 col-md-4 newsbox\"><b>2017-11-13<\/b><\/p> <h3>VetNEST Annual Meeting, Budapest<\/h3> <p>The members of Vetnest (Veterinary Network of European Student and Staff Transfer) network have gathered at their annual meeting at the University of Veterinary Medicine in Budapest, Hungary.<\/p><\/div> <p><\/a><a href=\"https:\/\/univet.hu\/en\/university\/news\/164\" data-replaced=\"true\"><\/p> <div class=\"col-xs-12 col-sm-12 col-md-4 newsbox\"><b>2017-09-29<\/b><\/p> <h3>Picnic for Students and Colleagues<\/h3> <p>The University of Veterinary Medicine Budapest celebrated the anniversary of its independency on 20th September 2017.<\/p><\/div> <p><\/a><\/div> <div class=\"row\"><a href=\"https:\/\/univet.hu\/en\/university\/news\/152\" data-replaced=\"true\"><\/p> <div class=\"col-xs-12 col-sm-12 col-md-4 newsbox\"><b>2017-08-22<\/b><\/p> <h3>Virtual Tour<\/h3> <p>We invite you to take a look at our Campus!  You can explore the University of Veterinary Medicine Budapest with our virtual tour. <\/p><\/div> <p><\/a><a href=\"https:\/\/univet.hu\/en\/university\/news\/148\" data-replaced=\"true\"><\/p> <div class=\"col-xs-12 col-sm-12 col-md-4 newsbox\"><b>2017-07-27<\/b><\/p> <h3>Interactive University<\/h3> <p>An interactive video set has been published to provide insight behind the scene of the everyday life of the University. Besides these a \u2018classical\u2019 image film is also available to attract viewers to be a veterinarian.<\/p><\/div> <p><\/a><a href=\"https:\/\/univet.hu\/en\/university\/news\/12\" data-replaced=\"true0\" \"true\"><\/p> <div class=\"col-xs-12 col-sm-12 col-md-4 newsbox\"><b>2017-01-31<\/b><\/p> <h3>Animal welfare and animal protection are compulsory parts of veterinary courses<\/h3> <p>Starting this year animal protection has become a compulsory subject in veterinary courses at University of Veterinary Medicine Budapest in the Hungarian, English and German curriculum, and a new postgraduate training will begin in 2017.<\/p><\/div> <p><\/a><\/div> <div class=\"row\"><a href=\"https:\/\/univet.hu\/en\/university\/news\/57\" data-replaced=\"true\"><\/p> <div class=\"col-xs-12 col-sm-12 col-md-4 newsbox\"><b>2016-03-01<\/b><\/p> <h3>Graduation Ceremony at the Pesti Magyar Sz\u00ednh\u00e1z<\/h3> <p>The graduation ceremony of the Faculty of Veterinary Science was taken on 26th February, 2016 at the Pesti Magyar Sz\u00ednh\u00e1z.    <\/p><\/div> <p><\/a><a href=\"https:\/\/univet.hu\/en\/university\/news\/3\" data-replaced=\"true\"><\/p> <div class=\"col-xs-12 col-sm-12 col-md-4 newsbox\"><b>2016-02-22<\/b><\/p> <h3>Prof. Dr. Tam\u00e1s Tuboly, Vice Dean deceased <\/h3> <p>We are deeply saddened to announce  that on February 2, 2016, Dr. Tam\u00e1s Tuboly (1962-2016), Candidate of Veterinary Science, Professor, Vice Dean tragically passed away.    His funeral will be arranged later.<\/p><\/div> <p><\/a><a href=\"https:\/\/univet.hu\/en\/university\/news\/12\" data-replaced=\"true\"><\/p> <div class=\"col-xs-12 col-sm-12 col-md-4 newsbox\"><b>2015-11-10<\/b><\/p> <h3>Admire the beautiful parkland of Budapest\u2019s veterinary university<\/h3> <p>You can see some lovely photos of our Campus.<\/p><\/div> <p><\/a><\/div> <div class=\"row\"><a href=\"https:\/\/univet.hu\/en\/university\/news\/3\" data-replaced=\"true5\"><\/p> <div class=\"col-xs-12 col-sm-12 col-md-4 newsbox\"><b>2014-03-20<\/b><\/p> <h3>Dr. L\u00e1szl\u00f3 Fodor awarded the Knight&#8217;s Cross<\/h3> <p>Dr. L\u00e1szl\u00f3 Fodor, professor, head of department of the Department of Microbiology and Infectious Diseases, received the Knight&#8217;s Cross of the Order of Merit of the Republic of Hungary.<\/p><\/div> <p><\/a><a href=\"https:\/\/univet.hu\/en\/university\/news\/3\" data-replaced=\"true6\"><\/p> <div class=\"col-xs-12 col-sm-12 col-md-4 newsbox\"><b>2014-03-20<\/b><\/p> <h3>Dr. G\u00e9za Szita awarded four medals in 2013<\/h3> <p>Dr. G\u00e9za Szita, retired professor of the Department of Food Hygiene, was awarded a total of four medals in 2013 at international invention competitions.<\/p><\/div> <p><\/a><a href=\"https:\/\/univet.hu\/en\/university\/news\/3\" data-replaced=\"true8\"><\/p> <div class=\"col-xs-12 col-sm-12 col-md-4 newsbox\"><b>2014-02-19<\/b><\/p> <h3>Questions and answers related to the life of the Faculty<\/h3> <p>Click to continue.<\/p><\/div> <p><\/a><\/div> <div class=\"row\"><a href=\"https:\/\/univet.hu\/en\/university\/news\/45\" data-replaced=\"true\"><\/p> <div class=\"col-xs-12 col-sm-12 col-md-4 newsbox\"><b>2013-10-25<\/b><\/p> <h3>Open Access Week<\/h3> <p>For an hour, the past and present has united on 24th October 2013: three lectures were held about the possibilities of open access publishing in the historic book collection for our colleagues.<\/p><\/div> <p><\/a><a href=\"https:\/\/univet.hu\/en\/university\/news\/46\" data-replaced=\"true\"><\/p> <div class=\"col-xs-12 col-sm-12 col-md-4 newsbox\"><b>2013-10-17<\/b><\/p> <h3>Centaur: statue unveiling and awards in honour of the 125-year-old veterinary service<\/h3> <p>Click to continue.<\/p><\/div> <p><\/a><a href=\"https:\/\/univet.hu\/en\/university\/news\/43\" data-replaced=\"true\"><\/p> <div class=\"col-xs-12 col-sm-12 col-md-4 newsbox\"><b>2013-10-14<\/b><\/p> <h3>Memorial tablet for J\u00e1nos M. M\u00e9sz\u00e1ros unveiled in Mocsa<\/h3> <p>The memorial tablet for J\u00e1nos M. M\u00e9sz\u00e1ros, DVM (1929-2009), senior lecturer of the Department of Pathology and Forensic Veterinary Medicine was unveiled in his native village, Mocsa, on the building housing the local history collection.<\/p><\/div> <p><\/a><\/div> <div class=\"row\"><a href=\"https:\/\/univet.hu\/en\/university\/news\/44\" data-replaced=\"true\"><\/p> <div class=\"col-xs-12 col-sm-12 col-md-4 newsbox\"><b>2013-09-23<\/b><\/p> <h3>New HomeSite<\/h3> <p>We have a new homepage<\/p><\/div> <p><\/a><\/div> <\/div> <\/div>","protected":false},"excerpt":{"rendered":"<p>2018-04-04 How can you make a good presentation even more effective? Become a pro presenter \u2013 Call for proposal! We are looking forward to the applications of all students who love challenges, have good presentation skills and would like to show what novel themes they are interested in. 2018-03-20 The master of veterinary was born<\/p>\n","protected":false},"author":1,"featured_media":0,"parent":0,"menu_order":217,"comment_status":"closed","ping_status":"closed","template":"","meta":{"_acf_changed":false,"footnotes":""},"categories":[],"tags":[],"class_list":["post-1934","page","type-page","status-publish","hentry"],"acf":[],"_links":{"self":[{"href":"https:\/\/univet.hu\/en\/wp-json\/wp\/v2\/pages\/1934","targetHints":{"allow":["GET"]}}],"collection":[{"href":"https:\/\/univet.hu\/en\/wp-json\/wp\/v2\/pages"}],"about":[{"href":"https:\/\/univet.hu\/en\/wp-json\/wp\/v2\/types\/page"}],"author":[{"embeddable":true,"href":"https:\/\/univet.hu\/en\/wp-json\/wp\/v2\/users\/1"}],"replies":[{"embeddable":true,"href":"https:\/\/univet.hu\/en\/wp-json\/wp\/v2\/comments?post=1934"}],"version-history":[{"count":0,"href":"https:\/\/univet.hu\/en\/wp-json\/wp\/v2\/pages\/1934\/revisions"}],"wp:attachment":[{"href":"https:\/\/univet.hu\/en\/wp-json\/wp\/v2\/media?parent=1934"}],"wp:term":[{"taxonomy":"category","embeddable":true,"href":"https:\/\/univet.hu\/en\/wp-json\/wp\/v2\/categories?post=1934"},{"taxonomy":"post_tag","embeddable":true,"href":"https:\/\/univet.hu\/en\/wp-json\/wp\/v2\/tags?post=1934"}],"curies":[{"name":"wp","href":"https:\/\/api.w.org\/{rel}","templated":true}]}}