{"id":202645,"date":"2026-03-14T14:29:13","date_gmt":"2026-03-14T13:29:13","guid":{"rendered":"https:\/\/univet.hu\/about\/staff\/fabian-jover-hedi\/"},"modified":"2026-03-14T14:58:18","modified_gmt":"2026-03-14T13:58:18","slug":"fabian-jover-hedi","status":"publish","type":"page","link":"https:\/\/univet.hu\/en\/about\/staff\/fabian-jover-hedi\/","title":{"rendered":"F\u00e1bi\u00e1n-J\u00f3v\u00e9r H\u00e9di"},"content":{"rendered":"","protected":false},"excerpt":{"rendered":"","protected":false},"author":329,"featured_media":0,"parent":857,"menu_order":0,"comment_status":"open","ping_status":"open","template":"","meta":{"_acf_changed":false,"footnotes":""},"categories":[19],"tags":[],"class_list":["post-202645","page","type-page","status-publish","hentry","category-staff"],"acf":[],"_links":{"self":[{"href":"https:\/\/univet.hu\/en\/wp-json\/wp\/v2\/pages\/202645","targetHints":{"allow":["GET"]}}],"collection":[{"href":"https:\/\/univet.hu\/en\/wp-json\/wp\/v2\/pages"}],"about":[{"href":"https:\/\/univet.hu\/en\/wp-json\/wp\/v2\/types\/page"}],"author":[{"embeddable":true,"href":"https:\/\/univet.hu\/en\/wp-json\/wp\/v2\/users\/329"}],"replies":[{"embeddable":true,"href":"https:\/\/univet.hu\/en\/wp-json\/wp\/v2\/comments?post=202645"}],"version-history":[{"count":4,"href":"https:\/\/univet.hu\/en\/wp-json\/wp\/v2\/pages\/202645\/revisions"}],"predecessor-version":[{"id":202658,"href":"https:\/\/univet.hu\/en\/wp-json\/wp\/v2\/pages\/202645\/revisions\/202658"}],"up":[{"embeddable":true,"href":"https:\/\/univet.hu\/en\/wp-json\/wp\/v2\/pages\/857"}],"wp:attachment":[{"href":"https:\/\/univet.hu\/en\/wp-json\/wp\/v2\/media?parent=202645"}],"wp:term":[{"taxonomy":"category","embeddable":true,"href":"https:\/\/univet.hu\/en\/wp-json\/wp\/v2\/categories?post=202645"},{"taxonomy":"post_tag","embeddable":true,"href":"https:\/\/univet.hu\/en\/wp-json\/wp\/v2\/tags?post=202645"}],"curies":[{"name":"wp","href":"https:\/\/api.w.org\/{rel}","templated":true}]}}