{"id":204646,"date":"2026-04-01T09:43:51","date_gmt":"2026-04-01T07:43:51","guid":{"rendered":"https:\/\/univet.hu\/?page_id=204646"},"modified":"2026-04-01T09:48:44","modified_gmt":"2026-04-01T07:48:44","slug":"dr-eniko-feher","status":"publish","type":"page","link":"https:\/\/univet.hu\/en\/about\/staff\/dr-eniko-feher\/","title":{"rendered":"Dr. Feh\u00e9r Enik\u0151"},"content":{"rendered":"<p>Dr. Enik\u0151 Feh\u00e9r graduated as microbiologist at the University of Debrecen in 2005. She received PhD degree in 2012 based on results of virological research performed at the Institute of Medical Microbiology, University of Debrecen. From 2012 to 2024, she worked at the Veterinary Medical Research Institute as a senior researcher. Since 2025, she has been research associate at the Department of Microbiology and Infectious Diseases, University of Veterinary Medicine Budapest, conducting her research at the Sequencing Laboratory.<\/p> <p>Her main research areas include investigation of the diversity and host range of small DNA viruses and coronaviruses, as well as the application and development of nucleic acid testing methods.<\/p> <p><strong>Progress<\/strong><\/p> <p>2012-2024\u00a0\u00a0\u00a0\u00a0\u00a0 Veterinary Medical Research Institute, Budapest, Hungary, research fellow, senior research fellow<\/p> <p>From 2025\u00a0\u00a0\u00a0\u00a0\u00a0 Department of Microbiology and Infectious Diseases, University of Veterinary Medicine Budapest, Hungary, research fellow<\/p> <p>&nbsp;<\/p> <p><strong>Professional organization membership<\/strong><\/p> <p>Hungarian Society for Microbiology, from 2006, member<\/p> <p>Committee for the Review of Genetic Engineering Procedures, from 2021, president<\/p> <p>&nbsp;<\/p> <p><strong>Publication list\u00a0<\/strong><\/p> <p><a href=\"https:\/\/m2.mtmt.hu\/api\/author\/10034260\">https:\/\/m2.mtmt.hu\/api\/author\/10034260<\/a><\/p> <p>&nbsp;<\/p>","protected":false},"excerpt":{"rendered":"<p>Dr. Enik\u0151 Feh\u00e9r graduated as microbiologist at the University of Debrecen in 2005. She received PhD degree in 2012 based on results of virological research performed at the Institute of Medical Microbiology, University of Debrecen. From 2012 to 2024, she worked at the Veterinary Medical Research Institute as a senior researcher. Since 2025, she has<\/p>\n","protected":false},"author":5411,"featured_media":0,"parent":857,"menu_order":0,"comment_status":"open","ping_status":"open","template":"","meta":{"_acf_changed":false,"footnotes":""},"categories":[],"tags":[],"class_list":["post-204646","page","type-page","status-publish","hentry"],"acf":[],"_links":{"self":[{"href":"https:\/\/univet.hu\/en\/wp-json\/wp\/v2\/pages\/204646","targetHints":{"allow":["GET"]}}],"collection":[{"href":"https:\/\/univet.hu\/en\/wp-json\/wp\/v2\/pages"}],"about":[{"href":"https:\/\/univet.hu\/en\/wp-json\/wp\/v2\/types\/page"}],"author":[{"embeddable":true,"href":"https:\/\/univet.hu\/en\/wp-json\/wp\/v2\/users\/5411"}],"replies":[{"embeddable":true,"href":"https:\/\/univet.hu\/en\/wp-json\/wp\/v2\/comments?post=204646"}],"version-history":[{"count":4,"href":"https:\/\/univet.hu\/en\/wp-json\/wp\/v2\/pages\/204646\/revisions"}],"predecessor-version":[{"id":204653,"href":"https:\/\/univet.hu\/en\/wp-json\/wp\/v2\/pages\/204646\/revisions\/204653"}],"up":[{"embeddable":true,"href":"https:\/\/univet.hu\/en\/wp-json\/wp\/v2\/pages\/857"}],"wp:attachment":[{"href":"https:\/\/univet.hu\/en\/wp-json\/wp\/v2\/media?parent=204646"}],"wp:term":[{"taxonomy":"category","embeddable":true,"href":"https:\/\/univet.hu\/en\/wp-json\/wp\/v2\/categories?post=204646"},{"taxonomy":"post_tag","embeddable":true,"href":"https:\/\/univet.hu\/en\/wp-json\/wp\/v2\/tags?post=204646"}],"curies":[{"name":"wp","href":"https:\/\/api.w.org\/{rel}","templated":true}]}}