{"id":204671,"date":"2026-04-01T11:21:03","date_gmt":"2026-04-01T09:21:03","guid":{"rendered":"https:\/\/univet.hu\/?page_id=204671"},"modified":"2026-04-01T11:52:23","modified_gmt":"2026-04-01T09:52:23","slug":"mate-dora","status":"publish","type":"page","link":"https:\/\/univet.hu\/en\/about\/staff\/mate-dora\/","title":{"rendered":"M\u00e1t\u00e9 D\u00f3ra"},"content":{"rendered":"<p><strong>Introduction<\/strong><\/p> <p>D\u00f3ra M\u00e1t\u00e9 obtained her MSc degree in Biology with Molecular-, Immune- and Microbiology specizalization in 2023 from E\u00f6tv\u00f6s Lor\u00e1nd University. She began her doctoral studies in 2023 at the University of Veterinary Medicine Budapest within the Aujeszky Alad\u00e1r Doctoral Programe of Theoretical Veterinary Sciences. During the first two years of her virology research, she worked at the Veterinary Medical Research Institute, initially in the Pathogen Discovery group and subsequently in the Functional Virology research group. Since 2025, she has been an assistant research fellow at the Department of Microbiology and Infectious Diseases, University of Veterinary Medicine Budapest, where she conducts her research activities in the Sequencing Laboratory.<\/p> <p>Her doctoral research focuses on the diversity and host range of mammalian coronaviruses. In addition, she contributes to the daily operations of the Sequencing Laboratory.<\/p> <p>&nbsp;<\/p> <p><strong>Progress<\/strong><\/p> <p>2023\u20132024\u2003Veterinary Medical Research Institute \u2013 PhD candidate<\/p> <p>From 2025\u2003University of Veterinary Medicine Budapest, Department of Microbiology and Infectious Diseases \u2013 Assistant Research Fellow<\/p> <p><strong>Professional organization membership<\/strong><\/p> <p>Hungarian Society for Microbiology \u2013 Member, since 2025<\/p> <p><strong>Publication list<br \/> <\/strong>MTMT Author ID: 10091071<br \/> <a href=\"https:\/\/m2.mtmt.hu\/api\/author\/10091071\">https:\/\/m2.mtmt.hu\/api\/author\/10091071<\/a><\/p>","protected":false},"excerpt":{"rendered":"<p>Introduction D\u00f3ra M\u00e1t\u00e9 obtained her MSc degree in Biology with Molecular-, Immune- and Microbiology specizalization in 2023 from E\u00f6tv\u00f6s Lor\u00e1nd University. She began her doctoral studies in 2023 at the University of Veterinary Medicine Budapest within the Aujeszky Alad\u00e1r Doctoral Programe of Theoretical Veterinary Sciences. During the first two years of her virology research, she<\/p>\n","protected":false},"author":5411,"featured_media":0,"parent":857,"menu_order":0,"comment_status":"open","ping_status":"open","template":"","meta":{"_acf_changed":false,"footnotes":""},"categories":[57],"tags":[],"class_list":["post-204671","page","type-page","status-publish","hentry","category-departments"],"acf":[],"_links":{"self":[{"href":"https:\/\/univet.hu\/en\/wp-json\/wp\/v2\/pages\/204671","targetHints":{"allow":["GET"]}}],"collection":[{"href":"https:\/\/univet.hu\/en\/wp-json\/wp\/v2\/pages"}],"about":[{"href":"https:\/\/univet.hu\/en\/wp-json\/wp\/v2\/types\/page"}],"author":[{"embeddable":true,"href":"https:\/\/univet.hu\/en\/wp-json\/wp\/v2\/users\/5411"}],"replies":[{"embeddable":true,"href":"https:\/\/univet.hu\/en\/wp-json\/wp\/v2\/comments?post=204671"}],"version-history":[{"count":2,"href":"https:\/\/univet.hu\/en\/wp-json\/wp\/v2\/pages\/204671\/revisions"}],"predecessor-version":[{"id":204690,"href":"https:\/\/univet.hu\/en\/wp-json\/wp\/v2\/pages\/204671\/revisions\/204690"}],"up":[{"embeddable":true,"href":"https:\/\/univet.hu\/en\/wp-json\/wp\/v2\/pages\/857"}],"wp:attachment":[{"href":"https:\/\/univet.hu\/en\/wp-json\/wp\/v2\/media?parent=204671"}],"wp:term":[{"taxonomy":"category","embeddable":true,"href":"https:\/\/univet.hu\/en\/wp-json\/wp\/v2\/categories?post=204671"},{"taxonomy":"post_tag","embeddable":true,"href":"https:\/\/univet.hu\/en\/wp-json\/wp\/v2\/tags?post=204671"}],"curies":[{"name":"wp","href":"https:\/\/api.w.org\/{rel}","templated":true}]}}