{"id":206353,"date":"2026-04-27T13:47:06","date_gmt":"2026-04-27T11:47:06","guid":{"rendered":"https:\/\/univet.hu\/en\/research\/research-teams\/research-group-for-animal-breeding-and-genetics\/"},"modified":"2026-04-27T13:47:06","modified_gmt":"2026-04-27T11:47:06","slug":"research-group-for-animal-breeding-and-genetics","status":"publish","type":"page","link":"https:\/\/univet.hu\/en\/research\/research-teams\/research-group-for-animal-breeding-and-genetics\/","title":{"rendered":"Research group for Animal Breeding and Genetics"},"content":{"rendered":"<table width=\"1095\"> <tbody> <tr> <td width=\"306\"><strong>RESEARCH GROUP NAME<\/strong><\/td> <td width=\"789\">Research group for Animal Breeding and Genetics<\/td> <\/tr> <tr> <td><strong>Head of the research group<\/strong><\/td> <td><\/td> <\/tr> <tr> <td>Name<\/td> <td>Andr\u00e1s G\u00e1sp\u00e1rdy<\/td> <\/tr> <tr> <td>Academic degree<\/td> <td>PhD<\/td> <\/tr> <tr> <td>Organizational unit<\/td> <td width=\"789\">Institute for Animal Breeding, Nutrition and Laboratory Animal Science, Department of Animal Breeding and Genetics<\/td> <\/tr> <tr> <td>Email address<\/td> <td><a class=\"decrypt\" rel=\"hbtqbsez\/boesbtAvojwfu\/iv\" href=\"javascript:void(0);\">[Click to see email]<\/a><\/td> <\/tr> <tr> <td rowspan=\"5\"><strong>Members of the research group<\/strong><\/td> <td width=\"789\">Andr\u00e1s G\u00e1sp\u00e1rdy<\/td> <\/tr> <tr> <td>\u00c1kos Mar\u00f3ti-Ag\u00f3ts<\/td> <\/tr> <tr> <td>Petra Zenke<\/td> <\/tr> <tr> <td>Orsolya Zork\u00f3czy<\/td> <\/tr> <tr> <td><\/td> <\/tr> <tr> <td><strong>Brief description of research topics<\/strong><\/td> <td width=\"789\">We research the determination of the biodiversity of domestic and wild animal populations, breeds and species. Members of the Research Group and thesis students also participate in this. These will result in numerous publications, in some cases with the co-authorship of a foreign expert. We conduct genetic studies in domestic sheep breeds, Hungarian grey cattle and the Sz\u00e9kely horse and Hungarian native donkey herds participating in the breed regeneration program. We examine the mitochondrial genome in relation to domestic animals. Our Ph.D. students present their research based on the above at domestic and international conferences. We develop a genetic unique identification method in fallow deer using tetrameric microsatellites.<\/td> <\/tr> <tr> <td width=\"306\"><strong>Five outstanding international publications by the research group published in the past 5 years<\/strong><\/td> <td><\/td> <\/tr> <tr> <td rowspan=\"5\"><\/td> <td width=\"789\">1. Zork\u00f3czy OK, \u00b7Gyurcs\u00f3 A, \u00b7 \u00d3zsv\u00e1ri L, \u00b7 Lehotzky P, \u00b7 Sanil R, \u00b7Zenke P: Development of a loop-mediated isothermal amplification technique for sex detection in Cervidae species. Mamm Biol 105, 113\u2013121 (2025). https:\/\/doi.org\/10.1007\/s42991-024-00457-9<\/td> <\/tr> <tr> <td width=\"789\">2.Mar\u00f3ti-Ag\u00f3ts \u00c1, Wagenhoffer Zs, J\u00f3zsa Cs, Kaltenecker E, Kem\u00e9ny B, Csurgay K, Zsigmond B, Cardinali I, Lancioni H, G\u00e1sp\u00e1rdy A (2025): Phylogenetic position of Hungarian Grey cattle breed based on total representation sample. Animals, 15(9), 1186; https:\/\/doi.org\/10.3390\/ani15091186<\/td> <\/tr> <tr> <td width=\"789\">3. G\u00e1sp\u00e1rdy A, Gallagher G, Bartha B, Haaland H, Fekete SGy (2024): The effect of supplemental lighting during the late gestation period on post-partum mechanical properties of mare and foal guard hair. Veterinary Sciences. 11(1), 49; https:\/\/doi.org\/10.3390\/vetsci11010049<\/td> <\/tr> <tr> <td width=\"789\">4. Harmat L, Nagy J, Alp\u00e1r A, Somosk\u0151i B, Fekete S Gy, G\u00e1sp\u00e1rdy A (2024): Determination of Rhythmicity and Gestational Stage-Related Distribution of Blood Plasma Melatonin Concentrations in Donkey Mares. Veterinary Sciences. 11 (7):310. https:\/\/doi.org\/10.3390\/vetsci11070310<\/td> <\/tr> <tr> <td width=\"789\">5. Zork\u00f3czy OK, Wagenhoffer Z, Lehotzky P, P\u00e1d\u00e1r Z, Zenke P: Mitochondrial Control Region Database of Hungarian Fallow Deer (Dama dama) Populations for Forensic Use. Animals. 2024; 14(13):1911. https:\/\/doi.org\/10.3390\/ani14131911<\/td> <\/tr> <tr> <td width=\"306\"><strong>Domestic and international grants awarded to the research group that are active or not older than 5 years<\/strong><\/td> <td width=\"789\">Financial Center: KFKU106000 (Internal Research Grants 2023)<\/td> <\/tr> <tr> <td><strong>International relations and collaborations<\/strong><\/td> <td width=\"789\">Sanil Raveendranathanpillai, Molecular Biodiversity Lab, Department of Zoology, Government Arts College, Udhagamandalam 643002, The Nilgiris, Tamilnadu, India<\/td> <\/tr> <tr> <td><strong>Industrial relations and collaborations<\/strong><\/td> <td><\/td> <\/tr> <\/tbody> <\/table> <p><\/p>","protected":false},"excerpt":{"rendered":"<p>RESEARCH GROUP NAME Research group for Animal Breeding and Genetics Head of the research group Name Andr\u00e1s G\u00e1sp\u00e1rdy Academic degree PhD Organizational unit Institute for Animal Breeding, Nutrition and Laboratory Animal Science, Department of Animal Breeding and Genetics Email address [Click to see email] Members of the research group Andr\u00e1s G\u00e1sp\u00e1rdy \u00c1kos Mar\u00f3ti-Ag\u00f3ts Petra Zenke<\/p>\n","protected":false},"author":5405,"featured_media":0,"parent":869,"menu_order":0,"comment_status":"open","ping_status":"open","template":"","meta":{"_acf_changed":false,"footnotes":""},"categories":[],"tags":[],"class_list":["post-206353","page","type-page","status-publish","hentry"],"acf":[],"_links":{"self":[{"href":"https:\/\/univet.hu\/en\/wp-json\/wp\/v2\/pages\/206353","targetHints":{"allow":["GET"]}}],"collection":[{"href":"https:\/\/univet.hu\/en\/wp-json\/wp\/v2\/pages"}],"about":[{"href":"https:\/\/univet.hu\/en\/wp-json\/wp\/v2\/types\/page"}],"author":[{"embeddable":true,"href":"https:\/\/univet.hu\/en\/wp-json\/wp\/v2\/users\/5405"}],"replies":[{"embeddable":true,"href":"https:\/\/univet.hu\/en\/wp-json\/wp\/v2\/comments?post=206353"}],"version-history":[{"count":1,"href":"https:\/\/univet.hu\/en\/wp-json\/wp\/v2\/pages\/206353\/revisions"}],"predecessor-version":[{"id":206354,"href":"https:\/\/univet.hu\/en\/wp-json\/wp\/v2\/pages\/206353\/revisions\/206354"}],"up":[{"embeddable":true,"href":"https:\/\/univet.hu\/en\/wp-json\/wp\/v2\/pages\/869"}],"wp:attachment":[{"href":"https:\/\/univet.hu\/en\/wp-json\/wp\/v2\/media?parent=206353"}],"wp:term":[{"taxonomy":"category","embeddable":true,"href":"https:\/\/univet.hu\/en\/wp-json\/wp\/v2\/categories?post=206353"},{"taxonomy":"post_tag","embeddable":true,"href":"https:\/\/univet.hu\/en\/wp-json\/wp\/v2\/tags?post=206353"}],"curies":[{"name":"wp","href":"https:\/\/api.w.org\/{rel}","templated":true}]}}