{"id":23,"date":"2017-12-27T12:06:12","date_gmt":"2017-12-27T11:06:12","guid":{"rendered":"http:\/\/localhost:8888\/univet\/?page_id=23"},"modified":"2023-08-30T11:23:04","modified_gmt":"2023-08-30T09:23:04","slug":"press","status":"publish","type":"page","link":"https:\/\/univet.hu\/en\/about\/press\/","title":{"rendered":"Press and media"},"content":{"rendered":"<p><b>R\u00e9ka Edit M\u00c9SZ\u00c1ROS<\/b><br \/> Media Relations Manager<br \/> Communications Department<br \/> E-mail: <a class=\"decrypt\" rel=\"nft{bspt\/sflbAvojwfu\/iv\" href=\"javascript:void(0);\">[Click to see email]<\/a><\/p> <p>Phone: +36 1\u00a0478 4100\/8362<\/p>","protected":false},"excerpt":{"rendered":"<p>R\u00e9ka Edit M\u00c9SZ\u00c1ROS Media Relations Manager Communications Department E-mail: [Click to see email] Phone: +36 1\u00a0478 4100\/8362<\/p>\n","protected":false},"author":1,"featured_media":0,"parent":11,"menu_order":216,"comment_status":"closed","ping_status":"closed","template":"","meta":{"_acf_changed":false,"footnotes":""},"categories":[],"tags":[],"class_list":["post-23","page","type-page","status-publish","hentry"],"acf":[],"_links":{"self":[{"href":"https:\/\/univet.hu\/en\/wp-json\/wp\/v2\/pages\/23","targetHints":{"allow":["GET"]}}],"collection":[{"href":"https:\/\/univet.hu\/en\/wp-json\/wp\/v2\/pages"}],"about":[{"href":"https:\/\/univet.hu\/en\/wp-json\/wp\/v2\/types\/page"}],"author":[{"embeddable":true,"href":"https:\/\/univet.hu\/en\/wp-json\/wp\/v2\/users\/1"}],"replies":[{"embeddable":true,"href":"https:\/\/univet.hu\/en\/wp-json\/wp\/v2\/comments?post=23"}],"version-history":[{"count":0,"href":"https:\/\/univet.hu\/en\/wp-json\/wp\/v2\/pages\/23\/revisions"}],"up":[{"embeddable":true,"href":"https:\/\/univet.hu\/en\/wp-json\/wp\/v2\/pages\/11"}],"wp:attachment":[{"href":"https:\/\/univet.hu\/en\/wp-json\/wp\/v2\/media?parent=23"}],"wp:term":[{"taxonomy":"category","embeddable":true,"href":"https:\/\/univet.hu\/en\/wp-json\/wp\/v2\/categories?post=23"},{"taxonomy":"post_tag","embeddable":true,"href":"https:\/\/univet.hu\/en\/wp-json\/wp\/v2\/tags?post=23"}],"curies":[{"name":"wp","href":"https:\/\/api.w.org\/{rel}","templated":true}]}}