{"id":27530,"date":"2018-10-08T11:19:49","date_gmt":"2018-10-08T09:19:49","guid":{"rendered":"http:\/\/univet.hu\/?page_id=27530"},"modified":"2026-03-21T07:50:11","modified_gmt":"2026-03-21T06:50:11","slug":"veterinary-bacteriology","status":"publish","type":"page","link":"https:\/\/univet.hu\/en\/education\/courses\/veterinary-bacteriology\/","title":{"rendered":"Veterinary bacteriology"},"content":{"rendered":"<table width=\"650\"> <tbody> <tr> <td width=\"130\">Description, acquired knowledge<\/td> <td width=\"520\">The subject Veterinary bacteriology includes knowledge of bacteriology relevant in veterinary medicine together with certain chapters of mycology. In the framework of the subject bacteriology the students learn general bacteriology, specific bacteriology and mycology with a special focus on pathogens of veterinary importance. In the practicals students have to acquire simple bacteriological laboratory techniques and identification procedures. Characteristics of the most important pathogenic bacteria are studied as well. Teaching is organised in the form of lectures, plenary practicals and small group laboratory practicals.<\/td> <\/tr> <tr> <td width=\"130\">Competences<\/td> <td width=\"520\"> <p>After absolving the subject the students will be able to<\/p> <p>\u00b7\u00a0\u00a0\u00a0\u00a0\u00a0\u00a0\u00a0\u00a0\u00a0\u00a0 recognise the most important bacteria and fungi of veterinary and human relevance,<\/p> <p>\u00b7\u00a0\u00a0\u00a0\u00a0\u00a0\u00a0\u00a0\u00a0\u00a0\u00a0 carry out laboratory examinations in order to identify them,<\/p> <p>\u00b7\u00a0\u00a0\u00a0\u00a0\u00a0\u00a0\u00a0\u00a0\u00a0\u00a0 understand the role of bacteria and fungi in life, in pathology, physiology, nutrition and ecology,<\/p> <p>\u00b7\u00a0\u00a0\u00a0\u00a0\u00a0\u00a0\u00a0\u00a0\u00a0\u00a0 implement disinfection and sterilisation methods,<\/p> <p>\u00b7\u00a0\u00a0\u00a0\u00a0\u00a0\u00a0\u00a0\u00a0\u00a0\u00a0 understand the principles of antibacterial treatments,<\/p> <p>\u00b7\u00a0\u00a0\u00a0\u00a0\u00a0\u00a0\u00a0\u00a0\u00a0\u00a0 understand the pathological consequences of genetic changes of bacteria.<\/td> <\/tr> <tr> <td width=\"130\">Rules of the practicals<\/td> <td width=\"520\"> <p>\u00b7\u00a0\u00a0\u00a0\u00a0\u00a0 Attending the practicals is compulsory, absence (maximum 3 occasions) \u2013 including justified ones \u2013 should be retaken. Retake can happen on the same week by joining another group or as an oral report by the practical teacher. Students can absolve the practical with another group if there are free seats available.<\/p> <p>\u00b7\u00a0\u00a0\u00a0\u00a0\u00a0 Wearing white coat at the practicals is compulsory.<\/p> <p>\u00b7\u00a0\u00a0\u00a0\u00a0\u00a0 Overcoats and bags have to be left in the lockers in the changing room. They can be locked with locks of the students.<\/p> <p>\u00b7\u00a0\u00a0\u00a0\u00a0\u00a0 Eating, drinking and smoking is forbidden in the practical room.<\/p> <p>\u00b7\u00a0\u00a0\u00a0\u00a0\u00a0 Accidents at the practicals have to be reported to the teacher at the practicals.<\/td> <\/tr> <tr> <td width=\"130\">Teaching environment<\/td> <td width=\"520\">Computer aided lectures are given in the lecture halls of the campus. The practicals are held in the practical rooms of the department (1143, Budapest, Hung\u00e1ria krt. 23-25.), where individual microscopes and computerised summaries help the understanding. The basic laboratory examinations can be carried out by the students themselves and the complicated methods are demonstrated here as well. The demonstration material is prepared in the bacteriology laboratory of the department.<\/td> <\/tr> <tr> <td width=\"130\">Teaching staff<\/td> <td width=\"520\"> <p>TENK, Mikl\u00f3s, FODOR, L\u00e1szl\u00f3 (lectures)<\/p> <p>T\u00d3TH, Gergely, KOLL\u00c1R Anna, FORG\u00c1CH Petra,<\/p> <p>KALLA H\u00e9di (practical teachers)<\/td> <\/tr> <tr> <td width=\"130\">Recommended literature<\/td> <td width=\"520\"> <p>\u00b7\u00a0\u00a0\u00a0\u00a0\u00a0\u00a0\u00a0\u00a0\u00a0\u00a0 Madigan, M.T., Martinko, J.M., Stahl, D.A., Clark, D.P.: Brock Biology of Microorganisms 13th ed. Pearson Education, SanFrancisco, CA, USA, 2012.<\/p> <p>\u00b7\u00a0\u00a0\u00a0\u00a0\u00a0\u00a0\u00a0\u00a0\u00a0\u00a0 Markey, B., Leonard, F., Archambault, M., Cullinane, A., Maguire, D.: Clinical Veterinary Microbiology. Mosby. 2013.<\/p> <p>\u00b7\u00a0\u00a0\u00a0\u00a0\u00a0\u00a0\u00a0\u00a0\u00a0\u00a0 McVey, D. S., M. Kennedy, M.M. Chengappa (Eds.): Veterinary Microbiology. Wiley-Blackwell. 2013<\/p> <p>\u00b7\u00a0\u00a0\u00a0\u00a0\u00a0\u00a0\u00a0\u00a0\u00a0\u00a0 Quinn, P.J., Markey, B. Leonard, F.C., Hartigan, P., Fanning, S., Fitzpatrick, E.S.: Veterinary Microbiology and Microbial Disease. 2nd Ed. Blackwell. Oxford 2011<\/p> <p>\u00b7\u00a0 \u00a0 \u00a0 \u00a0 \u00a0 \u00a0Quinn, P.J., Markey, B.K., Leonard, F.C.,Fitzpatrick, S., Fanning, S.: Concise Review of Veterinary Microbiology\u00a0 Wiley-Blackwell; 2nd edition, 2015<\/p> <p>\u00b7\u00a0\u00a0\u00a0\u00a0\u00a0\u00a0\u00a0\u00a0\u00a0\u00a0 Selbitz, H-J., Truyen, U., Valentin-Weigand, P.: Tiermedizinische Mikrobiologie, Infektions- und Seuchenlehre. Georg Thieme Verlag. 2013<\/p> <p>\u00b7\u00a0 \u00a0 \u00a0 \u00a0 \u00a0 The lectures will be uploaded to the e-learning system, in PDF format. At the same time, the plenary,\u00a0 practical and other supportive materials will also be published there.<\/td> <\/tr> <\/tbody> <\/table> <p>&nbsp;<\/p>","protected":false},"excerpt":{"rendered":"<p>Description, acquired knowledge The subject Veterinary bacteriology includes knowledge of bacteriology relevant in veterinary medicine together with certain chapters of mycology. In the framework of the subject bacteriology the students learn general bacteriology, specific bacteriology and mycology with a special focus on pathogens of veterinary importance. In the practicals students have to acquire simple bacteriological<\/p>\n","protected":false},"author":3837,"featured_media":0,"parent":676,"menu_order":164,"comment_status":"closed","ping_status":"closed","template":"","meta":{"_acf_changed":false,"footnotes":""},"categories":[],"tags":[],"class_list":["post-27530","page","type-page","status-publish","hentry"],"acf":[],"_links":{"self":[{"href":"https:\/\/univet.hu\/en\/wp-json\/wp\/v2\/pages\/27530","targetHints":{"allow":["GET"]}}],"collection":[{"href":"https:\/\/univet.hu\/en\/wp-json\/wp\/v2\/pages"}],"about":[{"href":"https:\/\/univet.hu\/en\/wp-json\/wp\/v2\/types\/page"}],"author":[{"embeddable":true,"href":"https:\/\/univet.hu\/en\/wp-json\/wp\/v2\/users\/3837"}],"replies":[{"embeddable":true,"href":"https:\/\/univet.hu\/en\/wp-json\/wp\/v2\/comments?post=27530"}],"version-history":[{"count":4,"href":"https:\/\/univet.hu\/en\/wp-json\/wp\/v2\/pages\/27530\/revisions"}],"predecessor-version":[{"id":203457,"href":"https:\/\/univet.hu\/en\/wp-json\/wp\/v2\/pages\/27530\/revisions\/203457"}],"up":[{"embeddable":true,"href":"https:\/\/univet.hu\/en\/wp-json\/wp\/v2\/pages\/676"}],"wp:attachment":[{"href":"https:\/\/univet.hu\/en\/wp-json\/wp\/v2\/media?parent=27530"}],"wp:term":[{"taxonomy":"category","embeddable":true,"href":"https:\/\/univet.hu\/en\/wp-json\/wp\/v2\/categories?post=27530"},{"taxonomy":"post_tag","embeddable":true,"href":"https:\/\/univet.hu\/en\/wp-json\/wp\/v2\/tags?post=27530"}],"curies":[{"name":"wp","href":"https:\/\/api.w.org\/{rel}","templated":true}]}}