{"id":2775,"date":"2017-07-25T07:59:00","date_gmt":"2017-07-25T05:59:00","guid":{"rendered":"http:\/\/univet.hu\/kliniken\/kleintierklinik\/exotische\/kliniken\/"},"modified":"2018-04-18T22:09:40","modified_gmt":"2018-04-18T20:09:40","slug":"kliniken","status":"publish","type":"page","link":"https:\/\/univet.hu\/en\/kliniken\/kleintierklinik\/exotische\/kliniken\/","title":{"rendered":"Kliniken"},"content":{"rendered":"<p>Kleintierklinik&nbsp;<\/p> <p>Die Kleintierklinik der Fakult&auml;t f&uuml;r Veterin&auml;rmedizin der Sankt-Stephan-Universit&auml;t wird von den Mitarbeitern dreier Lehrst&uuml;hle betrieben.<\/p> <ul> <li>Lehrstuhl und Klinik f&uuml;r Innere Medizin<\/li> <\/ul> <p>Lehrstuhleiter:&nbsp;<a href=\"https:\/\/univet.hu\/hu\/egyetem\/munkatarsak\/voros-karoly\" data-replaced=\"true\" title=\"V\u00f6r\u00f6s K\u00e1roly\">K&aacute;roly V&ouml;r&ouml;s<\/a><\/p> <p>E-Mail: voros.karoly&lsquo;at&#39;aotk.szie.hu<\/p> <p><a href=\"http:\/\/www2.univet.hu\/units\/belgyogyaszat\/\" data-replaced=\"true\" target=\"_blank\" title=\"Kleintierklinik\">Kleintierklinik<\/a><\/p> <ul> <li><strong>Klinik des Lehrstuhls f&uuml;r Exotische Tier- und Wildtiergesundheit<\/strong><\/li> <\/ul> <p>Lehrstuhleiter:&nbsp;<a href=\"https:\/\/univet.hu\/hu\/egyetem\/munkatarsak\/gal-janos\" data-replaced=\"true\" title=\"G\u00e1l J\u00e1nos\">J&aacute;nos G&aacute;l<\/a><\/p> <p>E-Mail: gal.janos&lsquo;at&#39;aotk.szie.hu<\/p> <p><a href=\"http:\/\/www.univet.hu\/de\/aotk\/lehrstuhl-fur-die-medizin-der-exotischen-tiere\/\" data-replaced=\"true\" title=\"Egzotikus \u00c1llatok Gy\u00f3gy\u00e1szata Tansz\u00e9k\">Klinik des Lehrstuhls f&uuml;r Exotische Tier- und Wildtiergesundheit<\/a><\/p> <ul> <li><strong>Lehrstuhl und Klinik f&uuml;r Chirurgie und Augenheilkunde<\/strong><\/li> <\/ul> <p>Lehrstuhleiter:&nbsp;<a href=\"https:\/\/univet.hu\/hu\/egyetem\/munkatarsak\/nemeth-tibor\" data-replaced=\"true\" title=\"N\u00e9meth  Tibor\">Tibor N&eacute;meth<\/a><\/p> <p>E-Mail: nemeth.tibor&lsquo;at&#39;aotk.szie.hu<\/p> <p><a href=\"http:\/\/www.kisallatsebeszet.hu\/\" data-replaced=\"true\" target=\"_blank\" title=\"Klinik f\u00fcr Chirurgie\">Klinik f&uuml;r Chirurgie<\/a><\/p> <ul> <li><strong>Lehrstuhl und Klinik f&uuml;r Geburtshilfe und Fortpflanzungsbiologie<\/strong><\/li> <\/ul> <p>Lehrstuhleiter:&nbsp;<a href=\"https:\/\/univet.hu\/hu\/egyetem\/munkatarsak\/cseh-sandor\" data-replaced=\"true\" title=\"Cseh S\u00e1ndor\">S&aacute;ndor Cseh<\/a><\/p> <p>E-Mail:cseh.sandor&lsquo;at&#39;aotk.szie.hu<\/p> <p><a href=\"https:\/\/univet.hu\/de\/universitat\/organisationseinheiten\/lehrstuhl-fur-geburtshilfe-und-reproduktion\" data-replaced=\"true\" title=\"Klinik f\u00fcr Geburtshilfe\">Klinik f&uuml;r Geburtshilfe<\/a><\/p> <p>Grosstierklinik<\/p> <ul> <li>Lehrstuhl und Klinik f&uuml;r Pferdemedizin<\/li> <\/ul> <p>Lehrstuhleiter:&nbsp;&nbsp;<a href=\"https:\/\/univet.hu\/hu\/egyetem\/munkatarsak\/bodo-gabor\" data-replaced=\"true\" title=\"Bod\u00f3 G\u00e1bor\">G&aacute;bor Bod&oacute;<\/a><\/p> <p>E-Mail: bodo.gabor&lsquo;at&#39;aotk.szie.hu<\/p> <p><a href=\"http:\/\/www2.univet.hu\/units\/ullo\/logyogyaszati-klinika-hu.html\" data-replaced=\"true\" target=\"_blank\" title=\"Klinik f\u00fcr Pferdemedizin\">Klinik f&uuml;r Pferdemedizin<\/a><\/p> <ul> <li><strong>Lehrstuhl und Klinik f&uuml;r Nutztiermedizin<\/strong><\/li> <\/ul> <p>Name:&nbsp;<a href=\"https:\/\/univet.hu\/hu\/egyetem\/munkatarsak\/szenci-otto\" data-replaced=\"true\" title=\"Szenci Ott\u00f3\">Ott&oacute; Szenci<\/a><\/p> <p>E-Mail: szenci.otto&lsquo;at&#39;aotk.szie.hu<\/p> <p><a href=\"http:\/\/www2.univet.hu\/units\/ullo\/haszonallat-mobilklinika-hu.html\" data-replaced=\"true\" target=\"_blank\" title=\"Lehrstuhl und Klinik f\u00fcr Nutztiermedizin\">Lehrstuhl und Klinik f&uuml;r Nutztiermedizin<\/a><\/p> <p>Wenden Sie sich bitte, mit Ihren Vorschl&auml;gen, Anspr&uuml;chen und Beschwerden an den jeweiligen Leiter der zust&auml;ndigen Abteilung!<\/p>","protected":false},"excerpt":{"rendered":"<p>Kleintierklinik&nbsp; Die Kleintierklinik der Fakult&auml;t f&uuml;r Veterin&auml;rmedizin der Sankt-Stephan-Universit&auml;t wird von den Mitarbeitern dreier Lehrst&uuml;hle betrieben. Lehrstuhl und Klinik f&uuml;r Innere Medizin Lehrstuhleiter:&nbsp;K&aacute;roly V&ouml;r&ouml;s E-Mail: voros.karoly&lsquo;at&#39;aotk.szie.hu Kleintierklinik Klinik des Lehrstuhls f&uuml;r Exotische Tier- und Wildtiergesundheit Lehrstuhleiter:&nbsp;J&aacute;nos G&aacute;l E-Mail: gal.janos&lsquo;at&#39;aotk.szie.hu Klinik des Lehrstuhls f&uuml;r Exotische Tier- und Wildtiergesundheit Lehrstuhl und Klinik f&uuml;r Chirurgie und Augenheilkunde Lehrstuhleiter:&nbsp;Tibor<\/p>\n","protected":false},"author":1,"featured_media":0,"parent":2650,"menu_order":207,"comment_status":"closed","ping_status":"closed","template":"","meta":{"_acf_changed":false,"footnotes":""},"categories":[],"tags":[],"class_list":["post-2775","page","type-page","status-publish","hentry"],"acf":[],"_links":{"self":[{"href":"https:\/\/univet.hu\/en\/wp-json\/wp\/v2\/pages\/2775","targetHints":{"allow":["GET"]}}],"collection":[{"href":"https:\/\/univet.hu\/en\/wp-json\/wp\/v2\/pages"}],"about":[{"href":"https:\/\/univet.hu\/en\/wp-json\/wp\/v2\/types\/page"}],"author":[{"embeddable":true,"href":"https:\/\/univet.hu\/en\/wp-json\/wp\/v2\/users\/1"}],"replies":[{"embeddable":true,"href":"https:\/\/univet.hu\/en\/wp-json\/wp\/v2\/comments?post=2775"}],"version-history":[{"count":0,"href":"https:\/\/univet.hu\/en\/wp-json\/wp\/v2\/pages\/2775\/revisions"}],"up":[{"embeddable":true,"href":"https:\/\/univet.hu\/en\/wp-json\/wp\/v2\/pages\/2650"}],"wp:attachment":[{"href":"https:\/\/univet.hu\/en\/wp-json\/wp\/v2\/media?parent=2775"}],"wp:term":[{"taxonomy":"category","embeddable":true,"href":"https:\/\/univet.hu\/en\/wp-json\/wp\/v2\/categories?post=2775"},{"taxonomy":"post_tag","embeddable":true,"href":"https:\/\/univet.hu\/en\/wp-json\/wp\/v2\/tags?post=2775"}],"curies":[{"name":"wp","href":"https:\/\/api.w.org\/{rel}","templated":true}]}}