{"id":2846,"date":"2018-04-18T21:50:26","date_gmt":"2018-04-18T19:50:26","guid":{"rendered":"http:\/\/univet.hu\/clinics\/food-animal\/staff\/"},"modified":"2021-07-29T11:02:22","modified_gmt":"2021-07-29T09:02:22","slug":"staff","status":"publish","type":"page","link":"https:\/\/univet.hu\/en\/clinics\/food-animal\/staff\/","title":{"rendered":"Staff"},"content":{"rendered":"<p><strong>Veterinarians:<\/strong><\/p> <p><a href=\"https:\/\/univet.hu\/en\/about\/staff\/horvath-andras\/\">Dr. Horv\u00e1th Andr\u00e1s<\/a><br \/> <a href=\"https:\/\/univet.hu\/en\/about\/staff\/szelenyi-zoltan\/\">Dr. Szel\u00e9nyi Zolt\u00e1n<\/a><br \/> <a href=\"https:\/\/univet.hu\/hu\/egyetem\/munkatarsak\/lenart-lea\/\" data-auth=\"NotApplicable\" data-linkindex=\"4\">Dr. L\u00e9n\u00e1rt Lea<\/a><br \/> <a href=\"https:\/\/univet.hu\/hu\/egyetem\/munkatarsak\/csepreghy-anna\/\" data-auth=\"NotApplicable\" data-linkindex=\"5\">Dr. Csepreghy Anna<\/a><\/p> <p><b>Assistants:<\/b><\/p> <p><a href=\"https:\/\/univet.hu\/en\/about\/staff\/marosi-zoltan\/\">Marosi Zolt\u00e1n<\/a><\/p> <p><a href=\"https:\/\/univet.hu\/en\/about\/staff\/micsinai-istvan\/\"> Micsinai Istv\u00e1n<\/a><\/p> <h2><\/h2>","protected":false},"excerpt":{"rendered":"<p>Veterinarians: Dr. Horv\u00e1th Andr\u00e1s Dr. Szel\u00e9nyi Zolt\u00e1n Dr. L\u00e9n\u00e1rt Lea Dr. Csepreghy Anna Assistants: Marosi Zolt\u00e1n Micsinai Istv\u00e1n<\/p>\n","protected":false},"author":1,"featured_media":0,"parent":2123,"menu_order":263,"comment_status":"closed","ping_status":"closed","template":"","meta":{"_acf_changed":false,"footnotes":""},"categories":[],"tags":[],"class_list":["post-2846","page","type-page","status-publish","hentry"],"acf":[],"_links":{"self":[{"href":"https:\/\/univet.hu\/en\/wp-json\/wp\/v2\/pages\/2846","targetHints":{"allow":["GET"]}}],"collection":[{"href":"https:\/\/univet.hu\/en\/wp-json\/wp\/v2\/pages"}],"about":[{"href":"https:\/\/univet.hu\/en\/wp-json\/wp\/v2\/types\/page"}],"author":[{"embeddable":true,"href":"https:\/\/univet.hu\/en\/wp-json\/wp\/v2\/users\/1"}],"replies":[{"embeddable":true,"href":"https:\/\/univet.hu\/en\/wp-json\/wp\/v2\/comments?post=2846"}],"version-history":[{"count":0,"href":"https:\/\/univet.hu\/en\/wp-json\/wp\/v2\/pages\/2846\/revisions"}],"up":[{"embeddable":true,"href":"https:\/\/univet.hu\/en\/wp-json\/wp\/v2\/pages\/2123"}],"wp:attachment":[{"href":"https:\/\/univet.hu\/en\/wp-json\/wp\/v2\/media?parent=2846"}],"wp:term":[{"taxonomy":"category","embeddable":true,"href":"https:\/\/univet.hu\/en\/wp-json\/wp\/v2\/categories?post=2846"},{"taxonomy":"post_tag","embeddable":true,"href":"https:\/\/univet.hu\/en\/wp-json\/wp\/v2\/tags?post=2846"}],"curies":[{"name":"wp","href":"https:\/\/api.w.org\/{rel}","templated":true}]}}