{"id":2858,"date":"2018-04-18T21:50:30","date_gmt":"2018-04-18T19:50:30","guid":{"rendered":"http:\/\/univet.hu\/clinics\/food-animal\/contact\/"},"modified":"2021-07-28T11:12:30","modified_gmt":"2021-07-28T09:12:30","slug":"contact","status":"publish","type":"page","link":"https:\/\/univet.hu\/en\/clinics\/food-animal\/contact\/","title":{"rendered":"Contact"},"content":{"rendered":"<h2>Emergency care (0-24 h)<\/h2> <p>Please make an appointment at the following phone number:<\/p> <ul> <li>+36\/30\/619-2785<\/li> <\/ul> <p>After work hours (Monday-Friday 8:00 am &#8211; 4:00 pm) we charge an emergency fee.<\/p> <h2>University Veterinary Medicine,<br \/> Department and Clinic of Production Animals<\/h2> <p><strong>Address:<\/strong> H-2225 \u00dcll\u0151, D\u00f3ra major<br \/> <strong>Fax:<\/strong> +36\/29\/521-383<\/p> <p><iframe loading=\"lazy\" src=\"https:\/\/maps.google.com\/maps?q=47.345831,19.317605&amp;num=1&amp;hl=hu&amp;ie=UTF8&amp;t=h&amp;z=14&amp;ll=47.344203,19.327226&amp;output=embed\" width=\"450\" height=\"300\" data-replaced=\"true\"><\/iframe><\/p>","protected":false},"excerpt":{"rendered":"<p>Emergency care (0-24 h) Please make an appointment at the following phone number: +36\/30\/619-2785 After work hours (Monday-Friday 8:00 am &#8211; 4:00 pm) we charge an emergency fee. University Veterinary Medicine, Department and Clinic of Production Animals Address: H-2225 \u00dcll\u0151, D\u00f3ra major Fax: +36\/29\/521-383<\/p>\n","protected":false},"author":1,"featured_media":0,"parent":2123,"menu_order":285,"comment_status":"closed","ping_status":"closed","template":"","meta":{"_acf_changed":false,"footnotes":""},"categories":[],"tags":[],"class_list":["post-2858","page","type-page","status-publish","hentry"],"acf":[],"_links":{"self":[{"href":"https:\/\/univet.hu\/en\/wp-json\/wp\/v2\/pages\/2858","targetHints":{"allow":["GET"]}}],"collection":[{"href":"https:\/\/univet.hu\/en\/wp-json\/wp\/v2\/pages"}],"about":[{"href":"https:\/\/univet.hu\/en\/wp-json\/wp\/v2\/types\/page"}],"author":[{"embeddable":true,"href":"https:\/\/univet.hu\/en\/wp-json\/wp\/v2\/users\/1"}],"replies":[{"embeddable":true,"href":"https:\/\/univet.hu\/en\/wp-json\/wp\/v2\/comments?post=2858"}],"version-history":[{"count":0,"href":"https:\/\/univet.hu\/en\/wp-json\/wp\/v2\/pages\/2858\/revisions"}],"up":[{"embeddable":true,"href":"https:\/\/univet.hu\/en\/wp-json\/wp\/v2\/pages\/2123"}],"wp:attachment":[{"href":"https:\/\/univet.hu\/en\/wp-json\/wp\/v2\/media?parent=2858"}],"wp:term":[{"taxonomy":"category","embeddable":true,"href":"https:\/\/univet.hu\/en\/wp-json\/wp\/v2\/categories?post=2858"},{"taxonomy":"post_tag","embeddable":true,"href":"https:\/\/univet.hu\/en\/wp-json\/wp\/v2\/tags?post=2858"}],"curies":[{"name":"wp","href":"https:\/\/api.w.org\/{rel}","templated":true}]}}