{"id":31696,"date":"2018-11-29T20:17:01","date_gmt":"2018-11-29T19:17:01","guid":{"rendered":"https:\/\/univet.hu\/about\/international-relations\/erasmus\/erasmus-incoming-mobility\/buddy-program-international-students-committee\/"},"modified":"2023-01-25T10:38:11","modified_gmt":"2023-01-25T09:38:11","slug":"buddy-program-international-students-committee","status":"publish","type":"page","link":"https:\/\/univet.hu\/en\/about\/international-relations\/erasmus\/erasmus-incoming-mobility\/buddy-program-international-students-committee\/","title":{"rendered":"Buddy Program &#8211; International Students\u2019 Committee"},"content":{"rendered":"<h3>International Students\u2019 Committee (ISC) \u2013 Mentoring incoming exchange students<\/h3> <p>The ISC is a non-profit association founded by International students at the University of Veterinary Medicine Budapest. Our organization is an official committee of H\u00d6K (standing for \u201eHallgat\u00f3i \u00d6nkorm\u00e1nyzat\u201d in Hungarian, the student union which represents all of our students\u2019 rights).<\/p> <p>Within the ISC the Exchange student coordinator\u2019s aim is to help incoming exchange students (such as Erasmus students) with integration in their new environment. The coordinator will organize social, cultural and educational events, international nights and trips and provide personalized help to each incoming exchange student to help with their issues, questions and problems.<\/p> <p>Feel free to contact us with any kind of questions you may have concerning your stay and studies in Budapest!<\/p> <h3>Contacts:<\/h3> <p>ISC: <a class=\"decrypt\" rel=\"jtd\/wfu\/ivAhnbjm\/dpn\" href=\"javascript:void(0);\">[Click to see email]<\/a><\/p> <p><a href=\"https:\/\/www.facebook.com\/InternationalStudentsCommittee\/?fref=ts\" target=\"_blank\" rel=\"noopener\" data-replaced=\"true\">https:\/\/www.facebook.com\/InternationalStudentsCommittee\/?fref=ts<\/a><\/p> <p>&nbsp;<\/p> <h3>Coordinator:<\/h3> <p>Ant\u00f3nia Ap\u00e1ti Nagy (<a class=\"decrypt\" rel=\"bqbujboupojbAhnbjm\/dpn\" href=\"javascript:void(0);\">[Click to see email]<\/a>)<\/p>","protected":false},"excerpt":{"rendered":"<p>International Students\u2019 Committee (ISC) \u2013 Mentoring incoming exchange students The ISC is a non-profit association founded by International students at the University of Veterinary Medicine Budapest. Our organization is an official committee of H\u00d6K (standing for \u201eHallgat\u00f3i \u00d6nkorm\u00e1nyzat\u201d in Hungarian, the student union which represents all of our students\u2019 rights). Within the ISC the Exchange<\/p>\n","protected":false},"author":1,"featured_media":0,"parent":31695,"menu_order":112,"comment_status":"closed","ping_status":"closed","template":"","meta":{"_acf_changed":false,"footnotes":""},"categories":[],"tags":[],"class_list":["post-31696","page","type-page","status-publish","hentry"],"acf":[],"_links":{"self":[{"href":"https:\/\/univet.hu\/en\/wp-json\/wp\/v2\/pages\/31696","targetHints":{"allow":["GET"]}}],"collection":[{"href":"https:\/\/univet.hu\/en\/wp-json\/wp\/v2\/pages"}],"about":[{"href":"https:\/\/univet.hu\/en\/wp-json\/wp\/v2\/types\/page"}],"author":[{"embeddable":true,"href":"https:\/\/univet.hu\/en\/wp-json\/wp\/v2\/users\/1"}],"replies":[{"embeddable":true,"href":"https:\/\/univet.hu\/en\/wp-json\/wp\/v2\/comments?post=31696"}],"version-history":[{"count":0,"href":"https:\/\/univet.hu\/en\/wp-json\/wp\/v2\/pages\/31696\/revisions"}],"up":[{"embeddable":true,"href":"https:\/\/univet.hu\/en\/wp-json\/wp\/v2\/pages\/31695"}],"wp:attachment":[{"href":"https:\/\/univet.hu\/en\/wp-json\/wp\/v2\/media?parent=31696"}],"wp:term":[{"taxonomy":"category","embeddable":true,"href":"https:\/\/univet.hu\/en\/wp-json\/wp\/v2\/categories?post=31696"},{"taxonomy":"post_tag","embeddable":true,"href":"https:\/\/univet.hu\/en\/wp-json\/wp\/v2\/tags?post=31696"}],"curies":[{"name":"wp","href":"https:\/\/api.w.org\/{rel}","templated":true}]}}