{"id":32642,"date":"2019-01-23T10:41:11","date_gmt":"2019-01-23T09:41:11","guid":{"rendered":"https:\/\/univet.hu\/?page_id=32642"},"modified":"2019-01-23T14:43:09","modified_gmt":"2019-01-23T13:43:09","slug":"health-insurance","status":"publish","type":"page","link":"https:\/\/univet.hu\/en\/health-insurance\/","title":{"rendered":"Health Insurance"},"content":{"rendered":"<h1><strong>Generali Studium<\/strong><\/h1> <p>&nbsp;<\/p> <p><a href=\"https:\/\/univet.hu\/wp-content\/uploads\/2019\/01\/1szmell_\u00c1E_STIPI_STUDIUM14_2-felt\u00e9tel_20190201_EN.pdf\" data-replaced=\"true\" target=\"_blank\" rel=\"noopener\">Terms and Conditions<\/a><\/p> <p><a href=\"https:\/\/univet.hu\/wp-content\/uploads\/2019\/01\/2szmell_\u00dcgyf\u00e9lt\u00e1j\u00e9koztat\u00f3_EN_2019-janu\u00e1r-26.pdf\" data-replaced=\"true\">Customer Information<\/a><\/p> <p><a href=\"https:\/\/univet.hu\/wp-content\/uploads\/2019\/01\/3szmell_\u00c1E_STIPT_STUDIUM14_2_termt\u00e1j_20190201_EN.pdf\" data-replaced=\"true\">Product Information<\/a><\/p> <p><a href=\"https:\/\/univet.hu\/wp-content\/uploads\/2019\/01\/5szmell_30004_Studium_\u00c1E_k\u00e1rtya_Szent-Krist\u00f3f.pdf\" data-replaced=\"true\">Health Insurance Card &#8211; sample<\/a><\/p>","protected":false},"excerpt":{"rendered":"<p>Generali Studium &nbsp; Terms and Conditions Customer Information Product Information Health Insurance Card &#8211; sample<\/p>\n","protected":false},"author":7,"featured_media":0,"parent":0,"menu_order":115,"comment_status":"closed","ping_status":"closed","template":"","meta":{"_acf_changed":false,"footnotes":""},"categories":[],"tags":[],"class_list":["post-32642","page","type-page","status-publish","hentry"],"acf":[],"_links":{"self":[{"href":"https:\/\/univet.hu\/en\/wp-json\/wp\/v2\/pages\/32642","targetHints":{"allow":["GET"]}}],"collection":[{"href":"https:\/\/univet.hu\/en\/wp-json\/wp\/v2\/pages"}],"about":[{"href":"https:\/\/univet.hu\/en\/wp-json\/wp\/v2\/types\/page"}],"author":[{"embeddable":true,"href":"https:\/\/univet.hu\/en\/wp-json\/wp\/v2\/users\/7"}],"replies":[{"embeddable":true,"href":"https:\/\/univet.hu\/en\/wp-json\/wp\/v2\/comments?post=32642"}],"version-history":[{"count":0,"href":"https:\/\/univet.hu\/en\/wp-json\/wp\/v2\/pages\/32642\/revisions"}],"wp:attachment":[{"href":"https:\/\/univet.hu\/en\/wp-json\/wp\/v2\/media?parent=32642"}],"wp:term":[{"taxonomy":"category","embeddable":true,"href":"https:\/\/univet.hu\/en\/wp-json\/wp\/v2\/categories?post=32642"},{"taxonomy":"post_tag","embeddable":true,"href":"https:\/\/univet.hu\/en\/wp-json\/wp\/v2\/tags?post=32642"}],"curies":[{"name":"wp","href":"https:\/\/api.w.org\/{rel}","templated":true}]}}