{"id":3296,"date":"2017-09-22T14:26:00","date_gmt":"2017-09-22T12:26:00","guid":{"rendered":"http:\/\/univet.hu\/about\/units\/department-of-animal-breeding-and-genetics\/"},"modified":"2026-02-10T03:46:53","modified_gmt":"2026-02-10T02:46:53","slug":"department-of-animal-breeding-and-genetics","status":"publish","type":"page","link":"https:\/\/univet.hu\/en\/about\/units\/department-animal-breeding-nutrition-and-laboratory-animal-science\/department-of-animal-breeding-and-genetics\/","title":{"rendered":"Department of Animal Breeding and Genetics"},"content":{"rendered":"<div> <p>&nbsp;<\/p> <\/div> <h2>History of the Department<\/h2> <div> <p>See the history of the Institute of Animal Breeding, Nutrition and Laboratory Animal Science.<\/p> <p>The Department for Animal Breeding and Genetics as a unit within the Institute has been responsible for the teaching of two subjects, as Veterinary Genetics and Animal Breeding. Head of the department, L\u00e1szl\u00f3 Z\u00f6ld\u00e1g professor and his staff put a special emphasis in veterinary education on teaching of hereditary disorders and genetic diseases of domestic animals.<\/p> <table> <tbody> <tr> <td width=\"271\"><strong>Mandatory subjects<\/strong><\/td> <\/tr> <tr> <td width=\"271\"><em>Veterinary Genetics<\/em><\/td> <\/tr> <tr> <td width=\"271\"><em>Animal breeding<\/em><\/td> <\/tr> <tr> <td width=\"271\"><em>Animal Breeding summer practice<\/em><\/td> <\/tr> <tr> <td width=\"271\"><em>Genetics of domestic animals (Zoology)<\/em><\/td> <\/tr> <tr> <td width=\"271\"><em>Animal Breeding (Zoology)<\/em><\/td> <\/tr> <tr> <td width=\"271\"><strong>Elective subjects<\/strong><\/td> <\/tr> <tr> <td width=\"271\"><em>Incubation of poultry eggs<\/em><\/td> <\/tr> <tr> <td width=\"271\"><em>Forensic Animal Genetics<\/em><\/td> <\/tr> <tr> <td width=\"271\"><em>Modern Dog and Cat Breeding<\/em><\/td> <\/tr> <tr> <td width=\"271\"><em>Horse Breeding<\/em><\/td> <\/tr> <tr> <td width=\"271\"><em>Organic Animal Production<\/em><\/td> <\/tr> <tr> <td><em>Precision Livestock Farming<\/em><\/td> <\/tr> <\/tbody> <\/table> <\/div>","protected":false},"excerpt":{"rendered":"<p>&nbsp; History of the Department See the history of the Institute of Animal Breeding, Nutrition and Laboratory Animal Science. The Department for Animal Breeding and Genetics as a unit within the Institute has been responsible for the teaching of two subjects, as Veterinary Genetics and Animal Breeding. Head of the department, L\u00e1szl\u00f3 Z\u00f6ld\u00e1g professor and<\/p>\n","protected":false},"author":3837,"featured_media":0,"parent":3299,"menu_order":183,"comment_status":"closed","ping_status":"closed","template":"","meta":{"_acf_changed":false,"footnotes":""},"categories":[57],"tags":[],"class_list":["post-3296","page","type-page","status-publish","hentry","category-departments"],"acf":[],"_links":{"self":[{"href":"https:\/\/univet.hu\/en\/wp-json\/wp\/v2\/pages\/3296","targetHints":{"allow":["GET"]}}],"collection":[{"href":"https:\/\/univet.hu\/en\/wp-json\/wp\/v2\/pages"}],"about":[{"href":"https:\/\/univet.hu\/en\/wp-json\/wp\/v2\/types\/page"}],"author":[{"embeddable":true,"href":"https:\/\/univet.hu\/en\/wp-json\/wp\/v2\/users\/3837"}],"replies":[{"embeddable":true,"href":"https:\/\/univet.hu\/en\/wp-json\/wp\/v2\/comments?post=3296"}],"version-history":[{"count":2,"href":"https:\/\/univet.hu\/en\/wp-json\/wp\/v2\/pages\/3296\/revisions"}],"predecessor-version":[{"id":199170,"href":"https:\/\/univet.hu\/en\/wp-json\/wp\/v2\/pages\/3296\/revisions\/199170"}],"up":[{"embeddable":true,"href":"https:\/\/univet.hu\/en\/wp-json\/wp\/v2\/pages\/3299"}],"wp:attachment":[{"href":"https:\/\/univet.hu\/en\/wp-json\/wp\/v2\/media?parent=3296"}],"wp:term":[{"taxonomy":"category","embeddable":true,"href":"https:\/\/univet.hu\/en\/wp-json\/wp\/v2\/categories?post=3296"},{"taxonomy":"post_tag","embeddable":true,"href":"https:\/\/univet.hu\/en\/wp-json\/wp\/v2\/tags?post=3296"}],"curies":[{"name":"wp","href":"https:\/\/api.w.org\/{rel}","templated":true}]}}