{"id":3311,"date":"2018-04-04T12:28:00","date_gmt":"2018-04-04T10:28:00","guid":{"rendered":"http:\/\/univet.hu\/about\/units\/institute-for-biology\/"},"modified":"2026-02-10T03:46:47","modified_gmt":"2026-02-10T02:46:47","slug":"institute-for-biology","status":"publish","type":"page","link":"https:\/\/univet.hu\/en\/about\/units\/institute-for-biology\/","title":{"rendered":"Institute for Biology"},"content":{"rendered":"<h2><strong>Introduction<\/strong><\/h2> <p>The Institute of Biology and its Department of Zoology are the center of university biologist training; the biology subjects half are taught by the staff of the institute\/department. A comprehensive course on the subjects of the biologist training and within it the Department of Zoology description can be downloaded <a href=\"https:\/\/univet.hu\/wp-content\/uploads\/2018\/09\/KKK.pdf\">here<\/a>. Other information about the biologist training can be found at <a href=\"https:\/\/univet.hu\/hu\/biologia\/\">https:\/\/univet.hu\/hu\/biologia\/<\/a>.<\/p> <h2><\/h2> <h2>History of the Institute<\/h2> <div> <p>Brief history of Institute of Zoology\/Biology and the zoology\/biology training programs.<\/p> <p>1993: Comittee for Preparing Zoology Training at the University of Veterinary Science is<br \/> formed (secretary: Dr. B\u00e9la \u00c9li\u00e1s).<br \/> 1994: Establishment of the Zoology Centre (director: Dr. B\u00e9la \u00c9li\u00e1s) at the Rottenbiller<br \/> street campus.<br \/> Start of the zoology training program with 16 students.<br \/> 1994 -1999: 3+2-year applied zoology training program<br \/> 1997: Zoology Centre changes to Institute of Zoology (director: Dr. B\u00e9la \u00c9li\u00e1s).<br \/> 1997: Establishment of Department of Ecology (head of department: dr. Erzs\u00e9bet Hornung).<br \/> 1999 -2009: 5-year zoology training program<br \/> 2006: Accreditation and establishment of the undergraduate biology BSc course based on the Bologna Process.<br \/> 2009: Accreditation and start of biology MSc course based on the Bologna Process.<br \/> 2009: Name of the institute changes to Intstitue for Biology<br \/> 2023: Name of the Department of Ecology changes to Department of Zoology<br \/> 2023: The Biology BSc is replaced with the English Zoologist Researcher 10 semester programme <\/p> <\/div>","protected":false},"excerpt":{"rendered":"<p>Introduction The Institute of Biology and its Department of Zoology are the center of university biologist training; the biology subjects half are taught by the staff of the institute\/department. A comprehensive course on the subjects of the biologist training and within it the Department of Zoology description can be downloaded here. Other information about the<\/p>\n","protected":false},"author":3837,"featured_media":0,"parent":860,"menu_order":178,"comment_status":"closed","ping_status":"closed","template":"","meta":{"_acf_changed":false,"footnotes":""},"categories":[57],"tags":[],"class_list":["post-3311","page","type-page","status-publish","hentry","category-departments"],"acf":[],"_links":{"self":[{"href":"https:\/\/univet.hu\/en\/wp-json\/wp\/v2\/pages\/3311","targetHints":{"allow":["GET"]}}],"collection":[{"href":"https:\/\/univet.hu\/en\/wp-json\/wp\/v2\/pages"}],"about":[{"href":"https:\/\/univet.hu\/en\/wp-json\/wp\/v2\/types\/page"}],"author":[{"embeddable":true,"href":"https:\/\/univet.hu\/en\/wp-json\/wp\/v2\/users\/3837"}],"replies":[{"embeddable":true,"href":"https:\/\/univet.hu\/en\/wp-json\/wp\/v2\/comments?post=3311"}],"version-history":[{"count":2,"href":"https:\/\/univet.hu\/en\/wp-json\/wp\/v2\/pages\/3311\/revisions"}],"predecessor-version":[{"id":199158,"href":"https:\/\/univet.hu\/en\/wp-json\/wp\/v2\/pages\/3311\/revisions\/199158"}],"up":[{"embeddable":true,"href":"https:\/\/univet.hu\/en\/wp-json\/wp\/v2\/pages\/860"}],"wp:attachment":[{"href":"https:\/\/univet.hu\/en\/wp-json\/wp\/v2\/media?parent=3311"}],"wp:term":[{"taxonomy":"category","embeddable":true,"href":"https:\/\/univet.hu\/en\/wp-json\/wp\/v2\/categories?post=3311"},{"taxonomy":"post_tag","embeddable":true,"href":"https:\/\/univet.hu\/en\/wp-json\/wp\/v2\/tags?post=3311"}],"curies":[{"name":"wp","href":"https:\/\/api.w.org\/{rel}","templated":true}]}}