{"id":3359,"date":"2017-09-22T14:28:00","date_gmt":"2017-09-22T12:28:00","guid":{"rendered":"http:\/\/univet.hu\/about\/units\/department-of-laboratory-animal-science\/"},"modified":"2026-02-10T03:46:52","modified_gmt":"2026-02-10T02:46:52","slug":"department-of-laboratory-animal-science","status":"publish","type":"page","link":"https:\/\/univet.hu\/en\/about\/units\/department-animal-breeding-nutrition-and-laboratory-animal-science\/department-of-laboratory-animal-science\/","title":{"rendered":"Department of Laboratory Animal Science and Animal Welfare"},"content":{"rendered":"<h2>History of the Unit<\/h2> <div> <p><img loading=\"lazy\" decoding=\"async\" class=\"alignleft\" src=\"https:\/\/univet.hu\/wp-content\/uploads\/2019\/06\/web_Dr.-Fekete-S%C3%A1ndor-Gy%C3%B6rgy.jpg\" width=\"172\" height=\"258\" \/>ANTECEDENTS. In 1987 <strong>S\u00e1ndor Gy\u00f6rgy Fekete,<\/strong> with the support of vice-rector Prof. Dr. Ferenc Vet\u00e9si, PhD, developed the CV and started an elective course &#8216;Experimental design&#8217; with 15 hours in a the semester 6. Topics included not only the experimental design but also bioethics and &#8216;how to write&#8217; scientific publications. Subject finished with an written exam. In 1991 the enlarged version of the subject (Laboratory Animal Science and Experimental Design) became obligatory for the PhD-students of the University of Veterinary Science Budapest in 30 hours. The oral exam comprised an analysis of a previously distributed scientific publication, too. In 1996, a commonly 80-hour course has been organised together and under the control of the Department of Laboratory Animal Science of Utrecht University (Prof. van Zutphen, Harry Blom and Eva Baumann themselves delivered lectures). A series of teaching materials (slides, videos, textbooks etc.) has been grante<\/p> <p>d by the Dutch partner.<\/p> <p>In Brussels (autumn of 1997) Prof. Fekete presented at an ICLAS\/FELASA workshop the curriculum of the above subject, which has been generally accepted. From this time on, the Institute of Animal Breeding, Nutrition and Laboratory Animal Science, with the whole responsibility of Prof. S\u00e1ndor Gy\u00f6rgy Fekete, 80-hour-long courses are being organised in Hungarian and English languages, 1 or 2 in a year, for 20 to 40 persons. In 1998 and 2000 the English language course accepted participants from other countries, e.g. Slovakia, Romania, Serbia, Bosnia and Croatia. The curriculum of these courses has also been controlled by the Utrecht University and it corresponds to the FELASA guidelines.<\/p> <p>In 2004 Hungary became a full member of the European Union, and in this way adaptation of 86\/609\/EEC (currently 2010\/63\/EU, about the protection of animals used for scientific purposes) directive became mandatory. The minimum 80-hour-long course is obligatory for the vet PhD-students, it is open and free of costs for PhD-students of other biology-related Hungarian universities and it isavailable, but with fees for other specialists of the field. The curriculum has been made according to the FELASA recommendation (2003).<\/p> <p>The name of the subject, emphesizing the importance of animal welfare and care, in 2007 has been changed to Laboratory Animal Science and Animal Protection, but it continues to fullfil the requirements of the FELASA C-equivalent curriculum. The exam consists of four parts, namely a multiple choice test, writing and openly defendse an experimental design, peer review of a scientific paper from the point of view of laboratory animal science and experimental design and writing an ethical assay. The Faculty of Veterinary Science issues a Hungarian-English speaking FELASA C-equivalent certificate, signed by the vice dean and Professor Sandor Gyorgy Fekete, responsible for the suject on whole.<\/p> <p>In 2005 the Interdivisional Scientific Committee for Animal Experimentation of the Hungarian Academy of Sciences accepted the above certificate as necessary and sufficient document for all scientists in Hungary, dealing with animal trials. Internationally, there is a possibility for a mutual recognition of certificates on a bilateral aggreement basis.<\/p> <p>Teachers from the Department: Prof. Dr. S\u00e1ndor Fekete, Doctor of the Hungarian Academy of Sciences, Prof. Dr. J\u00f3zsef Szab\u00f3, Doctor of the Hungarian Academy of Sciences, Prof. Dr. L\u00e1szl\u00f3 Z\u00d6LD\u00c1G, Doctor of the Hungarian Academy of Sciences, &#x271d;Dr. Istv\u00e1n Cs\u00e1ky, PhD, Habil. Prof. Dr. Istv\u00e1n Hull\u00e1r, CSc, Dr. Andr\u00e1s Bers\u00e9nyi, PhD., Habil. Prof. Dr. \u00c9va Cenkv\u00e1ri, CSc., Habil.. Prof. Dr. Andr\u00e1s G\u00e1sp\u00e1rdy, PhD.<\/p> <p>Regularly invited teachers (in the order of thematics): Prof. Dr. Andr\u00e1s Falus, Full Member of the Hungarian Academy of Sciences, Prof. Dr. P\u00e9ter S\u00f3tonyi, Csc, Prof. Dr. J\u00e1nos Fodor, Doctor of the Hungarian Academy of Sciences, &#x271d;Prof. Dr. P\u00e9ter Rudas, Doct<\/p> <\/div>","protected":false},"excerpt":{"rendered":"<p>History of the Unit ANTECEDENTS. In 1987 S\u00e1ndor Gy\u00f6rgy Fekete, with the support of vice-rector Prof. Dr. Ferenc Vet\u00e9si, PhD, developed the CV and started an elective course &#8216;Experimental design&#8217; with 15 hours in a the semester 6. Topics included not only the experimental design but also bioethics and &#8216;how to write&#8217; scientific publications. Subject<\/p>\n","protected":false},"author":3837,"featured_media":0,"parent":3299,"menu_order":172,"comment_status":"closed","ping_status":"closed","template":"","meta":{"_acf_changed":false,"footnotes":""},"categories":[57],"tags":[],"class_list":["post-3359","page","type-page","status-publish","hentry","category-departments"],"acf":[],"_links":{"self":[{"href":"https:\/\/univet.hu\/en\/wp-json\/wp\/v2\/pages\/3359","targetHints":{"allow":["GET"]}}],"collection":[{"href":"https:\/\/univet.hu\/en\/wp-json\/wp\/v2\/pages"}],"about":[{"href":"https:\/\/univet.hu\/en\/wp-json\/wp\/v2\/types\/page"}],"author":[{"embeddable":true,"href":"https:\/\/univet.hu\/en\/wp-json\/wp\/v2\/users\/3837"}],"replies":[{"embeddable":true,"href":"https:\/\/univet.hu\/en\/wp-json\/wp\/v2\/comments?post=3359"}],"version-history":[{"count":2,"href":"https:\/\/univet.hu\/en\/wp-json\/wp\/v2\/pages\/3359\/revisions"}],"predecessor-version":[{"id":199169,"href":"https:\/\/univet.hu\/en\/wp-json\/wp\/v2\/pages\/3359\/revisions\/199169"}],"up":[{"embeddable":true,"href":"https:\/\/univet.hu\/en\/wp-json\/wp\/v2\/pages\/3299"}],"wp:attachment":[{"href":"https:\/\/univet.hu\/en\/wp-json\/wp\/v2\/media?parent=3359"}],"wp:term":[{"taxonomy":"category","embeddable":true,"href":"https:\/\/univet.hu\/en\/wp-json\/wp\/v2\/categories?post=3359"},{"taxonomy":"post_tag","embeddable":true,"href":"https:\/\/univet.hu\/en\/wp-json\/wp\/v2\/tags?post=3359"}],"curies":[{"name":"wp","href":"https:\/\/api.w.org\/{rel}","templated":true}]}}