{"id":3376,"date":"2018-04-05T15:31:00","date_gmt":"2018-04-05T13:31:00","guid":{"rendered":"http:\/\/univet.hu\/about\/units\/department-of-pathology\/"},"modified":"2026-03-19T12:11:13","modified_gmt":"2026-03-19T11:11:13","slug":"department-of-pathology","status":"publish","type":"page","link":"https:\/\/univet.hu\/en\/about\/units\/department-of-pathology\/","title":{"rendered":"Department of Pathology"},"content":{"rendered":"<h2>History of the Department<\/h2> <div> <p>In 1787, at the time of the foundation of the Veterinary Medical Faculty of the Budapest University by S\u00e1ndor Tolnay (1748-1818), pathology was not an independent subject, though the students performed post mortem examinations in the presence of the teachers already in the beginning. Among the outstanding personalities working at the department, the first professor teaching pathology as an independent subject was M\u00e1rton Galambos (1820-1872) a physician and veterinarian of comprehensive knowledge, who besides teaching several subjects, prepared lecture notes also on pathology. His main field of interest was the pathology of rinderpest, an infection of great significance at that time. Following the fall of the Revolution and War of Independence of Hungary in 1848, the government banned him from teaching for a while, and pathology was temporarily taught by Ferenc Kudlik. In 1874 K\u00e1lm\u00e1n Czak\u00f3 (1843-1895) became the Head of the Department of Pathology. He studied at the Budapest and Kolozsv\u00e1r Universities, then for two years worked abroad to broaden his knowledge. Afterwards he taught pathology on the basis of modern, scientific methods. Istv\u00e1n R\u00e1tz (1860-1917) also a physician and a veterinarian by education, became the Leader of the Department of Pathology in 1889. He learned from outstanding Hungarian scientists and went abroad for a study tour to Vienna and Berlin, where he worked in the group of Virchow. Returning home he refreshed the teaching and research activities, which reached a very high standard under his leadership, making him a recognized expert on the field of pathology both in Hungary and abroad. In 1913 he became a member of the Hungarian Academy of Sciences. After his death K\u00e1roly J\u00e1rmai (1887-1941) continued to develop the education and research, and became a well known scientist especially due to his research on leukosis. He wrote a textbook both on general and systematic pathology. Gyula S\u00e1lyi, veterinarian (1903-1970) took over the leadership of the Department of Pathology in 1941. His scientific achievement placed him amongst the best of those who developed veterinary pathology in Hungary. He had managed to achieve especially great success with his two high standard textbooks, and became a member of the Hungarian Academy of Sciences in 1962. In 1965 Andor Kardev\u00e1n (1925) was nominated as Head of the Department of Pathology. He dedicated himself to teaching and introduction of new methods in pathology. His two excellent books are the basis for teaching veterinary pathology even nowdays.<br \/> Till 2001 Vet\u00e9si, Ferenc was the head of the Department. He passed away in 2021 after working as Professor Emeritus at the University. He was followed by Mikl\u00f3s Rusvai, who was also Head of the Doctoral School, and Ferenc Baska. Currently the Head of the Department is M\u00edra M\u00e1ndoki since 2017.<\/p> <\/div>","protected":false},"excerpt":{"rendered":"<p>History of the Department In 1787, at the time of the foundation of the Veterinary Medical Faculty of the Budapest University by S\u00e1ndor Tolnay (1748-1818), pathology was not an independent subject, though the students performed post mortem examinations in the presence of the teachers already in the beginning. Among the outstanding personalities working at the<\/p>\n","protected":false},"author":3837,"featured_media":0,"parent":860,"menu_order":172,"comment_status":"closed","ping_status":"closed","template":"","meta":{"_acf_changed":false,"footnotes":""},"categories":[57],"tags":[],"class_list":["post-3376","page","type-page","status-publish","hentry","category-departments"],"acf":[],"_links":{"self":[{"href":"https:\/\/univet.hu\/en\/wp-json\/wp\/v2\/pages\/3376","targetHints":{"allow":["GET"]}}],"collection":[{"href":"https:\/\/univet.hu\/en\/wp-json\/wp\/v2\/pages"}],"about":[{"href":"https:\/\/univet.hu\/en\/wp-json\/wp\/v2\/types\/page"}],"author":[{"embeddable":true,"href":"https:\/\/univet.hu\/en\/wp-json\/wp\/v2\/users\/3837"}],"replies":[{"embeddable":true,"href":"https:\/\/univet.hu\/en\/wp-json\/wp\/v2\/comments?post=3376"}],"version-history":[{"count":2,"href":"https:\/\/univet.hu\/en\/wp-json\/wp\/v2\/pages\/3376\/revisions"}],"predecessor-version":[{"id":199127,"href":"https:\/\/univet.hu\/en\/wp-json\/wp\/v2\/pages\/3376\/revisions\/199127"}],"up":[{"embeddable":true,"href":"https:\/\/univet.hu\/en\/wp-json\/wp\/v2\/pages\/860"}],"wp:attachment":[{"href":"https:\/\/univet.hu\/en\/wp-json\/wp\/v2\/media?parent=3376"}],"wp:term":[{"taxonomy":"category","embeddable":true,"href":"https:\/\/univet.hu\/en\/wp-json\/wp\/v2\/categories?post=3376"},{"taxonomy":"post_tag","embeddable":true,"href":"https:\/\/univet.hu\/en\/wp-json\/wp\/v2\/tags?post=3376"}],"curies":[{"name":"wp","href":"https:\/\/api.w.org\/{rel}","templated":true}]}}