{"id":3391,"date":"2017-09-21T19:06:00","date_gmt":"2017-09-21T17:06:00","guid":{"rendered":"http:\/\/univet.hu\/about\/units\/students-secretariat-secretariat-for-postgrapostgraduate-training\/"},"modified":"2026-02-10T03:46:54","modified_gmt":"2026-02-10T02:46:54","slug":"students-secretariat-secretariat-for-postgrapostgraduate-training","status":"publish","type":"page","link":"https:\/\/univet.hu\/en\/about\/units\/department-of-academic-affairs\/students-secretariat-secretariat-for-postgrapostgraduate-training\/","title":{"rendered":"Students&#8217; Secretariat &#8211; Secretariat for Postgraduate Training"},"content":{"rendered":"<h2>Introduction<\/h2> <div> <p><strong>Dear Reader!<\/strong><\/p> <p>The prerequisite of a successful professional career is obtaining a university degree. Getting a diploma after several years of study is only the first, but most important step of your career. The fact is that in today&#8217;s fast-paced world the knowledge acquired needs to be regularly updated, maintained and expanded in order to be truly successful in the profession.<\/p> <p>Our University\u00a0offers a wide range of postgraduate training opportunities to its employees.<\/p> <p>We organize s<a href=\"http:\/\/www.univet.hu\/hu\/hallgato\/tovabbkepzes\/kistanfolyamok-2016\" data-replaced=\"true\">hort (usually one day) professional trainings<\/a> about current and often special segments of a discipline, as well as their practical aspects.<\/p> <p><a href=\"https:\/\/univet.hu\/hu\/oktatas\/tovabbkepzes\/folyamatbanlevo-tervezett-szakiranyu-tovabbkepzeseink\/?DEBUG2&amp;sql=SELECT post_id FROM uv_postmeta WHERE meta_key = 'source_url' AND (meta_value LIKE 'http:\/\/www.univet.hu\/hu\/hallgato\/tovabbkepzes\/2016-2017-ben-tervezett-szakiranyu-tovabbkepzeseink%' OR meta_value LIKE '%\/hu%\/2016-2017-ben-tervezett-szakiranyu-tovabbkepzeseink%' OR meta_value LIKE '%\/http:\/\/www.univet.hu\/hu\/hallgato\/tovabbkepzes\/2016-2017-ben-tervezett-szakiranyu-tovabbkepzeseink' ) ORDER BY post_id LIMIT 1;\" data-replaced=\"true\">We also have vocational trainings lasting two-three-four semesters \u2013 according to specialization requirements<\/a> \u2013 which are constantly updated and adapted to latest, everyday practices.<\/p> <p>Training courses are primarily intended for veterinarian colleagues, but most of the courses also welcome anyone interested, wanting to expand their existing knowledge.<\/p> <p>The core of the teaching staff comes from University\u00a0teachers, combined with recognized local and foreign experts with practical experience in the scientific field in question.<\/p> <p>&nbsp;<\/p> <p>Dr. \u00d3zsv\u00e1ri L\u00e1szl\u00f3 \u00a0 \u00a0 \u00a0 \u00a0 \u00a0 \u00a0 \u00a0 \u00a0 \u00a0 \u00a0 \u00a0 \u00a0 \u00a0 \u00a0 \u00a0 \u00a0 \u00a0 \u00a0 \u00a0 \u00a0 \u00a0 \u00a0 \u00a0 \u00a0 \u00a0 \u00a0 \u00a0 \u00a0 \u00a0 \u00a0 \u00a0 \u00a0 \u00a0 \u00a0 \u00a0 \u00a0 \u00a0 \u00a0 \u00a0 \u00a0 \u00a0 \u00a0 \u00a0 \u00a0 \u00a0 \u00a0 \u00a0 \u00a0 \u00a0Dr. Gyurcs\u00f3 Adrienn<\/p> <p>Vice rector for study affairs\u00a0 \u00a0 \u00a0 \u00a0 \u00a0 \u00a0 \u00a0 \u00a0 \u00a0 \u00a0 \u00a0 \u00a0 \u00a0 \u00a0 \u00a0 \u00a0 \u00a0 \u00a0 \u00a0 \u00a0 \u00a0 \u00a0 \u00a0 \u00a0 \u00a0 \u00a0 \u00a0 \u00a0 \u00a0 \u00a0 \u00a0 \u00a0 \u00a0 \u00a0Director of Postgraduate Education<\/p> <\/div>","protected":false},"excerpt":{"rendered":"<p>Introduction Dear Reader! The prerequisite of a successful professional career is obtaining a university degree. Getting a diploma after several years of study is only the first, but most important step of your career. The fact is that in today&#8217;s fast-paced world the knowledge acquired needs to be regularly updated, maintained and expanded in order<\/p>\n","protected":false},"author":3837,"featured_media":0,"parent":3470,"menu_order":172,"comment_status":"closed","ping_status":"closed","template":"","meta":{"_acf_changed":false,"footnotes":""},"categories":[57],"tags":[],"class_list":["post-3391","page","type-page","status-publish","hentry","category-departments"],"acf":[],"_links":{"self":[{"href":"https:\/\/univet.hu\/en\/wp-json\/wp\/v2\/pages\/3391","targetHints":{"allow":["GET"]}}],"collection":[{"href":"https:\/\/univet.hu\/en\/wp-json\/wp\/v2\/pages"}],"about":[{"href":"https:\/\/univet.hu\/en\/wp-json\/wp\/v2\/types\/page"}],"author":[{"embeddable":true,"href":"https:\/\/univet.hu\/en\/wp-json\/wp\/v2\/users\/3837"}],"replies":[{"embeddable":true,"href":"https:\/\/univet.hu\/en\/wp-json\/wp\/v2\/comments?post=3391"}],"version-history":[{"count":2,"href":"https:\/\/univet.hu\/en\/wp-json\/wp\/v2\/pages\/3391\/revisions"}],"predecessor-version":[{"id":199173,"href":"https:\/\/univet.hu\/en\/wp-json\/wp\/v2\/pages\/3391\/revisions\/199173"}],"up":[{"embeddable":true,"href":"https:\/\/univet.hu\/en\/wp-json\/wp\/v2\/pages\/3470"}],"wp:attachment":[{"href":"https:\/\/univet.hu\/en\/wp-json\/wp\/v2\/media?parent=3391"}],"wp:term":[{"taxonomy":"category","embeddable":true,"href":"https:\/\/univet.hu\/en\/wp-json\/wp\/v2\/categories?post=3391"},{"taxonomy":"post_tag","embeddable":true,"href":"https:\/\/univet.hu\/en\/wp-json\/wp\/v2\/tags?post=3391"}],"curies":[{"name":"wp","href":"https:\/\/api.w.org\/{rel}","templated":true}]}}