{"id":3509,"date":"2017-04-12T09:24:00","date_gmt":"2017-04-12T07:24:00","guid":{"rendered":"http:\/\/univet.hu\/about\/staff\/alekszi-kaszas-anna\/"},"modified":"2026-02-10T04:30:48","modified_gmt":"2026-02-10T03:30:48","slug":"alekszi-kaszas-anna","status":"publish","type":"page","link":"https:\/\/univet.hu\/en\/about\/staff\/alekszi-kaszas-anna\/","title":{"rendered":"Alekszi-Kasz\u00e1s Anna"},"content":{"rendered":"<p>&nbsp;<\/p> <h2>Introduction<\/h2> <div> <p>I graduated from the Faculty of Chemical Engineering and Bioengineering of the Budapest University of Technology and Economics (BSc, MSc). MSc Diploma in Pharmaceutical Chemistry and Engineering 2014.<\/p> <p>Title of my thesis (MSc): Study on the preparation of \u03b1-aminophosphonates by nucleophilic substitution<\/p> <p>Title of my thesis (BSc): Synthesis of \u03b1-aminophosphonates by an unexpectedly easy substitution reaction<\/p> <p>My studies were carried out as a state scholarship doctoral student at the Doctoral School of Environmental Sciences of the Hungarian University of Agricultural and Life Sciences, and my doctoral research was carried out at the Department of Chemistry of the University of Veterinary Medicine under the supervision of Dr. P\u00e9ter Nemes. I received my PhD degree summa cum laude in 2024.<\/p> <p>My thesis was entitled: Environmentally friendly synthesis of new N-containing heterocyclic scaffolds and their derivatives.<\/p> <p>I have been working in my current position at the University of Veterinary Medicine since 2014.<\/p> <p>Further qualification:MSZ EN ISO 9001:2015 Internal auditor<\/p> <h2>Publications<\/h2> <p>1. Alekszi\u2010Kasz\u00e1s, Anna\u00a0;\u00a0K\u00e4fer\u2010Beke, Kl\u00e1ra\u00a0;\u00a0Varga, Tam\u00e1s R.\u00a0;\u00a0B\u00e9nyei, Attila\u00a0;\u00a0Kov\u00e1cs, Tibor\u00a0;\u00a0M\u00e1ndi, Attila\u00a0;Kurt\u00e1n, Tibor;\u00a0Simon, Andr\u00e1s\u00a0; Nemes, P\u00e9ter<\/p> <p>Regio\u2010 and Stereoselective Synthesis of Benzoquinolizidines CHEMISTRYSELECT\u00a07\u00a0:\u00a09\u00a0Paper: e20210428 , 6 p.\u00a0(2022),<\/p> <p>DOI: https:\/\/doi.org\/10.1002\/slct.202104286<\/p> <p>&nbsp;<\/p> <p>2. Nagy, Daniel\u00a0;\u00a0Pilipecz, Mihaly V.\u00a0;\u00a0Kiss, Laszlo A.\u00a0;\u00a0Alekszi-Kaszas, Anna\u00a0;\u00a0Simon, Andras\u00a0;\u00a0Schlosser, Gitta Z.\u00a0;\u00a0Nemes, Peter\u00a0; Varga, Tamas<\/p> <p>Synthesis of 2-aryl-1,2,4-triazol-3-one derivatives from beta-nitroenamines SYNTHETIC COMMUNICATIONS\u00a051\u00a0:\u00a013\u00a0pp. 1956-1962. , 7 p.\u00a0(2021)<\/p> <p>DOI: https:\/\/doi.org\/10.1080\/00397911.2021.1913504<\/p> <p>&nbsp;<\/p> <p>3. Alekszi-Kasz\u00e1s, Anna\u00a0; Nemes, P\u00e9ter\u00a0;\u00a0T\u00f3th, G\u00e1bor\u00a0;\u00a0Hal\u00e1sz, Judit\u00a0;\u00a0Scheiber, P\u00e1l<\/p> <p>Mannich condensations of activated cyclic enamines<\/p> <p>SYNTHETIC COMMUNICATIONS\u00a048\u00a0:\u00a016\u00a0pp. 2099-2111. , 13 p.\u00a0(2018)<\/p> <p>DOI: https:\/\/doi.org\/10.1080\/00397911.2018.1484488<\/p> <p>&nbsp;<\/p> <p>4. Nagy, D\u00e1niel\u00a0;\u00a0Alekszi-Kasz\u00e1s, Anna\u00a0;\u00a0Kiss, L\u00e1szl\u00f3\u00a0;\u00a0Pilipecz, Mih\u00e1ly\u00a0;\u00a0Varga, Tam\u00e1s<\/p> <p>1,2,4-triazol-3-onok szint\u00e9zise \u03b2-nitro-enaminb\u00f3l In: S\u00f3tonyi, P.; G\u00e1lfi, P.; V\u00f6r\u00f6s, K.; Magyar, T. (szerk.)<\/p> <p>Akad\u00e9miai besz\u00e1mol\u00f3k (2019)\u00a0Paper: &amp;Konferenciak\u00f6zlem\u00e9ny<\/p> <p>&nbsp;<\/p> <p>5. Alekszi-Kasz\u00e1s, Anna\u00a0;\u00a0Beke, Kl\u00e1ra\u00a0;\u00a0Nemes, P\u00e9ter<\/p> <p>Benzokinolizinek enantioszelekt\u00edv szint\u00e9zise In: S\u00f3tonyi, P.; G\u00e1lfi, P.; V\u00f6r\u00f6s, K.; Magyar, T. (szerk.)<\/p> <p>Akad\u00e9miai besz\u00e1mol\u00f3k Budapest, Magyarorsz\u00e1g:\u00a0\u00c1llatorvostudom\u00e1nyi Egyetem\u00a0(2019)\u00a0p. 10 , 1 p.<\/p> <p>ISBN: 978-963-7149-29-0<\/p> <p>&nbsp;<\/p> <p>6. Keglevich, G\u00a0;\u00a0Kiss, N Zs\u00a0;\u00a0B\u00e1lint, E\u00a0;\u00a0Kov\u00e1cs, R\u00a0;\u00a0Jablonkai, E\u00a0;\u00a0Fazekas, E\u00a0;\u00a0T\u00f3th, J\u00a0;\u00a0Kasz\u00e1s, A\u00a0;\u00a0Blastik, Z\u00a0;\u00a0Gr\u00fcn,<\/p> <p>A Synthesis of Organophosphorus Compounds under Microwave Conditions<\/p> <p>In:5th European Conference of the International Federation for Medical and Biological Engineering : PTS 1 AND 2 Berlin, N\u00e9metorsz\u00e1g,\u00a0Heidelber<\/p> <p>Springer Netherlands\u00a0(2012)\u00a01,446 p.\u00a0pp. 1350-1353. , 4 p.<\/p> <p>&nbsp;<\/p> <p>7. Kiss, NZ\u00a0;\u00a0Kaszas, A\u00a0;\u00a0Drahos, L\u00a0;\u00a0Mucsi, Z\u00a0;\u00a0Keglevich, Gy<\/p> <p>A neighbouring group effect leading to enhanced nucleophilic substitution of amines at the hindered \u03b1-carbon atom of an \u03b1-hydroxyphosphonate<\/p> <p>In: TETRAHEDRON LETTERS\u00a053\u00a0:\u00a02\u00a0pp. 207-209. , 3 p.\u00a0(2012)<\/p> <p>DOI: https:\/\/doi.org\/10.1016\/j.tetlet.2011.11.026<\/p> <\/div> <p>Opening hour: Monday: 10.00-11.00<\/p>","protected":false},"excerpt":{"rendered":"<p>&nbsp; Introduction I graduated from the Faculty of Chemical Engineering and Bioengineering of the Budapest University of Technology and Economics (BSc, MSc). MSc Diploma in Pharmaceutical Chemistry and Engineering 2014. Title of my thesis (MSc): Study on the preparation of \u03b1-aminophosphonates by nucleophilic substitution Title of my thesis (BSc): Synthesis of \u03b1-aminophosphonates by an unexpectedly<\/p>\n","protected":false},"author":5824,"featured_media":0,"parent":857,"menu_order":211,"comment_status":"closed","ping_status":"closed","template":"","meta":{"_acf_changed":false,"footnotes":""},"categories":[19],"tags":[],"class_list":["post-3509","page","type-page","status-publish","hentry","category-staff"],"acf":[],"_links":{"self":[{"href":"https:\/\/univet.hu\/en\/wp-json\/wp\/v2\/pages\/3509","targetHints":{"allow":["GET"]}}],"collection":[{"href":"https:\/\/univet.hu\/en\/wp-json\/wp\/v2\/pages"}],"about":[{"href":"https:\/\/univet.hu\/en\/wp-json\/wp\/v2\/types\/page"}],"author":[{"embeddable":true,"href":"https:\/\/univet.hu\/en\/wp-json\/wp\/v2\/users\/5824"}],"replies":[{"embeddable":true,"href":"https:\/\/univet.hu\/en\/wp-json\/wp\/v2\/comments?post=3509"}],"version-history":[{"count":6,"href":"https:\/\/univet.hu\/en\/wp-json\/wp\/v2\/pages\/3509\/revisions"}],"predecessor-version":[{"id":177570,"href":"https:\/\/univet.hu\/en\/wp-json\/wp\/v2\/pages\/3509\/revisions\/177570"}],"up":[{"embeddable":true,"href":"https:\/\/univet.hu\/en\/wp-json\/wp\/v2\/pages\/857"}],"wp:attachment":[{"href":"https:\/\/univet.hu\/en\/wp-json\/wp\/v2\/media?parent=3509"}],"wp:term":[{"taxonomy":"category","embeddable":true,"href":"https:\/\/univet.hu\/en\/wp-json\/wp\/v2\/categories?post=3509"},{"taxonomy":"post_tag","embeddable":true,"href":"https:\/\/univet.hu\/en\/wp-json\/wp\/v2\/tags?post=3509"}],"curies":[{"name":"wp","href":"https:\/\/api.w.org\/{rel}","templated":true}]}}