{"id":3554,"date":"2017-09-28T11:03:00","date_gmt":"2017-09-28T09:03:00","guid":{"rendered":"http:\/\/univet.hu\/about\/staff\/balajtine-almasi-monika\/"},"modified":"2026-02-10T04:32:49","modified_gmt":"2026-02-10T03:32:49","slug":"balajtine-almasi-monika","status":"publish","type":"page","link":"https:\/\/univet.hu\/en\/about\/staff\/balajtine-almasi-monika\/","title":{"rendered":"Balajtin\u00e9 Alm\u00e1si M\u00f3nika"},"content":{"rendered":"<p>Introduction Management of purchases requiring the conclusion of a contract, international travel organization<\/p>","protected":false},"excerpt":{"rendered":"<p>Introduction Management of purchases requiring the conclusion of a contract, international travel organization<\/p>\n","protected":false},"author":5824,"featured_media":0,"parent":857,"menu_order":212,"comment_status":"closed","ping_status":"closed","template":"","meta":{"_acf_changed":false,"footnotes":""},"categories":[19],"tags":[],"class_list":["post-3554","page","type-page","status-publish","hentry","category-staff"],"acf":[],"_links":{"self":[{"href":"https:\/\/univet.hu\/en\/wp-json\/wp\/v2\/pages\/3554","targetHints":{"allow":["GET"]}}],"collection":[{"href":"https:\/\/univet.hu\/en\/wp-json\/wp\/v2\/pages"}],"about":[{"href":"https:\/\/univet.hu\/en\/wp-json\/wp\/v2\/types\/page"}],"author":[{"embeddable":true,"href":"https:\/\/univet.hu\/en\/wp-json\/wp\/v2\/users\/5824"}],"replies":[{"embeddable":true,"href":"https:\/\/univet.hu\/en\/wp-json\/wp\/v2\/comments?post=3554"}],"version-history":[{"count":1,"href":"https:\/\/univet.hu\/en\/wp-json\/wp\/v2\/pages\/3554\/revisions"}],"predecessor-version":[{"id":200265,"href":"https:\/\/univet.hu\/en\/wp-json\/wp\/v2\/pages\/3554\/revisions\/200265"}],"up":[{"embeddable":true,"href":"https:\/\/univet.hu\/en\/wp-json\/wp\/v2\/pages\/857"}],"wp:attachment":[{"href":"https:\/\/univet.hu\/en\/wp-json\/wp\/v2\/media?parent=3554"}],"wp:term":[{"taxonomy":"category","embeddable":true,"href":"https:\/\/univet.hu\/en\/wp-json\/wp\/v2\/categories?post=3554"},{"taxonomy":"post_tag","embeddable":true,"href":"https:\/\/univet.hu\/en\/wp-json\/wp\/v2\/tags?post=3554"}],"curies":[{"name":"wp","href":"https:\/\/api.w.org\/{rel}","templated":true}]}}