{"id":36153,"date":"2019-03-07T14:18:35","date_gmt":"2019-03-07T13:18:35","guid":{"rendered":"https:\/\/univet.hu\/?page_id=36153"},"modified":"2026-02-12T10:09:12","modified_gmt":"2026-02-12T09:09:12","slug":"botany-lectures","status":"publish","type":"page","link":"https:\/\/univet.hu\/en\/education\/courses\/botany-lectures\/","title":{"rendered":"Botany"},"content":{"rendered":"<p><strong>Responsible teacher (email):<\/strong> Dr. P\u00e9li Evelin Ram\u00f3na (<a class=\"decrypt\" rel=\"Qfmj\/Fwfmjo\/SbnpobAvojwfu\/iv\" href=\"javascript:void(0);\">[Click to see email]<\/a>)<br \/> <strong>Teacher(s) take part in teaching:<\/strong> Dr. H\u00e1zi Judit (<a class=\"decrypt\" rel=\"Ib{j\/KvejuAvojwfu\/iv\" href=\"javascript:void(0);\">[Click to see email]<\/a>), Dr. Engel Rita (<a class=\"decrypt\" rel=\"Fohfm\/SjubAvojwfu\/iv\" href=\"javascript:void(0);\">[Click to see email]<\/a>), Dr. Kutszegi Gergely (<a class=\"decrypt\" rel=\"Lvut{fhj\/Hfshfmz\/Kp{tfgAvojwfu\/iv\" href=\"javascript:void(0);\">[Click to see email]<\/a>)<\/p> <h4>Aim of the subject:<\/h4> <p>The aim of the subject is to introduce the Plant kingdom from a veterinarian point of view. During this, students can learn about the most important crop and poisonous plant species, their general morphology, cytology and histology, as well as their metabolic processes resulting nutrients and secondary metabolites for animals. The fundamental role of plant primary metabolic processes in the biosphere is discussed and compared to bacterial, fungal, and animal metabolism. Paying extra attention to the health hazards caused by micro or macrofungi, or agricultural chemicals, the importance of food chain safety in veterinary medicine is highlighted. The subject deals with grassland habitats also, as they are the main providers of animal forage.<\/p> <h4>Mandatory literature:<\/h4> <ul> <li>Lecture notes and slides<\/li> <\/ul> <p><span style=\"color: #0000ff;font-size: 14pt\"><em><strong>Partian exemption is only possible if former studies match at least with 50% of the course.<\/strong><\/em><\/span><\/p> <p><em><strong><span style=\"color: #0000ff\">Update: 2026.01.30.<\/span><\/strong><\/em><\/p>","protected":false},"excerpt":{"rendered":"<p>Responsible teacher (email): Dr. P\u00e9li Evelin Ram\u00f3na ([Click to see email]) Teacher(s) take part in teaching: Dr. H\u00e1zi Judit ([Click to see email]), Dr. Engel Rita ([Click to see email]), Dr. Kutszegi Gergely ([Click to see email]) Aim of the subject: The aim of the subject is to introduce the Plant kingdom from a veterinarian<\/p>\n","protected":false},"author":3837,"featured_media":0,"parent":676,"menu_order":165,"comment_status":"closed","ping_status":"closed","template":"","meta":{"_acf_changed":false,"footnotes":""},"categories":[],"tags":[],"class_list":["post-36153","page","type-page","status-publish","hentry"],"acf":[],"_links":{"self":[{"href":"https:\/\/univet.hu\/en\/wp-json\/wp\/v2\/pages\/36153","targetHints":{"allow":["GET"]}}],"collection":[{"href":"https:\/\/univet.hu\/en\/wp-json\/wp\/v2\/pages"}],"about":[{"href":"https:\/\/univet.hu\/en\/wp-json\/wp\/v2\/types\/page"}],"author":[{"embeddable":true,"href":"https:\/\/univet.hu\/en\/wp-json\/wp\/v2\/users\/3837"}],"replies":[{"embeddable":true,"href":"https:\/\/univet.hu\/en\/wp-json\/wp\/v2\/comments?post=36153"}],"version-history":[{"count":5,"href":"https:\/\/univet.hu\/en\/wp-json\/wp\/v2\/pages\/36153\/revisions"}],"predecessor-version":[{"id":201069,"href":"https:\/\/univet.hu\/en\/wp-json\/wp\/v2\/pages\/36153\/revisions\/201069"}],"up":[{"embeddable":true,"href":"https:\/\/univet.hu\/en\/wp-json\/wp\/v2\/pages\/676"}],"wp:attachment":[{"href":"https:\/\/univet.hu\/en\/wp-json\/wp\/v2\/media?parent=36153"}],"wp:term":[{"taxonomy":"category","embeddable":true,"href":"https:\/\/univet.hu\/en\/wp-json\/wp\/v2\/categories?post=36153"},{"taxonomy":"post_tag","embeddable":true,"href":"https:\/\/univet.hu\/en\/wp-json\/wp\/v2\/tags?post=36153"}],"curies":[{"name":"wp","href":"https:\/\/api.w.org\/{rel}","templated":true}]}}